{"id":18623,"date":"2023-11-23T16:11:43","date_gmt":"2023-11-23T13:11:43","guid":{"rendered":"https:\/\/abbm.atauni.edu.tr\/?page_id=18623"},"modified":"2023-12-12T11:53:42","modified_gmt":"2023-12-12T08:53:42","slug":"sergiler","status":"publish","type":"page","link":"https:\/\/abbm.atauni.edu.tr\/en\/sergiler\/","title":{"rendered":"Exhibitions"},"content":{"rendered":"<div data-elementor-type=\"wp-page\" data-elementor-id=\"18623\" class=\"elementor elementor-18623\">\n\t\t\t\t\t\t<section class=\"elementor-section elementor-top-section elementor-element elementor-element-9cdd1b9 elementor-section-full_width elementor-section-stretched elementor-section-height-min-height elementor-section-items-bottom elementor-section-height-default sc_fly_static\" data-id=\"9cdd1b9\" data-element_type=\"section\" data-settings=\"{&quot;background_background&quot;:&quot;classic&quot;,&quot;stretch_section&quot;:&quot;section-stretched&quot;}\">\n\t\t\t\t\t\t\t<div class=\"elementor-background-overlay\"><\/div>\n\t\t\t\t\t\t\t<div class=\"elementor-container elementor-column-gap-extended\">\n\t\t\t\t\t<div class=\"elementor-column elementor-col-100 elementor-top-column elementor-element elementor-element-b9f825c sc_inner_width_none sc_content_align_inherit sc_layouts_column_icons_position_left sc_fly_static\" data-id=\"b9f825c\" data-element_type=\"column\">\n\t\t\t<div class=\"elementor-widget-wrap elementor-element-populated\">\n\t\t\t\t\t\t<div class=\"elementor-element elementor-element-5559ae3 sc_fly_static elementor-widget elementor-widget-heading\" data-id=\"5559ae3\" data-element_type=\"widget\" data-widget_type=\"heading.default\">\n\t\t\t\t<div class=\"elementor-widget-container\">\n\t\t\t<h1 class=\"elementor-heading-title elementor-size-default\">Exhibitions<\/h1>\t\t<\/div>\n\t\t\t\t<\/div>\n\t\t\t\t\t<\/div>\n\t\t<\/div>\n\t\t\t\t\t<\/div>\n\t\t<\/section>\n\t\t\t\t<section class=\"elementor-section elementor-top-section elementor-element elementor-element-53790d9 animated-slow elementor-section-boxed elementor-section-height-default elementor-section-height-default animation_type_block sc_fly_static elementor-invisible\" data-id=\"53790d9\" data-element_type=\"section\" data-settings=\"{&quot;animation&quot;:&quot;fadeInUp&quot;}\">\n\t\t\t\t\t\t<div class=\"elementor-container elementor-column-gap-extended\">\n\t\t\t\t\t<div class=\"elementor-column elementor-col-100 elementor-top-column elementor-element elementor-element-ec9305e sc_inner_width_none sc_content_align_inherit sc_layouts_column_icons_position_left sc_fly_static\" data-id=\"ec9305e\" data-element_type=\"column\">\n\t\t\t<div class=\"elementor-widget-wrap elementor-element-populated\">\n\t\t\t\t\t\t<div class=\"elementor-element elementor-element-8be13d8 sc_fly_static elementor-widget elementor-widget-text-editor\" data-id=\"8be13d8\" data-element_type=\"widget\" data-widget_type=\"text-editor.default\">\n\t\t\t\t<div class=\"elementor-widget-container\">\n\t\t\t\t\t\t\t<p>Biodiversity exhibitions are wonderful opportunities to showcase the rich tapestry of life on Earth. They include scientific collections, interactive displays, informational graphical dioramas, panoramas and interactive educational environments to convey information to visitors about the ecosystem, species diversity and nature conservation. These exhibitions prepared with the motto, \u201cIt is necessary to recognize in order to protect!\u201d, focus on the species living in the Anatolian biogeographic region.<\/p>\t\t\t\t\t\t<\/div>\n\t\t\t\t<\/div>\n\t\t\t\t\t<\/div>\n\t\t<\/div>\n\t\t\t\t\t<\/div>\n\t\t<\/section>\n\t\t\t\t<section class=\"elementor-section elementor-top-section elementor-element elementor-element-6dbedaa elementor-section-boxed elementor-section-height-default elementor-section-height-default sc_fly_static\" data-id=\"6dbedaa\" data-element_type=\"section\">\n\t\t\t\t\t\t<div class=\"elementor-container elementor-column-gap-extended\">\n\t\t\t\t\t<div class=\"elementor-column elementor-col-100 elementor-top-column elementor-element elementor-element-685bfb3 sc_inner_width_none sc_content_align_inherit sc_layouts_column_icons_position_left sc_fly_static\" data-id=\"685bfb3\" data-element_type=\"column\">\n\t\t\t<div class=\"elementor-widget-wrap elementor-element-populated\">\n\t\t\t\t\t\t<div class=\"elementor-element elementor-element-4d17e45 sc_fly_static elementor-widget elementor-widget-trx_sc_services\" data-id=\"4d17e45\" data-element_type=\"widget\" data-widget_type=\"trx_sc_services.default\">\n\t\t\t\t<div class=\"elementor-widget-container\">\n\t\t\t<div class=\"sc_services sc_services_strong sc_services_featured_top\"><div class=\"sc_services_columns_wrap sc_item_columns sc_item_posts_container sc_item_columns_3 trx_addons_columns_wrap columns_padding_bottom\"><div class=\"trx_addons_column-1_3\"><div data-post-id=\"951\" class=\"sc_services_item sc_item_container post_container without_content with_more with_image sc_services_item_featured_none post-951 cpt_services type-cpt_services status-publish has-post-thumbnail hentry cpt_services_group-sergiler\">\r\n\t\t<div class=\"sc_services_item_content\" style=\"background-image: url(https:\/\/abbm.atauni.edu.tr\/wp-content\/uploads\/2020\/04\/3R1A9517-840x938.jpg);\">\r\n\t\t\t\t<div class=\"sc_services_item_content_inner\"><div class=\"sc_services_item_content_inner_bottom\">\r\n                <h6 class=\"sc_services_item_title\"><a href=\"https:\/\/abbm.atauni.edu.tr\/en\/muze\/paleocesitlilik-sergisi\/\">Palaeodiversity Exhibition<\/a><\/h6>\r\n                <div class=\"sc_services_item_button sc_item_button\">\r\n                    <a href=\"https:\/\/abbm.atauni.edu.tr\/en\/muze\/paleocesitlilik-sergisi\/\" class=\"sc_services_item_more_link\">\r\n                        <span class=\"link_text\">Read more<\/span><span class=\"link_icon\"><\/span>\r\n                    <\/a>\r\n                    <\/div><\/div><\/div><a class=\"sc_services_item_link\" href=\"https:\/\/abbm.atauni.edu.tr\/en\/muze\/paleocesitlilik-sergisi\/\"><\/a><\/div><\/div><\/div><div class=\"trx_addons_column-1_3\"><div data-post-id=\"18549\" class=\"sc_services_item sc_item_container post_container without_content with_more with_image sc_services_item_featured_none post-18549 cpt_services type-cpt_services status-publish has-post-thumbnail hentry cpt_services_group-sergiler\">\r\n\t\t<div class=\"sc_services_item_content\" style=\"background-image: url(https:\/\/abbm.atauni.edu.tr\/wp-content\/uploads\/2023\/11\/IMG_6766-840x630.jpg);\">\r\n\t\t\t\t<div class=\"sc_services_item_content_inner\"><div class=\"sc_services_item_content_inner_bottom\">\r\n                <h6 class=\"sc_services_item_title\"><a href=\"https:\/\/abbm.atauni.edu.tr\/en\/muze\/bocek-biyocesitlilik-sergisi\/\">Insect Biodiversity Exhibition<\/a><\/h6>\r\n                <div class=\"sc_services_item_button sc_item_button\">\r\n                    <a href=\"https:\/\/abbm.atauni.edu.tr\/en\/muze\/bocek-biyocesitlilik-sergisi\/\" class=\"sc_services_item_more_link\">\r\n                        <span class=\"link_text\">Read more<\/span><span class=\"link_icon\"><\/span>\r\n                    <\/a>\r\n                    <\/div><\/div><\/div><a class=\"sc_services_item_link\" href=\"https:\/\/abbm.atauni.edu.tr\/en\/muze\/bocek-biyocesitlilik-sergisi\/\"><\/a><\/div><\/div><\/div><div class=\"trx_addons_column-1_3\"><div data-post-id=\"18559\" class=\"sc_services_item sc_item_container post_container without_content with_more with_image sc_services_item_featured_none post-18559 cpt_services type-cpt_services status-publish has-post-thumbnail hentry cpt_services_group-sergiler\">\r\n\t\t<div class=\"sc_services_item_content\" style=\"background-image: url(https:\/\/abbm.atauni.edu.tr\/wp-content\/uploads\/2023\/11\/3R1A9524-840x530.jpg);\">\r\n\t\t\t\t<div class=\"sc_services_item_content_inner\"><div class=\"sc_services_item_content_inner_bottom\">\r\n                <h6 class=\"sc_services_item_title\"><a href=\"https:\/\/abbm.atauni.edu.tr\/en\/muze\/bitki-biyocesitlilik-sergisi\/\">Plant Biodiversity Exhibition<\/a><\/h6>\r\n                <div class=\"sc_services_item_button sc_item_button\">\r\n                    <a href=\"https:\/\/abbm.atauni.edu.tr\/en\/muze\/bitki-biyocesitlilik-sergisi\/\" class=\"sc_services_item_more_link\">\r\n                        <span class=\"link_text\">Read more<\/span><span class=\"link_icon\"><\/span>\r\n                    <\/a>\r\n                    <\/div><\/div><\/div><a class=\"sc_services_item_link\" href=\"https:\/\/abbm.atauni.edu.tr\/en\/muze\/bitki-biyocesitlilik-sergisi\/\"><\/a><\/div><\/div><\/div><div class=\"trx_addons_column-1_3\"><div data-post-id=\"18566\" class=\"sc_services_item sc_item_container post_container without_content with_more with_image sc_services_item_featured_none post-18566 cpt_services type-cpt_services status-publish has-post-thumbnail hentry cpt_services_group-sergiler\">\r\n\t\t<div class=\"sc_services_item_content\" style=\"background-image: url(https:\/\/abbm.atauni.edu.tr\/wp-content\/uploads\/2023\/11\/IMG_6701.jpg);\">\r\n\t\t\t\t<div class=\"sc_services_item_content_inner\"><div class=\"sc_services_item_content_inner_bottom\">\r\n                <h6 class=\"sc_services_item_title\"><a href=\"https:\/\/abbm.atauni.edu.tr\/en\/muze\/memeli-biyocesitlilik-sergisi\/\">Mammalia Biodiversity Exhibition<\/a><\/h6>\r\n                <div class=\"sc_services_item_button sc_item_button\">\r\n                    <a href=\"https:\/\/abbm.atauni.edu.tr\/en\/muze\/memeli-biyocesitlilik-sergisi\/\" class=\"sc_services_item_more_link\">\r\n                        <span class=\"link_text\">Read more<\/span><span class=\"link_icon\"><\/span>\r\n                    <\/a>\r\n                    <\/div><\/div><\/div><a class=\"sc_services_item_link\" href=\"https:\/\/abbm.atauni.edu.tr\/en\/muze\/memeli-biyocesitlilik-sergisi\/\"><\/a><\/div><\/div><\/div><div class=\"trx_addons_column-1_3\"><div data-post-id=\"18573\" class=\"sc_services_item sc_item_container post_container without_content with_more with_image sc_services_item_featured_none post-18573 cpt_services type-cpt_services status-publish has-post-thumbnail hentry cpt_services_group-sergiler\">\r\n\t\t<div class=\"sc_services_item_content\" style=\"background-image: url(https:\/\/abbm.atauni.edu.tr\/wp-content\/uploads\/2023\/11\/IMG_6661-840x648.jpg);\">\r\n\t\t\t\t<div class=\"sc_services_item_content_inner\"><div class=\"sc_services_item_content_inner_bottom\">\r\n                <h6 class=\"sc_services_item_title\"><a href=\"https:\/\/abbm.atauni.edu.tr\/en\/muze\/kus-biyocesitlilik-sergisi\/\">Bird Biodiversity Exhibition<\/a><\/h6>\r\n                <div class=\"sc_services_item_button sc_item_button\">\r\n                    <a href=\"https:\/\/abbm.atauni.edu.tr\/en\/muze\/kus-biyocesitlilik-sergisi\/\" class=\"sc_services_item_more_link\">\r\n                        <span class=\"link_text\">Read more<\/span><span class=\"link_icon\"><\/span>\r\n                    <\/a>\r\n                    <\/div><\/div><\/div><a class=\"sc_services_item_link\" href=\"https:\/\/abbm.atauni.edu.tr\/en\/muze\/kus-biyocesitlilik-sergisi\/\"><\/a><\/div><\/div><\/div><div class=\"trx_addons_column-1_3\"><div data-post-id=\"18580\" class=\"sc_services_item sc_item_container post_container without_content with_more with_image sc_services_item_featured_none post-18580 cpt_services type-cpt_services status-publish has-post-thumbnail hentry cpt_services_group-sergiler\">\r\n\t\t<div class=\"sc_services_item_content\" style=\"background-image: url(https:\/\/abbm.atauni.edu.tr\/wp-content\/uploads\/2023\/11\/IMG_5607-840x637.jpg);\">\r\n\t\t\t\t<div class=\"sc_services_item_content_inner\"><div class=\"sc_services_item_content_inner_bottom\">\r\n                <h6 class=\"sc_services_item_title\"><a href=\"https:\/\/abbm.atauni.edu.tr\/en\/muze\/surungen-biyocesitlilik-sergisi\/\">Reptilian Biodiversity Exhibition<\/a><\/h6>\r\n                <div class=\"sc_services_item_button sc_item_button\">\r\n                    <a href=\"https:\/\/abbm.atauni.edu.tr\/en\/muze\/surungen-biyocesitlilik-sergisi\/\" class=\"sc_services_item_more_link\">\r\n                        <span class=\"link_text\">Read more<\/span><span class=\"link_icon\"><\/span>\r\n                    <\/a>\r\n                    <\/div><\/div><\/div><a class=\"sc_services_item_link\" href=\"https:\/\/abbm.atauni.edu.tr\/en\/muze\/surungen-biyocesitlilik-sergisi\/\"><\/a><\/div><\/div><\/div><div class=\"trx_addons_column-1_3\"><div data-post-id=\"18587\" class=\"sc_services_item sc_item_container post_container without_content with_more with_image sc_services_item_featured_none post-18587 cpt_services type-cpt_services status-publish has-post-thumbnail hentry cpt_services_group-sergiler\">\r\n\t\t<div class=\"sc_services_item_content\" style=\"background-image: url(https:\/\/abbm.atauni.edu.tr\/wp-content\/uploads\/2023\/11\/IMG_5595-1.jpg);\">\r\n\t\t\t\t<div class=\"sc_services_item_content_inner\"><div class=\"sc_services_item_content_inner_bottom\">\r\n                <h6 class=\"sc_services_item_title\"><a href=\"https:\/\/abbm.atauni.edu.tr\/en\/muze\/sucul-yasam-sergisi\/\">Aquatic Life Exhibition<\/a><\/h6>\r\n                <div class=\"sc_services_item_button sc_item_button\">\r\n                    <a href=\"https:\/\/abbm.atauni.edu.tr\/en\/muze\/sucul-yasam-sergisi\/\" class=\"sc_services_item_more_link\">\r\n                        <span class=\"link_text\">Read more<\/span><span class=\"link_icon\"><\/span>\r\n                    <\/a>\r\n                    <\/div><\/div><\/div><a class=\"sc_services_item_link\" href=\"https:\/\/abbm.atauni.edu.tr\/en\/muze\/sucul-yasam-sergisi\/\"><\/a><\/div><\/div><\/div><\/div><\/div>\t\t<\/div>\n\t\t\t\t<\/div>\n\t\t\t\t\t<\/div>\n\t\t<\/div>\n\t\t\t\t\t<\/div>\n\t\t<\/section>\n\t\t\t\t<\/div>","protected":false},"excerpt":{"rendered":"<p>Sergiler Biyo\u00e7e\u015fitlilik sergileri, D\u00fcnya \u00fczerindeki ya\u015fam\u0131n zengin dokusunu sergilemek i\u00e7in harika f\u0131rsatlard\u0131r. Ziyaret\u00e7ilere ekosistem, t\u00fcr \u00e7e\u015fitlili\u011fi ve do\u011fa koruma hakk\u0131nda bilgi aktarmak i\u00e7in bilimsel koleksiyonlar, etkile\u015fimli g\u00f6r\u00fcnt\u00fcler, bilgi i\u00e7erikli grafiksel&hellip;<\/p>","protected":false},"author":1,"featured_media":0,"parent":0,"menu_order":0,"comment_status":"closed","ping_status":"closed","template":"","meta":{"rank_math_lock_modified_date":false,"footnotes":""},"class_list":["post-18623","page","type-page","status-publish","hentry"],"_links":{"self":[{"href":"https:\/\/abbm.atauni.edu.tr\/en\/wp-json\/wp\/v2\/pages\/18623","targetHints":{"allow":["GET"]}}],"collection":[{"href":"https:\/\/abbm.atauni.edu.tr\/en\/wp-json\/wp\/v2\/pages"}],"about":[{"href":"https:\/\/abbm.atauni.edu.tr\/en\/wp-json\/wp\/v2\/types\/page"}],"author":[{"embeddable":true,"href":"https:\/\/abbm.atauni.edu.tr\/en\/wp-json\/wp\/v2\/users\/1"}],"replies":[{"embeddable":true,"href":"https:\/\/abbm.atauni.edu.tr\/en\/wp-json\/wp\/v2\/comments?post=18623"}],"version-history":[{"count":88,"href":"https:\/\/abbm.atauni.edu.tr\/en\/wp-json\/wp\/v2\/pages\/18623\/revisions"}],"predecessor-version":[{"id":19680,"href":"https:\/\/abbm.atauni.edu.tr\/en\/wp-json\/wp\/v2\/pages\/18623\/revisions\/19680"}],"wp:attachment":[{"href":"https:\/\/abbm.atauni.edu.tr\/en\/wp-json\/wp\/v2\/media?parent=18623"}],"curies":[{"name":"wp","href":"https:\/\/api.w.org\/{rel}","templated":true}]}}