{"id":18643,"date":"2023-11-23T16:22:13","date_gmt":"2023-11-23T13:22:13","guid":{"rendered":"https:\/\/abbm.atauni.edu.tr\/?page_id=18643"},"modified":"2023-12-25T15:12:14","modified_gmt":"2023-12-25T12:12:14","slug":"koleksiyon","status":"publish","type":"page","link":"https:\/\/abbm.atauni.edu.tr\/en\/koleksiyon\/","title":{"rendered":"Collections"},"content":{"rendered":"<div data-elementor-type=\"wp-page\" data-elementor-id=\"18643\" class=\"elementor elementor-18643\">\n\t\t\t\t\t\t<section class=\"elementor-section elementor-top-section elementor-element elementor-element-e4bc067 elementor-section-full_width elementor-section-stretched elementor-section-height-min-height elementor-section-items-bottom elementor-section-height-default sc_fly_static\" data-id=\"e4bc067\" data-element_type=\"section\" data-settings=\"{&quot;background_background&quot;:&quot;classic&quot;,&quot;stretch_section&quot;:&quot;section-stretched&quot;}\">\n\t\t\t\t\t\t\t<div class=\"elementor-background-overlay\"><\/div>\n\t\t\t\t\t\t\t<div class=\"elementor-container elementor-column-gap-extended\">\n\t\t\t\t\t<div class=\"elementor-column elementor-col-100 elementor-top-column elementor-element elementor-element-6ccf9df sc_inner_width_none sc_content_align_inherit sc_layouts_column_icons_position_left sc_fly_static\" data-id=\"6ccf9df\" data-element_type=\"column\">\n\t\t\t<div class=\"elementor-widget-wrap elementor-element-populated\">\n\t\t\t\t\t\t<div class=\"elementor-element elementor-element-332cf57 sc_fly_static elementor-widget elementor-widget-heading\" data-id=\"332cf57\" data-element_type=\"widget\" data-widget_type=\"heading.default\">\n\t\t\t\t<div class=\"elementor-widget-container\">\n\t\t\t<h1 class=\"elementor-heading-title elementor-size-default\">Collections<\/h1>\t\t<\/div>\n\t\t\t\t<\/div>\n\t\t\t\t\t<\/div>\n\t\t<\/div>\n\t\t\t\t\t<\/div>\n\t\t<\/section>\n\t\t\t\t<section class=\"elementor-section elementor-top-section elementor-element elementor-element-3382e1c animated-slow elementor-section-boxed elementor-section-height-default elementor-section-height-default animation_type_block sc_fly_static elementor-invisible\" data-id=\"3382e1c\" data-element_type=\"section\" data-settings=\"{&quot;animation&quot;:&quot;fadeInUp&quot;}\">\n\t\t\t\t\t\t<div class=\"elementor-container elementor-column-gap-extended\">\n\t\t\t\t\t<div class=\"elementor-column elementor-col-100 elementor-top-column elementor-element elementor-element-4ccafa7 sc_inner_width_none sc_content_align_inherit sc_layouts_column_icons_position_left sc_fly_static\" data-id=\"4ccafa7\" data-element_type=\"column\">\n\t\t\t<div class=\"elementor-widget-wrap elementor-element-populated\">\n\t\t\t\t\t\t<div class=\"elementor-element elementor-element-6f37e62 sc_fly_static elementor-widget elementor-widget-text-editor\" data-id=\"6f37e62\" data-element_type=\"widget\" data-widget_type=\"text-editor.default\">\n\t\t\t\t<div class=\"elementor-widget-container\">\n\t\t\t\t\t\t\t<p>A scientific collection is a carefully curated and organized assembly of items, specimens, or objects used for research and educational purposes in various scientific disciplines. Specifically, collections related to organisms, plants, fungi, animals, insects, and fossils may be referred to as natural history collections or biodiversity collections. Scientific collections are meticulously arranged, labeled, and cataloged to ensure easy accessibility for research and educational purposes. They play a crucial role in the development of scientific knowledge, documentation of biodiversity, and preservation of cultural heritage. The Biodiversity Science Museum \u2013 ABBM houses scientific collections comprising over 250,000 individuals and approximately 10,000 species. Originating from the Anatolian biogeographic region, this collection's richest groups are insects and plants.\u00a0<\/p>\t\t\t\t\t\t<\/div>\n\t\t\t\t<\/div>\n\t\t\t\t\t<\/div>\n\t\t<\/div>\n\t\t\t\t\t<\/div>\n\t\t<\/section>\n\t\t\t\t<section class=\"elementor-section elementor-top-section elementor-element elementor-element-6dbedaa elementor-section-boxed elementor-section-height-default elementor-section-height-default sc_fly_static\" data-id=\"6dbedaa\" data-element_type=\"section\">\n\t\t\t\t\t\t<div class=\"elementor-container elementor-column-gap-extended\">\n\t\t\t\t\t<div class=\"elementor-column elementor-col-100 elementor-top-column elementor-element elementor-element-685bfb3 sc_inner_width_none sc_content_align_inherit sc_layouts_column_icons_position_left sc_fly_static\" data-id=\"685bfb3\" data-element_type=\"column\">\n\t\t\t<div class=\"elementor-widget-wrap elementor-element-populated\">\n\t\t\t\t\t\t<div class=\"elementor-element elementor-element-4d17e45 sc_fly_static elementor-widget elementor-widget-trx_sc_services\" data-id=\"4d17e45\" data-element_type=\"widget\" data-widget_type=\"trx_sc_services.default\">\n\t\t\t\t<div class=\"elementor-widget-container\">\n\t\t\t<div class=\"sc_services sc_services_strong sc_services_featured_top\"><div class=\"sc_services_columns_wrap sc_item_columns sc_item_posts_container sc_item_columns_3 trx_addons_columns_wrap columns_padding_bottom columns_in_single_row\"><div class=\"trx_addons_column-1_3\"><div data-post-id=\"18604\" class=\"sc_services_item sc_item_container post_container without_content with_more with_image sc_services_item_featured_none post-18604 cpt_services type-cpt_services status-publish has-post-thumbnail hentry cpt_services_group-koleksiyon\">\r\n\t\t<div class=\"sc_services_item_content\" style=\"background-image: url(https:\/\/abbm.atauni.edu.tr\/wp-content\/uploads\/2023\/11\/IMG_5640-840x630.jpg);\">\r\n\t\t\t\t<div class=\"sc_services_item_content_inner\"><div class=\"sc_services_item_content_inner_bottom\">\r\n                <h6 class=\"sc_services_item_title\"><a href=\"https:\/\/abbm.atauni.edu.tr\/en\/muze\/animalia-bilimsel-koleksiyonu\/\">Animalia Scientific Collection<\/a><\/h6>\r\n                <div class=\"sc_services_item_button sc_item_button\">\r\n                    <a href=\"https:\/\/abbm.atauni.edu.tr\/en\/muze\/animalia-bilimsel-koleksiyonu\/\" class=\"sc_services_item_more_link\">\r\n                        <span class=\"link_text\">Read more<\/span><span class=\"link_icon\"><\/span>\r\n                    <\/a>\r\n                    <\/div><\/div><\/div><a class=\"sc_services_item_link\" href=\"https:\/\/abbm.atauni.edu.tr\/en\/muze\/animalia-bilimsel-koleksiyonu\/\"><\/a><\/div><\/div><\/div><div class=\"trx_addons_column-1_3\"><div data-post-id=\"18611\" class=\"sc_services_item sc_item_container post_container without_content with_more with_image sc_services_item_featured_none post-18611 cpt_services type-cpt_services status-publish has-post-thumbnail hentry cpt_services_group-koleksiyon\">\r\n\t\t<div class=\"sc_services_item_content\" style=\"background-image: url(https:\/\/abbm.atauni.edu.tr\/wp-content\/uploads\/2023\/11\/IMG_6777.jpg);\">\r\n\t\t\t\t<div class=\"sc_services_item_content_inner\"><div class=\"sc_services_item_content_inner_bottom\">\r\n                <h6 class=\"sc_services_item_title\"><a href=\"https:\/\/abbm.atauni.edu.tr\/en\/muze\/plantae-bilimsel-koleksiyonu\/\">Plantae Scientific Collection<\/a><\/h6>\r\n                <div class=\"sc_services_item_button sc_item_button\">\r\n                    <a href=\"https:\/\/abbm.atauni.edu.tr\/en\/muze\/plantae-bilimsel-koleksiyonu\/\" class=\"sc_services_item_more_link\">\r\n                        <span class=\"link_text\">Read more<\/span><span class=\"link_icon\"><\/span>\r\n                    <\/a>\r\n                    <\/div><\/div><\/div><a class=\"sc_services_item_link\" href=\"https:\/\/abbm.atauni.edu.tr\/en\/muze\/plantae-bilimsel-koleksiyonu\/\"><\/a><\/div><\/div><\/div><div class=\"trx_addons_column-1_3\"><div data-post-id=\"19821\" class=\"sc_services_item sc_item_container post_container without_content with_more with_image sc_services_item_featured_none post-19821 cpt_services type-cpt_services status-publish has-post-thumbnail hentry cpt_services_group-koleksiyon\">\r\n\t\t<div class=\"sc_services_item_content\" style=\"background-image: url(https:\/\/abbm.atauni.edu.tr\/wp-content\/uploads\/2023\/11\/IMG_5585-840x630.jpg);\">\r\n\t\t\t\t<div class=\"sc_services_item_content_inner\"><div class=\"sc_services_item_content_inner_bottom\">\r\n                <h6 class=\"sc_services_item_title\"><a href=\"https:\/\/abbm.atauni.edu.tr\/en\/muze\/tip-koleksiyon\/\">Type Collection<\/a><\/h6>\r\n                <div class=\"sc_services_item_button sc_item_button\">\r\n                    <a href=\"https:\/\/abbm.atauni.edu.tr\/en\/muze\/tip-koleksiyon\/\" class=\"sc_services_item_more_link\">\r\n                        <span class=\"link_text\">Read more<\/span><span class=\"link_icon\"><\/span>\r\n                    <\/a>\r\n                    <\/div><\/div><\/div><a class=\"sc_services_item_link\" href=\"https:\/\/abbm.atauni.edu.tr\/en\/muze\/tip-koleksiyon\/\"><\/a><\/div><\/div><\/div><\/div><\/div>\t\t<\/div>\n\t\t\t\t<\/div>\n\t\t\t\t\t<\/div>\n\t\t<\/div>\n\t\t\t\t\t<\/div>\n\t\t<\/section>\n\t\t\t\t<\/div>","protected":false},"excerpt":{"rendered":"<p>Koleksiyon Bilimsel koleksiyon, \u00e7e\u015fitli bilimsel disiplinlerde ara\u015ft\u0131rma ve e\u011fitim ama\u00e7l\u0131 kullan\u0131lan \u00f6\u011felerin, \u00f6rneklerin veya nesnelerin dikkatle se\u00e7ilmi\u015f ve organize edilmi\u015f bir toplulu\u011fudur. Spesifik olarak organizmalar, bitkiler, mantarlar, hayvanlar, b\u00f6cekler ve&hellip;<\/p>","protected":false},"author":1,"featured_media":0,"parent":0,"menu_order":0,"comment_status":"closed","ping_status":"closed","template":"","meta":{"rank_math_lock_modified_date":false,"footnotes":""},"class_list":["post-18643","page","type-page","status-publish","hentry"],"_links":{"self":[{"href":"https:\/\/abbm.atauni.edu.tr\/en\/wp-json\/wp\/v2\/pages\/18643","targetHints":{"allow":["GET"]}}],"collection":[{"href":"https:\/\/abbm.atauni.edu.tr\/en\/wp-json\/wp\/v2\/pages"}],"about":[{"href":"https:\/\/abbm.atauni.edu.tr\/en\/wp-json\/wp\/v2\/types\/page"}],"author":[{"embeddable":true,"href":"https:\/\/abbm.atauni.edu.tr\/en\/wp-json\/wp\/v2\/users\/1"}],"replies":[{"embeddable":true,"href":"https:\/\/abbm.atauni.edu.tr\/en\/wp-json\/wp\/v2\/comments?post=18643"}],"version-history":[{"count":43,"href":"https:\/\/abbm.atauni.edu.tr\/en\/wp-json\/wp\/v2\/pages\/18643\/revisions"}],"predecessor-version":[{"id":20760,"href":"https:\/\/abbm.atauni.edu.tr\/en\/wp-json\/wp\/v2\/pages\/18643\/revisions\/20760"}],"wp:attachment":[{"href":"https:\/\/abbm.atauni.edu.tr\/en\/wp-json\/wp\/v2\/media?parent=18643"}],"curies":[{"name":"wp","href":"https:\/\/api.w.org\/{rel}","templated":true}]}}