{"id":18677,"date":"2023-11-23T16:40:47","date_gmt":"2023-11-23T13:40:47","guid":{"rendered":"https:\/\/abbm.atauni.edu.tr\/?page_id=18677"},"modified":"2024-01-02T14:32:08","modified_gmt":"2024-01-02T11:32:08","slug":"laboratuvarlar","status":"publish","type":"page","link":"https:\/\/abbm.atauni.edu.tr\/en\/laboratuvarlar\/","title":{"rendered":"Laboratories"},"content":{"rendered":"<div data-elementor-type=\"wp-page\" data-elementor-id=\"18677\" class=\"elementor elementor-18677\">\n\t\t\t\t\t\t<section class=\"elementor-section elementor-top-section elementor-element elementor-element-229ef66 elementor-section-content-middle elementor-section-boxed elementor-section-height-default elementor-section-height-default sc_fly_static\" data-id=\"229ef66\" data-element_type=\"section\">\n\t\t\t\t\t\t<div class=\"elementor-container elementor-column-gap-extended\">\n\t\t\t\t\t<div class=\"elementor-column elementor-col-50 elementor-top-column elementor-element elementor-element-a2291e2 sc_inner_width_none sc_content_align_inherit sc_layouts_column_icons_position_left sc_fly_static\" data-id=\"a2291e2\" data-element_type=\"column\" data-settings=\"{&quot;background_background&quot;:&quot;classic&quot;}\">\n\t\t\t<div class=\"elementor-widget-wrap elementor-element-populated\">\n\t\t\t\t\t\t<div class=\"elementor-element elementor-element-58f86db sc_layouts_hide_on_desktop sc_layouts_hide_on_notebook sc_layouts_hide_on_tablet sc_fly_static elementor-widget elementor-widget-spacer\" data-id=\"58f86db\" data-element_type=\"widget\" data-widget_type=\"spacer.default\">\n\t\t\t\t<div class=\"elementor-widget-container\">\n\t\t\t\t\t<div class=\"elementor-spacer\">\n\t\t\t<div class=\"elementor-spacer-inner\"><\/div>\n\t\t<\/div>\n\t\t\t\t<\/div>\n\t\t\t\t<\/div>\n\t\t\t\t\t<\/div>\n\t\t<\/div>\n\t\t\t\t<div class=\"elementor-column elementor-col-50 elementor-top-column elementor-element elementor-element-f2ecb41 sc_inner_width_none sc_content_align_inherit sc_layouts_column_icons_position_left sc_fly_static\" data-id=\"f2ecb41\" data-element_type=\"column\">\n\t\t\t<div class=\"elementor-widget-wrap elementor-element-populated\">\n\t\t\t\t\t\t<div class=\"elementor-element elementor-element-50a43b7 sc_fly_static elementor-widget elementor-widget-heading\" data-id=\"50a43b7\" data-element_type=\"widget\" data-widget_type=\"heading.default\">\n\t\t\t\t<div class=\"elementor-widget-container\">\n\t\t\t<h6 class=\"elementor-heading-title elementor-size-default\">Animalia Biodiversity Laboratory<\/h6>\t\t<\/div>\n\t\t\t\t<\/div>\n\t\t\t\t<div class=\"elementor-element elementor-element-ddd000e sc_fly_static elementor-widget elementor-widget-text-editor\" data-id=\"ddd000e\" data-element_type=\"widget\" data-widget_type=\"text-editor.default\">\n\t\t\t\t<div class=\"elementor-widget-container\">\n\t\t\t\t\t\t\t<p>The kingdom Animalia is a taxonomic supercategory that includes all animals, and biodiversity in this context refers to the diversity of life in this kingdom. Animal biodiversity includes species diversity, genetic diversity within species, and the diversity of ecosystems and habitats in which animals live. Animalia Biodiversity Laboratory, which operates within ABBM, focuses on taxonomy-based research. With its optical capacity (streo microscopes, upright microscopes), it plays a leading role in conducting faunistic, systematic and morphological research on scientific collections, identifying species living in Anatolian biogeography, and increasing taxonomic capacity in terms of ecologically and economically important species and the habitats they live in, and conservation strategies. .<\/p>\t\t\t\t\t\t<\/div>\n\t\t\t\t<\/div>\n\t\t\t\t\t<\/div>\n\t\t<\/div>\n\t\t\t\t\t<\/div>\n\t\t<\/section>\n\t\t\t\t<section class=\"elementor-section elementor-top-section elementor-element elementor-element-30b1760 elementor-section-content-middle elementor-section-boxed elementor-section-height-default elementor-section-height-default sc_fly_static\" data-id=\"30b1760\" data-element_type=\"section\">\n\t\t\t\t\t\t<div class=\"elementor-container elementor-column-gap-extended\">\n\t\t\t\t\t<div class=\"elementor-column elementor-col-50 elementor-top-column elementor-element elementor-element-e979b3c sc_inner_width_none sc_content_align_inherit sc_layouts_column_icons_position_left sc_fly_static\" data-id=\"e979b3c\" data-element_type=\"column\" data-settings=\"{&quot;background_background&quot;:&quot;classic&quot;}\">\n\t\t\t<div class=\"elementor-widget-wrap elementor-element-populated\">\n\t\t\t\t\t\t<div class=\"elementor-element elementor-element-c923182 sc_layouts_hide_on_desktop sc_layouts_hide_on_notebook sc_layouts_hide_on_tablet sc_fly_static elementor-widget elementor-widget-spacer\" data-id=\"c923182\" data-element_type=\"widget\" data-widget_type=\"spacer.default\">\n\t\t\t\t<div class=\"elementor-widget-container\">\n\t\t\t\t\t<div class=\"elementor-spacer\">\n\t\t\t<div class=\"elementor-spacer-inner\"><\/div>\n\t\t<\/div>\n\t\t\t\t<\/div>\n\t\t\t\t<\/div>\n\t\t\t\t\t<\/div>\n\t\t<\/div>\n\t\t\t\t<div class=\"elementor-column elementor-col-50 elementor-top-column elementor-element elementor-element-1aa7847 sc_inner_width_none sc_content_align_inherit sc_layouts_column_icons_position_left sc_fly_static\" data-id=\"1aa7847\" data-element_type=\"column\">\n\t\t\t<div class=\"elementor-widget-wrap elementor-element-populated\">\n\t\t\t\t\t\t<div class=\"elementor-element elementor-element-46baf3e sc_fly_static elementor-widget elementor-widget-heading\" data-id=\"46baf3e\" data-element_type=\"widget\" data-widget_type=\"heading.default\">\n\t\t\t\t<div class=\"elementor-widget-container\">\n\t\t\t<h6 class=\"elementor-heading-title elementor-size-default\">Plantae Biodiversity Laboratory<\/h6>\t\t<\/div>\n\t\t\t\t<\/div>\n\t\t\t\t<div class=\"elementor-element elementor-element-1b66ef9 sc_fly_static elementor-widget elementor-widget-text-editor\" data-id=\"1b66ef9\" data-element_type=\"widget\" data-widget_type=\"text-editor.default\">\n\t\t\t\t<div class=\"elementor-widget-container\">\n\t\t\t\t\t\t\t<p>Plant biodiversity refers to the diversity of plant life in the kingdom Plantae. This includes all types of plants, from algae and mosses to ferns, gymnosperms and angiosperms (flowering plants). The Plantae Biodiversity Laboratory, which operates within ABBM, focuses on taxonomy-based research. With its optical capacity (streo microscopes, upright microscopes), it plays a leading role in conducting floristic and systematic research through herbariums, identifying plant species living in the Anatolian biogeography, and increasing taxonomic capacity in terms of ecologically and economically important species and the habitats they live in, and conservation strategies.<\/p>\t\t\t\t\t\t<\/div>\n\t\t\t\t<\/div>\n\t\t\t\t\t<\/div>\n\t\t<\/div>\n\t\t\t\t\t<\/div>\n\t\t<\/section>\n\t\t\t\t<section class=\"elementor-section elementor-top-section elementor-element elementor-element-0361d52 elementor-section-content-middle elementor-section-boxed elementor-section-height-default elementor-section-height-default sc_fly_static\" data-id=\"0361d52\" data-element_type=\"section\">\n\t\t\t\t\t\t<div class=\"elementor-container elementor-column-gap-extended\">\n\t\t\t\t\t<div class=\"elementor-column elementor-col-50 elementor-top-column elementor-element elementor-element-af1bf7d sc_inner_width_none sc_content_align_inherit sc_layouts_column_icons_position_left sc_fly_static\" data-id=\"af1bf7d\" data-element_type=\"column\" data-settings=\"{&quot;background_background&quot;:&quot;classic&quot;}\">\n\t\t\t<div class=\"elementor-widget-wrap elementor-element-populated\">\n\t\t\t\t\t\t<div class=\"elementor-element elementor-element-035e255 sc_layouts_hide_on_desktop sc_layouts_hide_on_notebook sc_layouts_hide_on_tablet sc_fly_static elementor-widget elementor-widget-spacer\" data-id=\"035e255\" data-element_type=\"widget\" data-widget_type=\"spacer.default\">\n\t\t\t\t<div class=\"elementor-widget-container\">\n\t\t\t\t\t<div class=\"elementor-spacer\">\n\t\t\t<div class=\"elementor-spacer-inner\"><\/div>\n\t\t<\/div>\n\t\t\t\t<\/div>\n\t\t\t\t<\/div>\n\t\t\t\t\t<\/div>\n\t\t<\/div>\n\t\t\t\t<div class=\"elementor-column elementor-col-50 elementor-top-column elementor-element elementor-element-e6a4649 sc_inner_width_none sc_content_align_inherit sc_layouts_column_icons_position_left sc_fly_static\" data-id=\"e6a4649\" data-element_type=\"column\">\n\t\t\t<div class=\"elementor-widget-wrap elementor-element-populated\">\n\t\t\t\t\t\t<div class=\"elementor-element elementor-element-d0f1899 sc_fly_static elementor-widget elementor-widget-heading\" data-id=\"d0f1899\" data-element_type=\"widget\" data-widget_type=\"heading.default\">\n\t\t\t\t<div class=\"elementor-widget-container\">\n\t\t\t<h6 class=\"elementor-heading-title elementor-size-default\">Taxonomy &amp; Molecular Systematics Laboratory<\/h6>\t\t<\/div>\n\t\t\t\t<\/div>\n\t\t\t\t<div class=\"elementor-element elementor-element-085dcdd sc_fly_static elementor-widget elementor-widget-text-editor\" data-id=\"085dcdd\" data-element_type=\"widget\" data-widget_type=\"text-editor.default\">\n\t\t\t\t<div class=\"elementor-widget-container\">\n\t\t\t\t\t\t\t<p>Taxonomy and Molecular Systematics Laboratory will engage in the following activities:<br \/>1. Species Identification: Using both traditional and molecular methods to identify and classify new and existing species,<br \/>2. Phylogenetic Analysis: Creating phylogenetic trees to understand evolutionary relationships between different organisms,<br \/>3. DNA Sequencing: Using molecular techniques to sequence and analyze genetic material, providing insight into genetic diversity and evolutionary patterns,<br \/>4. Systematic Studies: Classification of organisms and investigation of their relationships, including revision of existing taxa based on new molecular evidence,<br \/>5. Biodiversity Research: Contributing to our understanding of biodiversity, especially in terms of how different species are related to each other and how they have evolved over time,<br \/>6. Conservation Biology: Application of taxonomic and molecular knowledge to contribute to conservation efforts by identifying and prioritizing species to be protected,<\/p><p>Optical equipment: Zeiss SteREO Disvovery V20, Zeiss Axio Imager A2, Zeiss Stemi 508<br \/>Laboratory equipment: PCR, Thermal Cycler, Fluorometer, Electrophoresis, Centrifuge, Micro centrifuge, Analog Vortex, Block heater, Pipette set<\/p>\t\t\t\t\t\t<\/div>\n\t\t\t\t<\/div>\n\t\t\t\t\t<\/div>\n\t\t<\/div>\n\t\t\t\t\t<\/div>\n\t\t<\/section>\n\t\t\t\t<section class=\"elementor-section elementor-top-section elementor-element elementor-element-0db3197 elementor-section-content-middle elementor-section-boxed elementor-section-height-default elementor-section-height-default sc_fly_static\" data-id=\"0db3197\" data-element_type=\"section\">\n\t\t\t\t\t\t<div class=\"elementor-container elementor-column-gap-extended\">\n\t\t\t\t\t<div class=\"elementor-column elementor-col-50 elementor-top-column elementor-element elementor-element-c7ec1e3 sc_inner_width_none sc_content_align_inherit sc_layouts_column_icons_position_left sc_fly_static\" data-id=\"c7ec1e3\" data-element_type=\"column\" data-settings=\"{&quot;background_background&quot;:&quot;classic&quot;}\">\n\t\t\t<div class=\"elementor-widget-wrap elementor-element-populated\">\n\t\t\t\t\t\t<div class=\"elementor-element elementor-element-a1a198d sc_layouts_hide_on_desktop sc_layouts_hide_on_notebook sc_layouts_hide_on_tablet sc_fly_static elementor-widget elementor-widget-spacer\" data-id=\"a1a198d\" data-element_type=\"widget\" data-widget_type=\"spacer.default\">\n\t\t\t\t<div class=\"elementor-widget-container\">\n\t\t\t\t\t<div class=\"elementor-spacer\">\n\t\t\t<div class=\"elementor-spacer-inner\"><\/div>\n\t\t<\/div>\n\t\t\t\t<\/div>\n\t\t\t\t<\/div>\n\t\t\t\t\t<\/div>\n\t\t<\/div>\n\t\t\t\t<div class=\"elementor-column elementor-col-50 elementor-top-column elementor-element elementor-element-d09dfb6 sc_inner_width_none sc_content_align_inherit sc_layouts_column_icons_position_left sc_fly_static\" data-id=\"d09dfb6\" data-element_type=\"column\">\n\t\t\t<div class=\"elementor-widget-wrap elementor-element-populated\">\n\t\t\t\t\t\t<div class=\"elementor-element elementor-element-08d31ce sc_fly_static elementor-widget elementor-widget-heading\" data-id=\"08d31ce\" data-element_type=\"widget\" data-widget_type=\"heading.default\">\n\t\t\t\t<div class=\"elementor-widget-container\">\n\t\t\t<h6 class=\"elementor-heading-title elementor-size-default\">Digital Imaging Laboratory Unit<\/h6>\t\t<\/div>\n\t\t\t\t<\/div>\n\t\t\t\t<div class=\"elementor-element elementor-element-431c546 sc_fly_static elementor-widget elementor-widget-text-editor\" data-id=\"431c546\" data-element_type=\"widget\" data-widget_type=\"text-editor.default\">\n\t\t\t\t<div class=\"elementor-widget-container\">\n\t\t\t\t\t\t\t<p>For the future of natural sciences collections, applications related to data storage and management based on scientific biological samples, &quot;voucher specimen&quot;, digital data obtained using high-resolution digital imaging technologies, the most appropriate software and optical equipment, will contribute to the rapid exchange of information in the field of taxonomy and the development of more effective strategies in the protection of biodiversity. can be found.<br \/>Modern digital imaging equipment (Leica Z16 APO Macroscope, Zeiss Axicam 712, Canon 6D DSLR cameras, Canon macro lenses, Kaiser Copy Stand) installed in the Digital Imaging Laboratory Unit within ABBM for use in taxonomic and morphological research, especially on insects, mites and other Arthropoda species. is located. Digital photographs obtained by using EOS Utility, Helicon Focus, Adobe Photoshop and some other software along with the equipment contribute to improving the quality of scientific studies, theses and publications.<\/p>\t\t\t\t\t\t<\/div>\n\t\t\t\t<\/div>\n\t\t\t\t\t<\/div>\n\t\t<\/div>\n\t\t\t\t\t<\/div>\n\t\t<\/section>\n\t\t\t\t<\/div>","protected":false},"excerpt":{"rendered":"<p>Animalia Biyo\u00e7e\u015fitlilik Laboratuvar\u0131 Animalia alemi, t\u00fcm hayvanlar\u0131 i\u00e7eren taksonomik bir \u00fcst kategoridir ve bu ba\u011flamdaki biyo\u00e7e\u015fitlilik, bu alemdeki ya\u015fam \u00e7e\u015fitlili\u011fini ifade eder. Hayvan biyo\u00e7e\u015fitlili\u011fi t\u00fcr \u00e7e\u015fitlili\u011fini, t\u00fcr i\u00e7indeki genetik \u00e7e\u015fitlili\u011fi&hellip;<\/p>","protected":false},"author":1,"featured_media":19413,"parent":0,"menu_order":0,"comment_status":"closed","ping_status":"closed","template":"","meta":{"rank_math_lock_modified_date":false,"footnotes":""},"class_list":["post-18677","page","type-page","status-publish","has-post-thumbnail","hentry"],"_links":{"self":[{"href":"https:\/\/abbm.atauni.edu.tr\/en\/wp-json\/wp\/v2\/pages\/18677","targetHints":{"allow":["GET"]}}],"collection":[{"href":"https:\/\/abbm.atauni.edu.tr\/en\/wp-json\/wp\/v2\/pages"}],"about":[{"href":"https:\/\/abbm.atauni.edu.tr\/en\/wp-json\/wp\/v2\/types\/page"}],"author":[{"embeddable":true,"href":"https:\/\/abbm.atauni.edu.tr\/en\/wp-json\/wp\/v2\/users\/1"}],"replies":[{"embeddable":true,"href":"https:\/\/abbm.atauni.edu.tr\/en\/wp-json\/wp\/v2\/comments?post=18677"}],"version-history":[{"count":55,"href":"https:\/\/abbm.atauni.edu.tr\/en\/wp-json\/wp\/v2\/pages\/18677\/revisions"}],"predecessor-version":[{"id":20810,"href":"https:\/\/abbm.atauni.edu.tr\/en\/wp-json\/wp\/v2\/pages\/18677\/revisions\/20810"}],"wp:featuredmedia":[{"embeddable":true,"href":"https:\/\/abbm.atauni.edu.tr\/en\/wp-json\/wp\/v2\/media\/19413"}],"wp:attachment":[{"href":"https:\/\/abbm.atauni.edu.tr\/en\/wp-json\/wp\/v2\/media?parent=18677"}],"curies":[{"name":"wp","href":"https:\/\/api.w.org\/{rel}","templated":true}]}}