{"id":18726,"date":"2023-11-24T10:20:39","date_gmt":"2023-11-24T07:20:39","guid":{"rendered":"https:\/\/abbm.atauni.edu.tr\/?page_id=18726"},"modified":"2025-03-21T00:58:26","modified_gmt":"2025-03-20T21:58:26","slug":"projeler","status":"publish","type":"page","link":"https:\/\/abbm.atauni.edu.tr\/en\/projeler\/","title":{"rendered":"Projects"},"content":{"rendered":"<div data-elementor-type=\"wp-page\" data-elementor-id=\"18726\" class=\"elementor elementor-18726\">\n\t\t\t\t\t\t<section class=\"elementor-section elementor-top-section elementor-element elementor-element-f03202e elementor-section-boxed elementor-section-height-default elementor-section-height-default sc_fly_static\" data-id=\"f03202e\" data-element_type=\"section\">\n\t\t\t\t\t\t<div class=\"elementor-container elementor-column-gap-extended\">\n\t\t\t\t\t<div class=\"elementor-column elementor-col-100 elementor-top-column elementor-element elementor-element-b0e4fd0 sc_inner_width_none sc_content_align_inherit sc_layouts_column_icons_position_left sc_fly_static\" data-id=\"b0e4fd0\" data-element_type=\"column\">\n\t\t\t<div class=\"elementor-widget-wrap elementor-element-populated\">\n\t\t\t\t\t\t<div class=\"elementor-element elementor-element-49050c1 elementor-widget-divider--view-line_text sc_height_tiny elementor-widget-divider--element-align-left sc_fly_static elementor-widget elementor-widget-divider\" data-id=\"49050c1\" data-element_type=\"widget\" data-widget_type=\"divider.default\">\n\t\t\t\t<div class=\"elementor-widget-container\">\n\t\t\t\t\t<div class=\"elementor-divider\">\n\t\t\t<span class=\"elementor-divider-separator\">\n\t\t\t\t\t\t\t<h3 class=\"elementor-divider__text elementor-divider__element\">\n\t\t\t\tNational Projects\t\t\t\t<\/h3>\n\t\t\t\t\t\t<\/span>\n\t\t<\/div>\n\t\t\t\t<\/div>\n\t\t\t\t<\/div>\n\t\t\t\t<div class=\"elementor-element elementor-element-1d2713c sc_fly_static elementor-widget elementor-widget-text-editor\" data-id=\"1d2713c\" data-element_type=\"widget\" data-widget_type=\"text-editor.default\">\n\t\t\t\t<div class=\"elementor-widget-container\">\n\t\t\t\t\t\t\t<p>The total budget of the following 6 projects carried out with Atat\u00fcrk University&#039;s own resources is approximately 15 Million TL. This investment for the development of biodiversity science is a national focal point in the specified field and one of the first comprehensive research units in our country.<\/p><ul><li>G\u00fcltekin L. et al. 2019. Atat\u00fcrk University Biodiversity Science Museum Application Project. Atat\u00fcrk University, BAP, Project No: FAD-2019-7059.<\/li><li>G\u00fcltekin L. et al. 2020. Biodiversity Science Museum Collection and Exhibition Practices. Atat\u00fcrk University, BAP, Project No: DFG-2020-8330.<\/li><li>G\u00fcltekin L. et al. 2021. Biodiversity Science Museum Collection Preservation and Archive System. Atat\u00fcrk University, BAP, Project No: DFG-2021-9010 &amp;9495.<\/li><li>G\u00fcltekin L. et al. 2022. Biodiversity &amp; Taxonomy Laboratory Units, Museum-Exhibition Applications and Prototype Research. BAP, Project No: DFG-2022-10546.<\/li><li>G\u00fcltekin L. et al. 2022. Biodiversity Science Museum Education Research and Exhibition Applications. Atat\u00fcrk University Scientific Research Projects Coordination Unit, FBG-2022-11364.<\/li><li>Irmak M. A. et al. 2022. A Study on the Establishment of Atat\u00fcrk University Arboretum (Stage I). BAP Project No: FBG-2022-10573.<\/li><li>G\u00fcltekin L. et al. 2023. Biodiversity, Taxonomy and Molecular Systematics Laboratory Applications. Atat\u00fcrk University Scientific Research Projects Coordination Unit, FBG-2023-12411.<\/li><\/ul>\t\t\t\t\t\t<\/div>\n\t\t\t\t<\/div>\n\t\t\t\t<div class=\"elementor-element elementor-element-c630e92 elementor-widget-divider--view-line_text sc_height_tiny elementor-widget-divider--element-align-left sc_fly_static elementor-widget elementor-widget-divider\" data-id=\"c630e92\" data-element_type=\"widget\" data-widget_type=\"divider.default\">\n\t\t\t\t<div class=\"elementor-widget-container\">\n\t\t\t\t\t<div class=\"elementor-divider\">\n\t\t\t<span class=\"elementor-divider-separator\">\n\t\t\t\t\t\t\t<h3 class=\"elementor-divider__text elementor-divider__element\">\n\t\t\t\tProjects with International Participation\t\t\t\t<\/h3>\n\t\t\t\t\t\t<\/span>\n\t\t<\/div>\n\t\t\t\t<\/div>\n\t\t\t\t<\/div>\n\t\t\t\t<div class=\"elementor-element elementor-element-72e01d5 sc_fly_static elementor-widget elementor-widget-text-editor\" data-id=\"72e01d5\" data-element_type=\"widget\" data-widget_type=\"text-editor.default\">\n\t\t\t\t<div class=\"elementor-widget-container\">\n\t\t\t\t\t\t\t<ul><li>G\u00fcltekin L., Konstantinov A. S., Volkovich M. G. 2022. Biodiversity Science Museum Taxonomic Capacity Increase, Collection and Biodiversity Exhibition Research. T\u00dcB\u0130TAK-B\u0130DEB-2221.<\/li><li>G\u00fcltekin L., Konstantinov A. S., Volkovich M. G., Lyal C. H. C., Korotyaev B. A., Dorofeev V. I. 2023. Biodiversity Science Museum Taxonomic Capacity Increase, Collection and Biodiversity Exhibition Research. T\u00dcB\u0130TAK-B\u0130DEB-2221.<\/li><li>G\u00fcltekin L. 2022-23. What is Lixus? taxonomy, phylogeny and digitizing species (Curculionidae). EU-FP-7, SYNTHESYS<sup>+<\/sup>, Synthesys of Systematic Resources, DE-TAF-2713, SE-TAF-8475.<\/li><li>G\u00fcltekin L. 2018-2023. Mobilising Data, Policies and Experts in Scientific Collections (MOBILISE). COST-CA17106, \u201cManagement Committee Member\u201d<\/li><li><p>Korotiaev B.A., G\u00fcltekin L., Dorofeyev V.I., <strong>G\u00fcltekin N., Volkovich M.G., Konstantinov A.S. 2025. <\/strong>Research of the biodiversity of halophytic plants and associated beetles in T\u00fcrkiye with digital applications. T\u00dcB\u0130TAK-B\u0130DEB-2232-A, Proje No: 124C528.<\/p><\/li><li><p>Qasim M., G\u00fcltekin L., <strong>G\u00fcltekin N., G\u00fc\u00e7l\u00fc M. 2025. <\/strong>Molecular genomic characterization of invasive insect species, major agricultural and forestry pest insects in Turkey. T\u00dcB\u0130TAK-B\u0130DEB-2232-A, Proje No: 124C515.<\/p><\/li><\/ul>\t\t\t\t\t\t<\/div>\n\t\t\t\t<\/div>\n\t\t\t\t\t<\/div>\n\t\t<\/div>\n\t\t\t\t\t<\/div>\n\t\t<\/section>\n\t\t\t\t<\/div>","protected":false},"excerpt":{"rendered":"<p>Ulusal Projeler Atat\u00fcrk \u00dcniversitesi \u00f6z kaynaklar\u0131 ile y\u00fcr\u00fct\u00fclen a\u015fa\u011f\u0131daki 6 projenin toplam b\u00fct\u00e7esi yakla\u015f\u0131k 15 Milyon TL de\u011ferindedir. Biyo\u00e7e\u015fitlilik biliminin geli\u015fmesi i\u00e7in yap\u0131lan bu yat\u0131r\u0131m belirtilen alanda ulusal bir odak&hellip;<\/p>","protected":false},"author":1,"featured_media":20242,"parent":0,"menu_order":0,"comment_status":"closed","ping_status":"closed","template":"","meta":{"rank_math_lock_modified_date":false,"footnotes":""},"class_list":["post-18726","page","type-page","status-publish","has-post-thumbnail","hentry"],"_links":{"self":[{"href":"https:\/\/abbm.atauni.edu.tr\/en\/wp-json\/wp\/v2\/pages\/18726","targetHints":{"allow":["GET"]}}],"collection":[{"href":"https:\/\/abbm.atauni.edu.tr\/en\/wp-json\/wp\/v2\/pages"}],"about":[{"href":"https:\/\/abbm.atauni.edu.tr\/en\/wp-json\/wp\/v2\/types\/page"}],"author":[{"embeddable":true,"href":"https:\/\/abbm.atauni.edu.tr\/en\/wp-json\/wp\/v2\/users\/1"}],"replies":[{"embeddable":true,"href":"https:\/\/abbm.atauni.edu.tr\/en\/wp-json\/wp\/v2\/comments?post=18726"}],"version-history":[{"count":34,"href":"https:\/\/abbm.atauni.edu.tr\/en\/wp-json\/wp\/v2\/pages\/18726\/revisions"}],"predecessor-version":[{"id":21009,"href":"https:\/\/abbm.atauni.edu.tr\/en\/wp-json\/wp\/v2\/pages\/18726\/revisions\/21009"}],"wp:featuredmedia":[{"embeddable":true,"href":"https:\/\/abbm.atauni.edu.tr\/en\/wp-json\/wp\/v2\/media\/20242"}],"wp:attachment":[{"href":"https:\/\/abbm.atauni.edu.tr\/en\/wp-json\/wp\/v2\/media?parent=18726"}],"curies":[{"name":"wp","href":"https:\/\/api.w.org\/{rel}","templated":true}]}}