{"id":18741,"date":"2023-11-24T10:51:04","date_gmt":"2023-11-24T07:51:04","guid":{"rendered":"https:\/\/abbm.atauni.edu.tr\/?page_id=18741"},"modified":"2023-12-22T12:07:21","modified_gmt":"2023-12-22T09:07:21","slug":"bilimsel-isbirlikleri","status":"publish","type":"page","link":"https:\/\/abbm.atauni.edu.tr\/en\/bilimsel-isbirlikleri\/","title":{"rendered":"Scientific Collaborations"},"content":{"rendered":"<div data-elementor-type=\"wp-page\" data-elementor-id=\"18741\" class=\"elementor elementor-18741\">\n\t\t\t\t\t\t<section class=\"elementor-section elementor-top-section elementor-element elementor-element-19920844 elementor-section-full_width elementor-section-stretched elementor-section-height-min-height elementor-section-items-bottom elementor-section-height-default sc_fly_static\" data-id=\"19920844\" data-element_type=\"section\" data-settings=\"{&quot;background_background&quot;:&quot;classic&quot;,&quot;stretch_section&quot;:&quot;section-stretched&quot;}\">\n\t\t\t\t\t\t\t<div class=\"elementor-background-overlay\"><\/div>\n\t\t\t\t\t\t\t<div class=\"elementor-container elementor-column-gap-extended\">\n\t\t\t\t\t<div class=\"elementor-column elementor-col-100 elementor-top-column elementor-element elementor-element-7069bc7d sc_inner_width_none sc_content_align_inherit sc_layouts_column_icons_position_left sc_fly_static\" data-id=\"7069bc7d\" data-element_type=\"column\">\n\t\t\t<div class=\"elementor-widget-wrap elementor-element-populated\">\n\t\t\t\t\t\t<div class=\"elementor-element elementor-element-1cd36d6f sc_fly_static elementor-widget elementor-widget-heading\" data-id=\"1cd36d6f\" data-element_type=\"widget\" data-widget_type=\"heading.default\">\n\t\t\t\t<div class=\"elementor-widget-container\">\n\t\t\t<h1 class=\"elementor-heading-title elementor-size-default\">Scientific Collaborations<\/h1>\t\t<\/div>\n\t\t\t\t<\/div>\n\t\t\t\t\t<\/div>\n\t\t<\/div>\n\t\t\t\t\t<\/div>\n\t\t<\/section>\n\t\t\t\t<section class=\"elementor-section elementor-top-section elementor-element elementor-element-fa834c8 elementor-section-content-middle elementor-section-boxed elementor-section-height-default elementor-section-height-default sc_fly_static\" data-id=\"fa834c8\" data-element_type=\"section\">\n\t\t\t\t\t\t<div class=\"elementor-container elementor-column-gap-extended\">\n\t\t\t\t\t<div class=\"elementor-column elementor-col-50 elementor-top-column elementor-element elementor-element-85cf7e4 sc_inner_width_none sc_content_align_inherit sc_layouts_column_icons_position_left sc_fly_static\" data-id=\"85cf7e4\" data-element_type=\"column\">\n\t\t\t<div class=\"elementor-widget-wrap elementor-element-populated\">\n\t\t\t\t\t\t<div class=\"elementor-element elementor-element-6e00ea8 sc_layouts_hide_on_tablet sc_layouts_hide_on_mobile sc_fly_static elementor-widget elementor-widget-html\" data-id=\"6e00ea8\" data-element_type=\"widget\" data-widget_type=\"html.default\">\n\t\t\t\t<div class=\"elementor-widget-container\">\n\t\t\t<script src=\"https:\/\/unpkg.com\/@dotlottie\/player-component@latest\/dist\/dotlottie-player.mjs\" type=\"module\"><\/script><dotlottie-player src=\"https:\/\/lottie.host\/032a952d-4227-4903-b820-65e03bb38013\/37G8CbNOYu.json\" background=\"#F9F7F7\" speed=\"1\" style=\"width: 500px; height: 300px\" direction=\"1\" mode=\"bounce\" loop autoplay><\/dotlottie-player>\t\t<\/div>\n\t\t\t\t<\/div>\n\t\t\t\t<div class=\"elementor-element elementor-element-c235fe7 sc_layouts_hide_on_wide sc_layouts_hide_on_desktop sc_layouts_hide_on_notebook sc_fly_static elementor-widget elementor-widget-html\" data-id=\"c235fe7\" data-element_type=\"widget\" data-widget_type=\"html.default\">\n\t\t\t\t<div class=\"elementor-widget-container\">\n\t\t\t<center><script src=\"https:\/\/unpkg.com\/@dotlottie\/player-component@latest\/dist\/dotlottie-player.mjs\" type=\"module\"><\/script><dotlottie-player src=\"https:\/\/lottie.host\/032a952d-4227-4903-b820-65e03bb38013\/37G8CbNOYu.json\" background=\"#F9F7F7\" speed=\"1\" style=\"width: 100%; height: 300px\" direction=\"1\" mode=\"bounce\" loop autoplay><\/dotlottie-player><\/center>\t\t<\/div>\n\t\t\t\t<\/div>\n\t\t\t\t\t<\/div>\n\t\t<\/div>\n\t\t\t\t<div class=\"elementor-column elementor-col-50 elementor-top-column elementor-element elementor-element-3255c8c sc_inner_width_none sc_content_align_inherit sc_layouts_column_icons_position_left sc_fly_static\" data-id=\"3255c8c\" data-element_type=\"column\">\n\t\t\t<div class=\"elementor-widget-wrap elementor-element-populated\">\n\t\t\t\t\t\t<div class=\"elementor-element elementor-element-19dbeb8 sc_fly_static elementor-widget elementor-widget-text-editor\" data-id=\"19dbeb8\" data-element_type=\"widget\" data-widget_type=\"text-editor.default\">\n\t\t\t\t<div class=\"elementor-widget-container\">\n\t\t\t\t\t\t\t<p>Atat\u00fcrk University, Biodiversity Application and Research Center and Biodiversity Science Museum (ABBM) have signed official cooperation agreements with international scientific organizations and joint studies are being carried out. It is also involved in bilateral collaborations, international grant and exchange programs at the researcher level.<\/p><ul><li>Zoological Institute, Russian Academy of Sciences, St. Petersburg, Russia<\/li><li>Komarov Botanical Institute, Russian Academy of Sciences, St. Petersburg, Russia<\/li><li>Smithsonian Institution, National Museum of Natural History, Washington, USA<\/li><li>The Natural History Museum, Department of Life Sciences, London, England<\/li><li>MUSE \u2013 Museo delle Scienze, Trento, Italy<\/li><li>Senckenberg Naturhistorische Sammlungen Dresden, Dresden, Germany<\/li><li>Museum f\u00fcr Naturkunde, Berlin, Germany<\/li><li>The Swedish Museum of Natural History, Stockholm, Sweden<\/li><li>Mus\u00e9um National d&#039;Histoire Naturelle, Paris, France<\/li><li>Museo Nacional de Ciencias Naturales, Madrid, Spain<\/li><li>National Museum Prague, Prague, Czech Republic<\/li><\/ul>\t\t\t\t\t\t<\/div>\n\t\t\t\t<\/div>\n\t\t\t\t\t<\/div>\n\t\t<\/div>\n\t\t\t\t\t<\/div>\n\t\t<\/section>\n\t\t\t\t<section class=\"elementor-section elementor-top-section elementor-element elementor-element-d39db6d sc_layouts_hide_on_tablet sc_layouts_hide_on_mobile elementor-section-boxed elementor-section-height-default elementor-section-height-default sc_fly_static\" data-id=\"d39db6d\" data-element_type=\"section\">\n\t\t\t\t\t\t<div class=\"elementor-container elementor-column-gap-extended\">\n\t\t\t\t\t<div class=\"elementor-column elementor-col-100 elementor-top-column elementor-element elementor-element-04d70d3 sc_inner_width_none sc_content_align_inherit sc_layouts_column_icons_position_left sc_fly_static\" data-id=\"04d70d3\" data-element_type=\"column\">\n\t\t\t<div class=\"elementor-widget-wrap elementor-element-populated\">\n\t\t\t\t\t\t<div class=\"elementor-element elementor-element-8ce344f sc_fly_static elementor-widget elementor-widget-image-gallery\" data-id=\"8ce344f\" data-element_type=\"widget\" data-widget_type=\"image-gallery.default\">\n\t\t\t\t<div class=\"elementor-widget-container\">\n\t\t\t\t\t<div class=\"elementor-image-gallery\">\n\t\t\t<div id='gallery-1' class='gallery galleryid-18741 gallery-columns-3 gallery-size-full'><figure class='gallery-item'>\n\t\t\t<div class='gallery-icon landscape'>\n\t\t\t\t<a data-elementor-open-lightbox=\"yes\" data-elementor-lightbox-slideshow=\"8ce344f\" data-elementor-lightbox-title=\"20230627_102032\" data-e-action-hash=\"#elementor-action%3Aaction%3Dlightbox%26settings%3DeyJpZCI6MTk2ODMsInVybCI6Imh0dHBzOlwvXC9hYmJtLmF0YXVuaS5lZHUudHJcL3dwLWNvbnRlbnRcL3VwbG9hZHNcLzIwMjNcLzEyXC8yMDIzMDYyN18xMDIwMzIuanBnIiwic2xpZGVzaG93IjoiOGNlMzQ0ZiJ9\" href='https:\/\/abbm.atauni.edu.tr\/wp-content\/uploads\/2023\/12\/20230627_102032.jpg'><img fetchpriority=\"high\" decoding=\"async\" width=\"1000\" height=\"750\" src=\"https:\/\/abbm.atauni.edu.tr\/wp-content\/uploads\/2023\/12\/20230627_102032.jpg\" class=\"attachment-full size-full\" alt=\"\" srcset=\"https:\/\/abbm.atauni.edu.tr\/wp-content\/uploads\/2023\/12\/20230627_102032.jpg 1000w, https:\/\/abbm.atauni.edu.tr\/wp-content\/uploads\/2023\/12\/20230627_102032-300x225.jpg 300w, https:\/\/abbm.atauni.edu.tr\/wp-content\/uploads\/2023\/12\/20230627_102032-768x576.jpg 768w, https:\/\/abbm.atauni.edu.tr\/wp-content\/uploads\/2023\/12\/20230627_102032-370x278.jpg 370w, https:\/\/abbm.atauni.edu.tr\/wp-content\/uploads\/2023\/12\/20230627_102032-840x630.jpg 840w, https:\/\/abbm.atauni.edu.tr\/wp-content\/uploads\/2023\/12\/20230627_102032-410x308.jpg 410w, https:\/\/abbm.atauni.edu.tr\/wp-content\/uploads\/2023\/12\/20230627_102032-600x450.jpg 600w\" sizes=\"(max-width: 1000px) 100vw, 1000px\" \/><\/a>\n\t\t\t<\/div><\/figure><figure class='gallery-item'>\n\t\t\t<div class='gallery-icon landscape'>\n\t\t\t\t<a data-elementor-open-lightbox=\"yes\" data-elementor-lightbox-slideshow=\"8ce344f\" data-elementor-lightbox-title=\"abbm-1\" data-e-action-hash=\"#elementor-action%3Aaction%3Dlightbox%26settings%3DeyJpZCI6MTk2ODQsInVybCI6Imh0dHBzOlwvXC9hYmJtLmF0YXVuaS5lZHUudHJcL3dwLWNvbnRlbnRcL3VwbG9hZHNcLzIwMjNcLzEyXC9hYmJtLTEuanBnIiwic2xpZGVzaG93IjoiOGNlMzQ0ZiJ9\" href='https:\/\/abbm.atauni.edu.tr\/wp-content\/uploads\/2023\/12\/abbm-1.jpg'><img decoding=\"async\" width=\"1000\" height=\"750\" src=\"https:\/\/abbm.atauni.edu.tr\/wp-content\/uploads\/2023\/12\/abbm-1.jpg\" class=\"attachment-full size-full\" alt=\"\" srcset=\"https:\/\/abbm.atauni.edu.tr\/wp-content\/uploads\/2023\/12\/abbm-1.jpg 1000w, https:\/\/abbm.atauni.edu.tr\/wp-content\/uploads\/2023\/12\/abbm-1-300x225.jpg 300w, https:\/\/abbm.atauni.edu.tr\/wp-content\/uploads\/2023\/12\/abbm-1-768x576.jpg 768w, https:\/\/abbm.atauni.edu.tr\/wp-content\/uploads\/2023\/12\/abbm-1-370x278.jpg 370w, https:\/\/abbm.atauni.edu.tr\/wp-content\/uploads\/2023\/12\/abbm-1-840x630.jpg 840w, https:\/\/abbm.atauni.edu.tr\/wp-content\/uploads\/2023\/12\/abbm-1-410x308.jpg 410w, https:\/\/abbm.atauni.edu.tr\/wp-content\/uploads\/2023\/12\/abbm-1-600x450.jpg 600w\" sizes=\"(max-width: 1000px) 100vw, 1000px\" \/><\/a>\n\t\t\t<\/div><\/figure><figure class='gallery-item'>\n\t\t\t<div class='gallery-icon landscape'>\n\t\t\t\t<a data-elementor-open-lightbox=\"yes\" data-elementor-lightbox-slideshow=\"8ce344f\" data-elementor-lightbox-title=\"IMG_4835\" data-e-action-hash=\"#elementor-action%3Aaction%3Dlightbox%26settings%3DeyJpZCI6MTk2ODUsInVybCI6Imh0dHBzOlwvXC9hYmJtLmF0YXVuaS5lZHUudHJcL3dwLWNvbnRlbnRcL3VwbG9hZHNcLzIwMjNcLzEyXC9JTUdfNDgzNS0xLmpwZyIsInNsaWRlc2hvdyI6IjhjZTM0NGYifQ%3D%3D\" href='https:\/\/abbm.atauni.edu.tr\/wp-content\/uploads\/2023\/12\/IMG_4835-1.jpg'><img decoding=\"async\" width=\"1000\" height=\"750\" src=\"https:\/\/abbm.atauni.edu.tr\/wp-content\/uploads\/2023\/12\/IMG_4835-1.jpg\" class=\"attachment-full size-full\" alt=\"\" srcset=\"https:\/\/abbm.atauni.edu.tr\/wp-content\/uploads\/2023\/12\/IMG_4835-1.jpg 1000w, https:\/\/abbm.atauni.edu.tr\/wp-content\/uploads\/2023\/12\/IMG_4835-1-300x225.jpg 300w, https:\/\/abbm.atauni.edu.tr\/wp-content\/uploads\/2023\/12\/IMG_4835-1-768x576.jpg 768w, https:\/\/abbm.atauni.edu.tr\/wp-content\/uploads\/2023\/12\/IMG_4835-1-370x278.jpg 370w, https:\/\/abbm.atauni.edu.tr\/wp-content\/uploads\/2023\/12\/IMG_4835-1-840x630.jpg 840w, https:\/\/abbm.atauni.edu.tr\/wp-content\/uploads\/2023\/12\/IMG_4835-1-410x308.jpg 410w, https:\/\/abbm.atauni.edu.tr\/wp-content\/uploads\/2023\/12\/IMG_4835-1-600x450.jpg 600w\" sizes=\"(max-width: 1000px) 100vw, 1000px\" \/><\/a>\n\t\t\t<\/div><\/figure>\n\t\t<\/div>\n\t\t<\/div>\n\t\t\t\t<\/div>\n\t\t\t\t<\/div>\n\t\t\t\t\t<\/div>\n\t\t<\/div>\n\t\t\t\t\t<\/div>\n\t\t<\/section>\n\t\t\t\t<section class=\"elementor-section elementor-top-section elementor-element elementor-element-21de025 sc_layouts_hide_on_wide sc_layouts_hide_on_desktop sc_layouts_hide_on_notebook elementor-section-boxed elementor-section-height-default elementor-section-height-default sc_fly_static\" data-id=\"21de025\" data-element_type=\"section\">\n\t\t\t\t\t\t<div class=\"elementor-container elementor-column-gap-extended\">\n\t\t\t\t\t<div class=\"elementor-column elementor-col-100 elementor-top-column elementor-element elementor-element-d4e76fb sc_inner_width_none sc_content_align_inherit sc_layouts_column_icons_position_left sc_fly_static\" data-id=\"d4e76fb\" data-element_type=\"column\">\n\t\t\t<div class=\"elementor-widget-wrap elementor-element-populated\">\n\t\t\t\t\t\t<div class=\"elementor-element elementor-element-81d940e gallery-spacing-custom sc_fly_static elementor-widget elementor-widget-image-gallery\" data-id=\"81d940e\" data-element_type=\"widget\" data-widget_type=\"image-gallery.default\">\n\t\t\t\t<div class=\"elementor-widget-container\">\n\t\t\t\t\t<div class=\"elementor-image-gallery\">\n\t\t\t<div id='gallery-2' class='gallery galleryid-18741 gallery-columns-1 gallery-size-full'><figure class='gallery-item'>\n\t\t\t<div class='gallery-icon landscape'>\n\t\t\t\t<a data-elementor-open-lightbox=\"yes\" data-elementor-lightbox-slideshow=\"81d940e\" data-elementor-lightbox-title=\"20230627_102032\" data-e-action-hash=\"#elementor-action%3Aaction%3Dlightbox%26settings%3DeyJpZCI6MTk2ODMsInVybCI6Imh0dHBzOlwvXC9hYmJtLmF0YXVuaS5lZHUudHJcL3dwLWNvbnRlbnRcL3VwbG9hZHNcLzIwMjNcLzEyXC8yMDIzMDYyN18xMDIwMzIuanBnIiwic2xpZGVzaG93IjoiODFkOTQwZSJ9\" href='https:\/\/abbm.atauni.edu.tr\/wp-content\/uploads\/2023\/12\/20230627_102032.jpg'><img fetchpriority=\"high\" decoding=\"async\" width=\"1000\" height=\"750\" src=\"https:\/\/abbm.atauni.edu.tr\/wp-content\/uploads\/2023\/12\/20230627_102032.jpg\" class=\"attachment-full size-full\" alt=\"\" srcset=\"https:\/\/abbm.atauni.edu.tr\/wp-content\/uploads\/2023\/12\/20230627_102032.jpg 1000w, https:\/\/abbm.atauni.edu.tr\/wp-content\/uploads\/2023\/12\/20230627_102032-300x225.jpg 300w, https:\/\/abbm.atauni.edu.tr\/wp-content\/uploads\/2023\/12\/20230627_102032-768x576.jpg 768w, https:\/\/abbm.atauni.edu.tr\/wp-content\/uploads\/2023\/12\/20230627_102032-370x278.jpg 370w, https:\/\/abbm.atauni.edu.tr\/wp-content\/uploads\/2023\/12\/20230627_102032-840x630.jpg 840w, https:\/\/abbm.atauni.edu.tr\/wp-content\/uploads\/2023\/12\/20230627_102032-410x308.jpg 410w, https:\/\/abbm.atauni.edu.tr\/wp-content\/uploads\/2023\/12\/20230627_102032-600x450.jpg 600w\" sizes=\"(max-width: 1000px) 100vw, 1000px\" \/><\/a>\n\t\t\t<\/div><\/figure><figure class='gallery-item'>\n\t\t\t<div class='gallery-icon landscape'>\n\t\t\t\t<a data-elementor-open-lightbox=\"yes\" data-elementor-lightbox-slideshow=\"81d940e\" data-elementor-lightbox-title=\"abbm-1\" data-e-action-hash=\"#elementor-action%3Aaction%3Dlightbox%26settings%3DeyJpZCI6MTk2ODQsInVybCI6Imh0dHBzOlwvXC9hYmJtLmF0YXVuaS5lZHUudHJcL3dwLWNvbnRlbnRcL3VwbG9hZHNcLzIwMjNcLzEyXC9hYmJtLTEuanBnIiwic2xpZGVzaG93IjoiODFkOTQwZSJ9\" href='https:\/\/abbm.atauni.edu.tr\/wp-content\/uploads\/2023\/12\/abbm-1.jpg'><img decoding=\"async\" width=\"1000\" height=\"750\" src=\"https:\/\/abbm.atauni.edu.tr\/wp-content\/uploads\/2023\/12\/abbm-1.jpg\" class=\"attachment-full size-full\" alt=\"\" srcset=\"https:\/\/abbm.atauni.edu.tr\/wp-content\/uploads\/2023\/12\/abbm-1.jpg 1000w, https:\/\/abbm.atauni.edu.tr\/wp-content\/uploads\/2023\/12\/abbm-1-300x225.jpg 300w, https:\/\/abbm.atauni.edu.tr\/wp-content\/uploads\/2023\/12\/abbm-1-768x576.jpg 768w, https:\/\/abbm.atauni.edu.tr\/wp-content\/uploads\/2023\/12\/abbm-1-370x278.jpg 370w, https:\/\/abbm.atauni.edu.tr\/wp-content\/uploads\/2023\/12\/abbm-1-840x630.jpg 840w, https:\/\/abbm.atauni.edu.tr\/wp-content\/uploads\/2023\/12\/abbm-1-410x308.jpg 410w, https:\/\/abbm.atauni.edu.tr\/wp-content\/uploads\/2023\/12\/abbm-1-600x450.jpg 600w\" sizes=\"(max-width: 1000px) 100vw, 1000px\" \/><\/a>\n\t\t\t<\/div><\/figure><figure class='gallery-item'>\n\t\t\t<div class='gallery-icon landscape'>\n\t\t\t\t<a data-elementor-open-lightbox=\"yes\" data-elementor-lightbox-slideshow=\"81d940e\" data-elementor-lightbox-title=\"IMG_4835\" data-e-action-hash=\"#elementor-action%3Aaction%3Dlightbox%26settings%3DeyJpZCI6MTk2ODUsInVybCI6Imh0dHBzOlwvXC9hYmJtLmF0YXVuaS5lZHUudHJcL3dwLWNvbnRlbnRcL3VwbG9hZHNcLzIwMjNcLzEyXC9JTUdfNDgzNS0xLmpwZyIsInNsaWRlc2hvdyI6IjgxZDk0MGUifQ%3D%3D\" href='https:\/\/abbm.atauni.edu.tr\/wp-content\/uploads\/2023\/12\/IMG_4835-1.jpg'><img decoding=\"async\" width=\"1000\" height=\"750\" src=\"https:\/\/abbm.atauni.edu.tr\/wp-content\/uploads\/2023\/12\/IMG_4835-1.jpg\" class=\"attachment-full size-full\" alt=\"\" srcset=\"https:\/\/abbm.atauni.edu.tr\/wp-content\/uploads\/2023\/12\/IMG_4835-1.jpg 1000w, https:\/\/abbm.atauni.edu.tr\/wp-content\/uploads\/2023\/12\/IMG_4835-1-300x225.jpg 300w, https:\/\/abbm.atauni.edu.tr\/wp-content\/uploads\/2023\/12\/IMG_4835-1-768x576.jpg 768w, https:\/\/abbm.atauni.edu.tr\/wp-content\/uploads\/2023\/12\/IMG_4835-1-370x278.jpg 370w, https:\/\/abbm.atauni.edu.tr\/wp-content\/uploads\/2023\/12\/IMG_4835-1-840x630.jpg 840w, https:\/\/abbm.atauni.edu.tr\/wp-content\/uploads\/2023\/12\/IMG_4835-1-410x308.jpg 410w, https:\/\/abbm.atauni.edu.tr\/wp-content\/uploads\/2023\/12\/IMG_4835-1-600x450.jpg 600w\" sizes=\"(max-width: 1000px) 100vw, 1000px\" \/><\/a>\n\t\t\t<\/div><\/figure>\n\t\t<\/div>\n\t\t<\/div>\n\t\t\t\t<\/div>\n\t\t\t\t<\/div>\n\t\t\t\t\t<\/div>\n\t\t<\/div>\n\t\t\t\t\t<\/div>\n\t\t<\/section>\n\t\t\t\t<\/div>","protected":false},"excerpt":{"rendered":"<p>Bilimsel \u0130\u015fbirlikleri Atat\u00fcrk \u00dcniversitesi, Biyo\u00e7e\u015fitlilik Uygulama ve Ara\u015ft\u0131rma Merkezi ve Biyo\u00e7e\u015fitlilik Bilim M\u00fczesi (ABBM) uluslararas\u0131 bilimsel kurulu\u015flarla resmi i\u015fbirli\u011fi anla\u015fmalar\u0131 imzalam\u0131\u015f ve ortak \u00e7al\u0131\u015fmalar y\u00fcr\u00fct\u00fclmektedir. Ayr\u0131ca ara\u015ft\u0131rmac\u0131 seviyesinde de ikili&hellip;<\/p>","protected":false},"author":1,"featured_media":19682,"parent":0,"menu_order":0,"comment_status":"closed","ping_status":"closed","template":"","meta":{"rank_math_lock_modified_date":false,"footnotes":""},"class_list":["post-18741","page","type-page","status-publish","has-post-thumbnail","hentry"],"_links":{"self":[{"href":"https:\/\/abbm.atauni.edu.tr\/en\/wp-json\/wp\/v2\/pages\/18741","targetHints":{"allow":["GET"]}}],"collection":[{"href":"https:\/\/abbm.atauni.edu.tr\/en\/wp-json\/wp\/v2\/pages"}],"about":[{"href":"https:\/\/abbm.atauni.edu.tr\/en\/wp-json\/wp\/v2\/types\/page"}],"author":[{"embeddable":true,"href":"https:\/\/abbm.atauni.edu.tr\/en\/wp-json\/wp\/v2\/users\/1"}],"replies":[{"embeddable":true,"href":"https:\/\/abbm.atauni.edu.tr\/en\/wp-json\/wp\/v2\/comments?post=18741"}],"version-history":[{"count":25,"href":"https:\/\/abbm.atauni.edu.tr\/en\/wp-json\/wp\/v2\/pages\/18741\/revisions"}],"predecessor-version":[{"id":20520,"href":"https:\/\/abbm.atauni.edu.tr\/en\/wp-json\/wp\/v2\/pages\/18741\/revisions\/20520"}],"wp:featuredmedia":[{"embeddable":true,"href":"https:\/\/abbm.atauni.edu.tr\/en\/wp-json\/wp\/v2\/media\/19682"}],"wp:attachment":[{"href":"https:\/\/abbm.atauni.edu.tr\/en\/wp-json\/wp\/v2\/media?parent=18741"}],"curies":[{"name":"wp","href":"https:\/\/api.w.org\/{rel}","templated":true}]}}