{"id":18766,"date":"2023-11-24T11:29:37","date_gmt":"2023-11-24T08:29:37","guid":{"rendered":"https:\/\/abbm.atauni.edu.tr\/?page_id=18766"},"modified":"2023-12-22T14:00:00","modified_gmt":"2023-12-22T11:00:00","slug":"biyocesitlilik","status":"publish","type":"page","link":"https:\/\/abbm.atauni.edu.tr\/en\/biyocesitlilik\/","title":{"rendered":"Biodiversity"},"content":{"rendered":"<div data-elementor-type=\"wp-page\" data-elementor-id=\"18766\" class=\"elementor elementor-18766\">\n\t\t\t\t\t\t<section class=\"elementor-section elementor-top-section elementor-element elementor-element-17350e94 elementor-section-content-middle elementor-section-boxed elementor-section-height-default elementor-section-height-default sc_fly_static\" data-id=\"17350e94\" data-element_type=\"section\">\n\t\t\t\t\t\t<div class=\"elementor-container elementor-column-gap-extended\">\n\t\t\t\t\t<div class=\"elementor-column elementor-col-50 elementor-top-column elementor-element elementor-element-6305c3c9 sc_inner_width_none sc_content_align_inherit sc_layouts_column_icons_position_left sc_fly_static\" data-id=\"6305c3c9\" data-element_type=\"column\">\n\t\t\t<div class=\"elementor-widget-wrap elementor-element-populated\">\n\t\t\t\t\t\t<div class=\"elementor-element elementor-element-794c719e sc_fly_static elementor-widget elementor-widget-image\" data-id=\"794c719e\" data-element_type=\"widget\" data-widget_type=\"image.default\">\n\t\t\t\t<div class=\"elementor-widget-container\">\n\t\t\t\t\t\t\t\t\t\t\t\t\t<img fetchpriority=\"high\" decoding=\"async\" width=\"936\" height=\"1024\" src=\"https:\/\/abbm.atauni.edu.tr\/wp-content\/uploads\/2023\/12\/biyocesitlilik-foto-1-936x1024.jpg\" class=\"attachment-large size-large wp-image-20243\" alt=\"\" srcset=\"https:\/\/abbm.atauni.edu.tr\/wp-content\/uploads\/2023\/12\/biyocesitlilik-foto-1-936x1024.jpg 936w, https:\/\/abbm.atauni.edu.tr\/wp-content\/uploads\/2023\/12\/biyocesitlilik-foto-1-274x300.jpg 274w, https:\/\/abbm.atauni.edu.tr\/wp-content\/uploads\/2023\/12\/biyocesitlilik-foto-1-768x841.jpg 768w, https:\/\/abbm.atauni.edu.tr\/wp-content\/uploads\/2023\/12\/biyocesitlilik-foto-1-1403x1536.jpg 1403w, https:\/\/abbm.atauni.edu.tr\/wp-content\/uploads\/2023\/12\/biyocesitlilik-foto-1-1871x2048.jpg 1871w, https:\/\/abbm.atauni.edu.tr\/wp-content\/uploads\/2023\/12\/biyocesitlilik-foto-1-11x12.jpg 11w, https:\/\/abbm.atauni.edu.tr\/wp-content\/uploads\/2023\/12\/biyocesitlilik-foto-1-370x405.jpg 370w, https:\/\/abbm.atauni.edu.tr\/wp-content\/uploads\/2023\/12\/biyocesitlilik-foto-1-840x919.jpg 840w, https:\/\/abbm.atauni.edu.tr\/wp-content\/uploads\/2023\/12\/biyocesitlilik-foto-1-410x449.jpg 410w, https:\/\/abbm.atauni.edu.tr\/wp-content\/uploads\/2023\/12\/biyocesitlilik-foto-1-600x657.jpg 600w\" sizes=\"(max-width: 936px) 100vw, 936px\" \/>\t\t\t\t\t\t\t\t\t\t\t\t\t<\/div>\n\t\t\t\t<\/div>\n\t\t\t\t\t<\/div>\n\t\t<\/div>\n\t\t\t\t<div class=\"elementor-column elementor-col-50 elementor-top-column elementor-element elementor-element-7f57a2b5 sc_inner_width_none sc_content_align_inherit sc_layouts_column_icons_position_left sc_fly_static\" data-id=\"7f57a2b5\" data-element_type=\"column\">\n\t\t\t<div class=\"elementor-widget-wrap elementor-element-populated\">\n\t\t\t\t\t\t<div class=\"elementor-element elementor-element-401b2772 sc_fly_static elementor-widget elementor-widget-text-editor\" data-id=\"401b2772\" data-element_type=\"widget\" data-widget_type=\"text-editor.default\">\n\t\t\t\t<div class=\"elementor-widget-container\">\n\t\t\t\t\t\t\t<p>Biodiversity, in its more common usage, is the diversity of all life forms, from genes to species to the broad scale of ecosystems, defining a holistic view of life.\u00a0<\/p><p><span style=\"color: #000000;\"><strong>Biodiversity is typically defined and measured by three main components:<br \/><\/strong><\/span><br \/>\u2022 <strong>Genetic Diversity:<\/strong> This refers to the diversity of genes within a single species. Genetic diversity is very important because it provides the raw materials for adaptation to changing environments. It also underlies traits that can make species more resilient and adaptable.<\/p><p>\u2022 <strong>Species Diversity:<\/strong> This component focuses on the diversity of different species in a particular ecosystem or planet. High species diversity is a hallmark of healthy ecosystems and is often associated with greater stability and resilience in these ecosystems.<\/p><p>\u2022 <strong>Ecosystem Diversity:<\/strong> Ecosystems consist of interactions between different species in a particular environment. Ecosystem diversity relates to different types of ecosystems (e.g. forests, wetlands, coral reefs) and the variety of ecological processes and functions they perform.<\/p><p>Living natural resources, the richness of species and ecosystems that are the basic elements of biodiversity, are indispensable for the welfare, balanced and continuous development of a country, and are the most important vital treasure that we will leave to the next generations. Medicine, pharmacy, agriculture, forestry, animal husbandry, fishing and tourism, which are the basic wheels of country economies, depend on biodiversity as a basic source of raw materials. Biodiversity forms the web of life on which we depend for many things, including food, water, medicine, a stable climate, economic growth, and more. More than half of global GDP depends on nature. More than a billion people rely on forests for their livelihood, and terrestrial ecosystems and the ocean absorb more than half of all carbon emissions.<\/p>\t\t\t\t\t\t<\/div>\n\t\t\t\t<\/div>\n\t\t\t\t\t<\/div>\n\t\t<\/div>\n\t\t\t\t\t<\/div>\n\t\t<\/section>\n\t\t\t\t<section class=\"elementor-section elementor-top-section elementor-element elementor-element-13c02af1 elementor-section-boxed elementor-section-height-default elementor-section-height-default sc_fly_static\" data-id=\"13c02af1\" data-element_type=\"section\">\n\t\t\t\t\t\t<div class=\"elementor-container elementor-column-gap-extended\">\n\t\t\t\t\t<div class=\"elementor-column elementor-col-100 elementor-top-column elementor-element elementor-element-795ebdd5 sc_inner_width_none sc_content_align_inherit sc_layouts_column_icons_position_left sc_fly_static\" data-id=\"795ebdd5\" data-element_type=\"column\">\n\t\t\t<div class=\"elementor-widget-wrap elementor-element-populated\">\n\t\t\t\t\t\t<div class=\"elementor-element elementor-element-1c80bdf6 elementor-widget-divider--view-line sc_fly_static elementor-widget elementor-widget-divider\" data-id=\"1c80bdf6\" data-element_type=\"widget\" data-widget_type=\"divider.default\">\n\t\t\t\t<div class=\"elementor-widget-container\">\n\t\t\t\t\t<div class=\"elementor-divider\">\n\t\t\t<span class=\"elementor-divider-separator\">\n\t\t\t\t\t\t<\/span>\n\t\t<\/div>\n\t\t\t\t<\/div>\n\t\t\t\t<\/div>\n\t\t\t\t\t<\/div>\n\t\t<\/div>\n\t\t\t\t\t<\/div>\n\t\t<\/section>\n\t\t\t\t<section class=\"elementor-section elementor-top-section elementor-element elementor-element-28144569 elementor-section-content-middle elementor-section-boxed elementor-section-height-default elementor-section-height-default sc_fly_static\" data-id=\"28144569\" data-element_type=\"section\">\n\t\t\t\t\t\t<div class=\"elementor-container elementor-column-gap-extended\">\n\t\t\t\t\t<div class=\"elementor-column elementor-col-50 elementor-top-column elementor-element elementor-element-2c4b93fe sc_inner_width_none sc_content_align_inherit sc_layouts_column_icons_position_left sc_fly_static\" data-id=\"2c4b93fe\" data-element_type=\"column\">\n\t\t\t<div class=\"elementor-widget-wrap elementor-element-populated\">\n\t\t\t\t\t\t<div class=\"elementor-element elementor-element-c52cefb sc_layouts_hide_on_wide sc_layouts_hide_on_desktop sc_layouts_hide_on_notebook sc_fly_static elementor-widget elementor-widget-image\" data-id=\"c52cefb\" data-element_type=\"widget\" data-widget_type=\"image.default\">\n\t\t\t\t<div class=\"elementor-widget-container\">\n\t\t\t\t\t\t\t\t\t\t\t\t\t<img decoding=\"async\" width=\"1024\" height=\"772\" src=\"https:\/\/abbm.atauni.edu.tr\/wp-content\/uploads\/2023\/12\/Biyocesitlilik-foto-2-1024x772.jpg\" class=\"attachment-large size-large wp-image-20244\" alt=\"\" srcset=\"https:\/\/abbm.atauni.edu.tr\/wp-content\/uploads\/2023\/12\/Biyocesitlilik-foto-2-1024x772.jpg 1024w, https:\/\/abbm.atauni.edu.tr\/wp-content\/uploads\/2023\/12\/Biyocesitlilik-foto-2-300x226.jpg 300w, https:\/\/abbm.atauni.edu.tr\/wp-content\/uploads\/2023\/12\/Biyocesitlilik-foto-2-768x579.jpg 768w, https:\/\/abbm.atauni.edu.tr\/wp-content\/uploads\/2023\/12\/Biyocesitlilik-foto-2-1536x1157.jpg 1536w, https:\/\/abbm.atauni.edu.tr\/wp-content\/uploads\/2023\/12\/Biyocesitlilik-foto-2-2048x1543.jpg 2048w, https:\/\/abbm.atauni.edu.tr\/wp-content\/uploads\/2023\/12\/Biyocesitlilik-foto-2-16x12.jpg 16w, https:\/\/abbm.atauni.edu.tr\/wp-content\/uploads\/2023\/12\/Biyocesitlilik-foto-2-370x279.jpg 370w, https:\/\/abbm.atauni.edu.tr\/wp-content\/uploads\/2023\/12\/Biyocesitlilik-foto-2-840x633.jpg 840w, https:\/\/abbm.atauni.edu.tr\/wp-content\/uploads\/2023\/12\/Biyocesitlilik-foto-2-410x309.jpg 410w, https:\/\/abbm.atauni.edu.tr\/wp-content\/uploads\/2023\/12\/Biyocesitlilik-foto-2-600x452.jpg 600w\" sizes=\"(max-width: 1024px) 100vw, 1024px\" \/>\t\t\t\t\t\t\t\t\t\t\t\t\t<\/div>\n\t\t\t\t<\/div>\n\t\t\t\t<div class=\"elementor-element elementor-element-37da018a sc_fly_static elementor-widget elementor-widget-text-editor\" data-id=\"37da018a\" data-element_type=\"widget\" data-widget_type=\"text-editor.default\">\n\t\t\t\t<div class=\"elementor-widget-container\">\n\t\t\t\t\t\t\t<h6>Biodiversity is important for many reasons:\u00a0<br \/><br \/><\/h6><p>\u2022 <strong>Ecosystem Services:<\/strong> Biodiversity provides vital ecosystem services essential for human well-being, such as plant pollination, water purification and carbon storage.<\/p><p>\u2022 <strong>Durability:<\/strong> High biodiversity can make ecosystems more resilient to environmental changes and disturbances, including climate change.<\/p><p>\u2022 <strong>Economic Value:<\/strong> Biodiversity provides the origin of food, medicine and other resources and supports industries such as agriculture and fishing.<\/p><p>\u2022 <strong>Scientific Understanding:<\/strong> It is a source of scientific knowledge and inspiration that drives discoveries in fields such as biodiversity, taxonomy, systematics, ecology, genetics and medicine.<\/p><p>\u2022 <strong>Aesthetic and Cultural Value:<\/strong> Many people derive cultural and aesthetic value from the diversity of life forms on Earth.<\/p><p>However, biodiversity faces significant threats, largely due to human activities. Habitat destruction, pollution, overconsumption of natural resources, climate change and the spread of invasive species are among the main causes of biodiversity loss. This loss of biodiversity can have far-reaching consequences, including reduced ecosystem stability, potential impacts on food security, and loss of potential future benefits.<\/p>\t\t\t\t\t\t<\/div>\n\t\t\t\t<\/div>\n\t\t\t\t\t<\/div>\n\t\t<\/div>\n\t\t\t\t<div class=\"elementor-column elementor-col-50 elementor-top-column elementor-element elementor-element-13a620f6 sc_inner_width_none sc_content_align_inherit sc_layouts_column_icons_position_left sc_fly_static\" data-id=\"13a620f6\" data-element_type=\"column\">\n\t\t\t<div class=\"elementor-widget-wrap elementor-element-populated\">\n\t\t\t\t\t\t<div class=\"elementor-element elementor-element-46214584 sc_layouts_hide_on_tablet sc_layouts_hide_on_mobile sc_fly_static elementor-widget elementor-widget-image\" data-id=\"46214584\" data-element_type=\"widget\" data-widget_type=\"image.default\">\n\t\t\t\t<div class=\"elementor-widget-container\">\n\t\t\t\t\t\t\t\t\t\t\t\t\t<img decoding=\"async\" width=\"1024\" height=\"772\" src=\"https:\/\/abbm.atauni.edu.tr\/wp-content\/uploads\/2023\/12\/Biyocesitlilik-foto-2-1024x772.jpg\" class=\"attachment-large size-large wp-image-20244\" alt=\"\" srcset=\"https:\/\/abbm.atauni.edu.tr\/wp-content\/uploads\/2023\/12\/Biyocesitlilik-foto-2-1024x772.jpg 1024w, https:\/\/abbm.atauni.edu.tr\/wp-content\/uploads\/2023\/12\/Biyocesitlilik-foto-2-300x226.jpg 300w, https:\/\/abbm.atauni.edu.tr\/wp-content\/uploads\/2023\/12\/Biyocesitlilik-foto-2-768x579.jpg 768w, https:\/\/abbm.atauni.edu.tr\/wp-content\/uploads\/2023\/12\/Biyocesitlilik-foto-2-1536x1157.jpg 1536w, https:\/\/abbm.atauni.edu.tr\/wp-content\/uploads\/2023\/12\/Biyocesitlilik-foto-2-2048x1543.jpg 2048w, https:\/\/abbm.atauni.edu.tr\/wp-content\/uploads\/2023\/12\/Biyocesitlilik-foto-2-16x12.jpg 16w, https:\/\/abbm.atauni.edu.tr\/wp-content\/uploads\/2023\/12\/Biyocesitlilik-foto-2-370x279.jpg 370w, https:\/\/abbm.atauni.edu.tr\/wp-content\/uploads\/2023\/12\/Biyocesitlilik-foto-2-840x633.jpg 840w, https:\/\/abbm.atauni.edu.tr\/wp-content\/uploads\/2023\/12\/Biyocesitlilik-foto-2-410x309.jpg 410w, https:\/\/abbm.atauni.edu.tr\/wp-content\/uploads\/2023\/12\/Biyocesitlilik-foto-2-600x452.jpg 600w\" sizes=\"(max-width: 1024px) 100vw, 1024px\" \/>\t\t\t\t\t\t\t\t\t\t\t\t\t<\/div>\n\t\t\t\t<\/div>\n\t\t\t\t\t<\/div>\n\t\t<\/div>\n\t\t\t\t\t<\/div>\n\t\t<\/section>\n\t\t\t\t<section class=\"elementor-section elementor-top-section elementor-element elementor-element-654b2e81 elementor-section-boxed elementor-section-height-default elementor-section-height-default sc_fly_static\" data-id=\"654b2e81\" data-element_type=\"section\">\n\t\t\t\t\t\t<div class=\"elementor-container elementor-column-gap-extended\">\n\t\t\t\t\t<div class=\"elementor-column elementor-col-100 elementor-top-column elementor-element elementor-element-2231a71c sc_inner_width_none sc_content_align_inherit sc_layouts_column_icons_position_left sc_fly_static\" data-id=\"2231a71c\" data-element_type=\"column\">\n\t\t\t<div class=\"elementor-widget-wrap elementor-element-populated\">\n\t\t\t\t\t\t<div class=\"elementor-element elementor-element-6be0c932 elementor-widget-divider--view-line sc_fly_static elementor-widget elementor-widget-divider\" data-id=\"6be0c932\" data-element_type=\"widget\" data-widget_type=\"divider.default\">\n\t\t\t\t<div class=\"elementor-widget-container\">\n\t\t\t\t\t<div class=\"elementor-divider\">\n\t\t\t<span class=\"elementor-divider-separator\">\n\t\t\t\t\t\t<\/span>\n\t\t<\/div>\n\t\t\t\t<\/div>\n\t\t\t\t<\/div>\n\t\t\t\t\t<\/div>\n\t\t<\/div>\n\t\t\t\t\t<\/div>\n\t\t<\/section>\n\t\t\t\t<section class=\"elementor-section elementor-top-section elementor-element elementor-element-4c1c64e5 elementor-section-content-middle elementor-section-boxed elementor-section-height-default elementor-section-height-default sc_fly_static\" data-id=\"4c1c64e5\" data-element_type=\"section\">\n\t\t\t\t\t\t<div class=\"elementor-container elementor-column-gap-extended\">\n\t\t\t\t\t<div class=\"elementor-column elementor-col-50 elementor-top-column elementor-element elementor-element-13a70912 sc_inner_width_none sc_content_align_inherit sc_layouts_column_icons_position_left sc_fly_static\" data-id=\"13a70912\" data-element_type=\"column\">\n\t\t\t<div class=\"elementor-widget-wrap elementor-element-populated\">\n\t\t\t\t\t\t<div class=\"elementor-element elementor-element-3c5c1057 sc_fly_static elementor-widget elementor-widget-image\" data-id=\"3c5c1057\" data-element_type=\"widget\" data-widget_type=\"image.default\">\n\t\t\t\t<div class=\"elementor-widget-container\">\n\t\t\t\t\t\t\t\t\t\t\t\t\t<img decoding=\"async\" width=\"1024\" height=\"771\" src=\"https:\/\/abbm.atauni.edu.tr\/wp-content\/uploads\/2023\/12\/arasvalley-05-080-1024x771.jpg\" class=\"attachment-large size-large wp-image-20047\" alt=\"\" srcset=\"https:\/\/abbm.atauni.edu.tr\/wp-content\/uploads\/2023\/12\/arasvalley-05-080-1024x771.jpg 1024w, https:\/\/abbm.atauni.edu.tr\/wp-content\/uploads\/2023\/12\/arasvalley-05-080-300x226.jpg 300w, https:\/\/abbm.atauni.edu.tr\/wp-content\/uploads\/2023\/12\/arasvalley-05-080-768x579.jpg 768w, https:\/\/abbm.atauni.edu.tr\/wp-content\/uploads\/2023\/12\/arasvalley-05-080-370x279.jpg 370w, https:\/\/abbm.atauni.edu.tr\/wp-content\/uploads\/2023\/12\/arasvalley-05-080-840x633.jpg 840w, https:\/\/abbm.atauni.edu.tr\/wp-content\/uploads\/2023\/12\/arasvalley-05-080-410x309.jpg 410w, https:\/\/abbm.atauni.edu.tr\/wp-content\/uploads\/2023\/12\/arasvalley-05-080-600x452.jpg 600w, https:\/\/abbm.atauni.edu.tr\/wp-content\/uploads\/2023\/12\/arasvalley-05-080.jpg 1500w\" sizes=\"(max-width: 1024px) 100vw, 1024px\" \/>\t\t\t\t\t\t\t\t\t\t\t\t\t<\/div>\n\t\t\t\t<\/div>\n\t\t\t\t\t<\/div>\n\t\t<\/div>\n\t\t\t\t<div class=\"elementor-column elementor-col-50 elementor-top-column elementor-element elementor-element-1da5a603 sc_inner_width_none sc_content_align_inherit sc_layouts_column_icons_position_left sc_fly_static\" data-id=\"1da5a603\" data-element_type=\"column\">\n\t\t\t<div class=\"elementor-widget-wrap elementor-element-populated\">\n\t\t\t\t\t\t<div class=\"elementor-element elementor-element-1f5c1582 sc_fly_static elementor-widget elementor-widget-text-editor\" data-id=\"1f5c1582\" data-element_type=\"widget\" data-widget_type=\"text-editor.default\">\n\t\t\t\t<div class=\"elementor-widget-container\">\n\t\t\t\t\t\t\t<h6>Biodiversity is under threat<\/h6><p>\u2022 Nature is experiencing a dangerous collapse, and we humans are causing it.\u00a0<br \/>\u2022 The world&#039;s ecosystems cannot keep up with our demands to sustain our current lifestyle (UNEP-United Nations Environment Programme).<br \/>\u2022 Climate change is playing an increasingly important role in reducing biodiversity. With each degree of warming, the risk of species extinction increases.<br \/>\u2022 Species extinctions are at least a thousand times greater than pre-human rates (De Vos et al., 2015).<br \/>\u2022 One million (1,000,000) of the estimated 8 million species in the world are in danger of extinction (IPBES-Intergovernmental Science-Policy Platform on Biodiversity and Ecosystem Services).<br \/>\u2022 75 percent of the Earth&#039;s land surface has been significantly altered by human actions, including 85 percent of wetlands (IPBES).<br \/>\u2022 66 percent of ocean area is negatively affected by human activities, including fishing and pollution (IPBES).<br \/>\u2022 Approximately 90% of the world's marine fish stocks are completely overexploited or depleted (UNCTAD- United Nations Conference on Trade and Development).<br \/>\u2022 The global food system is the leading cause of biodiversity loss, with agriculture alone the identified threat to 24,000 of the 28,000 species at risk of extinction (Chatham House and UNEP).<br \/>\u2022 Agricultural expansion accounts for 70% of projected terrestrial biodiversity loss (CBD-Convention on Biological Diversity).<br \/>\u2022 There is a loss of $577 billion in annual global crop production due to pollinator species being at risk.<br \/>\u2022 Time is running out to stop biodiversity loss.<\/p>\t\t\t\t\t\t<\/div>\n\t\t\t\t<\/div>\n\t\t\t\t\t<\/div>\n\t\t<\/div>\n\t\t\t\t\t<\/div>\n\t\t<\/section>\n\t\t\t\t<section class=\"elementor-section elementor-top-section elementor-element elementor-element-1210ef96 elementor-section-boxed elementor-section-height-default elementor-section-height-default sc_fly_static\" data-id=\"1210ef96\" data-element_type=\"section\">\n\t\t\t\t\t\t<div class=\"elementor-container elementor-column-gap-extended\">\n\t\t\t\t\t<div class=\"elementor-column elementor-col-100 elementor-top-column elementor-element elementor-element-4becee05 sc_inner_width_none sc_content_align_inherit sc_layouts_column_icons_position_left sc_fly_static\" data-id=\"4becee05\" data-element_type=\"column\">\n\t\t\t<div class=\"elementor-widget-wrap elementor-element-populated\">\n\t\t\t\t\t\t<div class=\"elementor-element elementor-element-2b6c68cf elementor-tabs-alignment-center elementor-tabs-view-horizontal sc_tabs_icon_position_left sc_fly_static elementor-widget elementor-widget-tabs\" data-id=\"2b6c68cf\" data-element_type=\"widget\" data-widget_type=\"tabs.default\">\n\t\t\t\t<div class=\"elementor-widget-container\">\n\t\t\t\t\t<div class=\"elementor-tabs\">\n\t\t\t<div class=\"elementor-tabs-wrapper\" role=\"tablist\" >\n\t\t\t\t\t\t\t\t\t<div id=\"elementor-tab-title-7281\" class=\"elementor-tab-title elementor-tab-desktop-title\" aria-selected=\"true\" data-tab=\"1\" role=\"tab\" tabindex=\"0\" aria-controls=\"elementor-tab-content-7281\" aria-expanded=\"false\">The Importance of Incorporating into the United Nations and National Biodiversity Policies<\/div>\n\t\t\t\t\t\t\t<\/div>\n\t\t\t<div class=\"elementor-tabs-content-wrapper\" role=\"tablist\" aria-orientation=\"vertical\">\n\t\t\t\t\t\t\t\t\t<div class=\"elementor-tab-title elementor-tab-mobile-title\" aria-selected=\"true\" data-tab=\"1\" role=\"tab\" tabindex=\"0\" aria-controls=\"elementor-tab-content-7281\" aria-expanded=\"false\">The Importance of Incorporating into the United Nations and National Biodiversity Policies<\/div>\n\t\t\t\t\t<div id=\"elementor-tab-content-7281\" class=\"elementor-tab-content elementor-clearfix\" data-tab=\"1\" role=\"tabpanel\" aria-labelledby=\"elementor-tab-title-7281\" tabindex=\"0\" hidden=\"false\"><p>The three main goals of the International Convention on Biodiversity are; 1- Protection of biodiversity, 2- Sustainable use of resources, 3- Fair sharing of the benefits of genetic resources. Among the 17-item Sustainable Development Goals of the United Nations, the 14th article is \"Life in Water\" and the 15th article is \"Life on Terrestrial\". Both articles (14th and 15th) state the need for urgent action to protect biodiversity and endangered species. In order to achieve this, the parameters of determining our country's biodiversity elements, taxonomic analysis, identification, naming, recording, creating a national biodiversity collection, determining the conservation status of species, raising public awareness, data management, digitalization and inclusion in information network systems must be fulfilled. The \"Green Deal\" mission announced by the European Union in 2020 states research priorities until 2050. Climate change and the protection of biodiversity, species and ecosystems are the most prominent topics.<\/p><p>T\u00fcrkiye is a large country that is a bridge between Europe and Asia with a geographical area of 779,452 km2, and the biogeography of Anatolia, where 3 biodiversity hotspots meet, is one of the regions with the richest species diversity. According to the National Biodiversity Monitoring Report (2011), there are 31,478 species in our country (11,000 plants; 460 birds; 161 mammals; 141 reptiles; 480 marine fish; 236 freshwater fish; 19,000 invertebrates), and according to GBIF records, there are around 39,714 species. According to IUCN records, the number of species existing in Europe is over 120,000.<\/p><p><img loading=\"lazy\" decoding=\"async\" class=\"aligncenter wp-image-20245 size-full\" src=\"https:\/\/abbm.atauni.edu.tr\/wp-content\/uploads\/2023\/12\/Birlesmis-Milletler.jpg\" alt=\"\" width=\"2438\" height=\"1378\" srcset=\"https:\/\/abbm.atauni.edu.tr\/wp-content\/uploads\/2023\/12\/Birlesmis-Milletler.jpg 2438w, https:\/\/abbm.atauni.edu.tr\/wp-content\/uploads\/2023\/12\/Birlesmis-Milletler-300x170.jpg 300w, https:\/\/abbm.atauni.edu.tr\/wp-content\/uploads\/2023\/12\/Birlesmis-Milletler-1024x579.jpg 1024w, https:\/\/abbm.atauni.edu.tr\/wp-content\/uploads\/2023\/12\/Birlesmis-Milletler-768x434.jpg 768w, https:\/\/abbm.atauni.edu.tr\/wp-content\/uploads\/2023\/12\/Birlesmis-Milletler-1536x868.jpg 1536w, https:\/\/abbm.atauni.edu.tr\/wp-content\/uploads\/2023\/12\/Birlesmis-Milletler-2048x1158.jpg 2048w, https:\/\/abbm.atauni.edu.tr\/wp-content\/uploads\/2023\/12\/Birlesmis-Milletler-18x10.jpg 18w, https:\/\/abbm.atauni.edu.tr\/wp-content\/uploads\/2023\/12\/Birlesmis-Milletler-370x209.jpg 370w, https:\/\/abbm.atauni.edu.tr\/wp-content\/uploads\/2023\/12\/Birlesmis-Milletler-840x475.jpg 840w, https:\/\/abbm.atauni.edu.tr\/wp-content\/uploads\/2023\/12\/Birlesmis-Milletler-410x232.jpg 410w, https:\/\/abbm.atauni.edu.tr\/wp-content\/uploads\/2023\/12\/Birlesmis-Milletler-600x339.jpg 600w, https:\/\/abbm.atauni.edu.tr\/wp-content\/uploads\/2023\/12\/Birlesmis-Milletler-270x152.jpg 270w\" sizes=\"(max-width: 2438px) 100vw, 2438px\" \/><\/p><\/div>\n\t\t\t\t\t\t\t<\/div>\n\t\t<\/div>\n\t\t\t\t<\/div>\n\t\t\t\t<\/div>\n\t\t\t\t\t<\/div>\n\t\t<\/div>\n\t\t\t\t\t<\/div>\n\t\t<\/section>\n\t\t\t\t<\/div>","protected":false},"excerpt":{"rendered":"<p>Biyolojik \u00e7e\u015fitlilik daha yayg\u0131n kullan\u0131m\u0131 ile \u201cBiyo\u00e7e\u015fitlilik\u201d, ya\u015fam\u0131n b\u00fct\u00fcnsel bir g\u00f6r\u00fcn\u00fcm\u00fcn\u00fc tan\u0131mlayan genlerden t\u00fcrlere, t\u00fcrlerden ekosistemlerin geni\u015f \u00f6l\u00e7e\u011fine kadar t\u00fcm ya\u015fam formlar\u0131n\u0131n \u00e7e\u015fitlili\u011fidir.\u00a0 Biyo\u00e7e\u015fitlilik tipik olarak \u00fc\u00e7 ana bile\u015fenle tan\u0131mlan\u0131r&hellip;<\/p>","protected":false},"author":1,"featured_media":20244,"parent":0,"menu_order":0,"comment_status":"closed","ping_status":"closed","template":"","meta":{"rank_math_lock_modified_date":false,"footnotes":""},"class_list":["post-18766","page","type-page","status-publish","has-post-thumbnail","hentry"],"_links":{"self":[{"href":"https:\/\/abbm.atauni.edu.tr\/en\/wp-json\/wp\/v2\/pages\/18766","targetHints":{"allow":["GET"]}}],"collection":[{"href":"https:\/\/abbm.atauni.edu.tr\/en\/wp-json\/wp\/v2\/pages"}],"about":[{"href":"https:\/\/abbm.atauni.edu.tr\/en\/wp-json\/wp\/v2\/types\/page"}],"author":[{"embeddable":true,"href":"https:\/\/abbm.atauni.edu.tr\/en\/wp-json\/wp\/v2\/users\/1"}],"replies":[{"embeddable":true,"href":"https:\/\/abbm.atauni.edu.tr\/en\/wp-json\/wp\/v2\/comments?post=18766"}],"version-history":[{"count":35,"href":"https:\/\/abbm.atauni.edu.tr\/en\/wp-json\/wp\/v2\/pages\/18766\/revisions"}],"predecessor-version":[{"id":20603,"href":"https:\/\/abbm.atauni.edu.tr\/en\/wp-json\/wp\/v2\/pages\/18766\/revisions\/20603"}],"wp:featuredmedia":[{"embeddable":true,"href":"https:\/\/abbm.atauni.edu.tr\/en\/wp-json\/wp\/v2\/media\/20244"}],"wp:attachment":[{"href":"https:\/\/abbm.atauni.edu.tr\/en\/wp-json\/wp\/v2\/media?parent=18766"}],"curies":[{"name":"wp","href":"https:\/\/api.w.org\/{rel}","templated":true}]}}