{"id":18776,"date":"2023-11-24T11:34:43","date_gmt":"2023-11-24T08:34:43","guid":{"rendered":"https:\/\/abbm.atauni.edu.tr\/?page_id=18776"},"modified":"2023-12-27T10:45:41","modified_gmt":"2023-12-27T07:45:41","slug":"tur-ve-ekosistem-koruma","status":"publish","type":"page","link":"https:\/\/abbm.atauni.edu.tr\/en\/tur-ve-ekosistem-koruma\/","title":{"rendered":"Species and Ecosystem Conservation"},"content":{"rendered":"<div data-elementor-type=\"wp-page\" data-elementor-id=\"18776\" class=\"elementor elementor-18776\">\n\t\t\t\t\t\t<section class=\"elementor-section elementor-top-section elementor-element elementor-element-17350e94 elementor-section-content-middle elementor-section-boxed elementor-section-height-default elementor-section-height-default sc_fly_static\" data-id=\"17350e94\" data-element_type=\"section\">\n\t\t\t\t\t\t<div class=\"elementor-container elementor-column-gap-extended\">\n\t\t\t\t\t<div class=\"elementor-column elementor-col-50 elementor-top-column elementor-element elementor-element-6305c3c9 sc_inner_width_none sc_content_align_inherit sc_layouts_column_icons_position_left sc_fly_static\" data-id=\"6305c3c9\" data-element_type=\"column\">\n\t\t\t<div class=\"elementor-widget-wrap elementor-element-populated\">\n\t\t\t\t\t\t<div class=\"elementor-element elementor-element-794c719e sc_fly_static elementor-widget elementor-widget-image\" data-id=\"794c719e\" data-element_type=\"widget\" data-widget_type=\"image.default\">\n\t\t\t\t<div class=\"elementor-widget-container\">\n\t\t\t\t\t\t\t\t\t\t\t\t\t<img fetchpriority=\"high\" decoding=\"async\" width=\"800\" height=\"400\" src=\"https:\/\/abbm.atauni.edu.tr\/wp-content\/uploads\/2023\/12\/F1A-endangered-rhino.jpg\" class=\"attachment-large size-large wp-image-20257\" alt=\"\" srcset=\"https:\/\/abbm.atauni.edu.tr\/wp-content\/uploads\/2023\/12\/F1A-endangered-rhino.jpg 800w, https:\/\/abbm.atauni.edu.tr\/wp-content\/uploads\/2023\/12\/F1A-endangered-rhino-300x150.jpg 300w, https:\/\/abbm.atauni.edu.tr\/wp-content\/uploads\/2023\/12\/F1A-endangered-rhino-768x384.jpg 768w, https:\/\/abbm.atauni.edu.tr\/wp-content\/uploads\/2023\/12\/F1A-endangered-rhino-18x9.jpg 18w, https:\/\/abbm.atauni.edu.tr\/wp-content\/uploads\/2023\/12\/F1A-endangered-rhino-370x185.jpg 370w, https:\/\/abbm.atauni.edu.tr\/wp-content\/uploads\/2023\/12\/F1A-endangered-rhino-410x205.jpg 410w, https:\/\/abbm.atauni.edu.tr\/wp-content\/uploads\/2023\/12\/F1A-endangered-rhino-600x300.jpg 600w\" sizes=\"(max-width: 800px) 100vw, 800px\" \/>\t\t\t\t\t\t\t\t\t\t\t\t\t<\/div>\n\t\t\t\t<\/div>\n\t\t\t\t<div class=\"elementor-element elementor-element-1a96718 sc_fly_static elementor-widget elementor-widget-image\" data-id=\"1a96718\" data-element_type=\"widget\" data-widget_type=\"image.default\">\n\t\t\t\t<div class=\"elementor-widget-container\">\n\t\t\t\t\t\t\t\t\t\t\t\t\t<img decoding=\"async\" width=\"1024\" height=\"130\" src=\"https:\/\/abbm.atauni.edu.tr\/wp-content\/uploads\/2023\/12\/Ekran_Resmi_2023-12-21_15.51.02-removebg-preview-1024x130.png\" class=\"attachment-large size-large wp-image-20347\" alt=\"\" srcset=\"https:\/\/abbm.atauni.edu.tr\/wp-content\/uploads\/2023\/12\/Ekran_Resmi_2023-12-21_15.51.02-removebg-preview-1024x130.png 1024w, https:\/\/abbm.atauni.edu.tr\/wp-content\/uploads\/2023\/12\/Ekran_Resmi_2023-12-21_15.51.02-removebg-preview-300x38.png 300w, https:\/\/abbm.atauni.edu.tr\/wp-content\/uploads\/2023\/12\/Ekran_Resmi_2023-12-21_15.51.02-removebg-preview-768x97.png 768w, https:\/\/abbm.atauni.edu.tr\/wp-content\/uploads\/2023\/12\/Ekran_Resmi_2023-12-21_15.51.02-removebg-preview-18x2.png 18w, https:\/\/abbm.atauni.edu.tr\/wp-content\/uploads\/2023\/12\/Ekran_Resmi_2023-12-21_15.51.02-removebg-preview-370x47.png 370w, https:\/\/abbm.atauni.edu.tr\/wp-content\/uploads\/2023\/12\/Ekran_Resmi_2023-12-21_15.51.02-removebg-preview-840x107.png 840w, https:\/\/abbm.atauni.edu.tr\/wp-content\/uploads\/2023\/12\/Ekran_Resmi_2023-12-21_15.51.02-removebg-preview-410x52.png 410w, https:\/\/abbm.atauni.edu.tr\/wp-content\/uploads\/2023\/12\/Ekran_Resmi_2023-12-21_15.51.02-removebg-preview-600x76.png 600w, https:\/\/abbm.atauni.edu.tr\/wp-content\/uploads\/2023\/12\/Ekran_Resmi_2023-12-21_15.51.02-removebg-preview.png 1166w\" sizes=\"(max-width: 1024px) 100vw, 1024px\" \/>\t\t\t\t\t\t\t\t\t\t\t\t\t<\/div>\n\t\t\t\t<\/div>\n\t\t\t\t\t<\/div>\n\t\t<\/div>\n\t\t\t\t<div class=\"elementor-column elementor-col-50 elementor-top-column elementor-element elementor-element-7f57a2b5 sc_inner_width_none sc_content_align_inherit sc_layouts_column_icons_position_left sc_fly_static\" data-id=\"7f57a2b5\" data-element_type=\"column\">\n\t\t\t<div class=\"elementor-widget-wrap elementor-element-populated\">\n\t\t\t\t\t\t<div class=\"elementor-element elementor-element-401b2772 sc_fly_static elementor-widget elementor-widget-text-editor\" data-id=\"401b2772\" data-element_type=\"widget\" data-widget_type=\"text-editor.default\">\n\t\t\t\t<div class=\"elementor-widget-container\">\n\t\t\t\t\t\t\t<p><strong>Species:<\/strong> A taxonomic category that includes individuals that reproduce under natural conditions and produce fertile offspring, are separated from closely related species by reproductive isolation, and are phenotypically very similar to each other is called a species.<\/p><p><strong>Ecosystem:<\/strong>\u00a0 The whole formed by living things living in a certain area and constantly interacting with each other and their non-living environment is called an ecosystem. Ecosystem is the entire living and non-living environment.<\/p><p><strong>Endangered species:<\/strong> They are organisms that are in danger of extinction in the near future unless appropriate conservation measures are taken. Major factors contributing to species endangerment include habitat destruction, pollution, climate change, overexploitation and other human activities. When a species is classified as endangered, it means that its population has decreased significantly and is in danger of extinction.<\/p>\t\t\t\t\t\t<\/div>\n\t\t\t\t<\/div>\n\t\t\t\t\t<\/div>\n\t\t<\/div>\n\t\t\t\t\t<\/div>\n\t\t<\/section>\n\t\t\t\t<section class=\"elementor-section elementor-top-section elementor-element elementor-element-429f487 elementor-section-boxed elementor-section-height-default elementor-section-height-default sc_fly_static\" data-id=\"429f487\" data-element_type=\"section\">\n\t\t\t\t\t\t<div class=\"elementor-container elementor-column-gap-extended\">\n\t\t\t\t\t<div class=\"elementor-column elementor-col-100 elementor-top-column elementor-element elementor-element-d5a6a37 sc_inner_width_none sc_content_align_inherit sc_layouts_column_icons_position_left sc_fly_static\" data-id=\"d5a6a37\" data-element_type=\"column\">\n\t\t\t<div class=\"elementor-widget-wrap elementor-element-populated\">\n\t\t\t\t\t\t<div class=\"elementor-element elementor-element-63e9f5a sc_fly_static elementor-widget elementor-widget-text-editor\" data-id=\"63e9f5a\" data-element_type=\"widget\" data-widget_type=\"text-editor.default\">\n\t\t\t\t<div class=\"elementor-widget-container\">\n\t\t\t\t\t\t\t<p>The importance of protecting endangered species goes beyond individual species. Biodiversity, the variety of life on Earth, is crucial to the stability and resilience of the ecosystem. The loss of one species can have cascading effects on the entire ecosystem; It can affect other species and even human populations that depend on healthy ecosystems for various resources.<\/p><p>International organizations such as the International Union for Conservation of Nature (IUCN) maintain a Red List that categorizes the conservation status of thousands of species worldwide. Species can be classified as \u201ccritically endangered,\u201d \u201cendangered,\u201d or \u201cvulnerable,\u201d among other categories, based on the level of threat they face. Conservation efforts often focus on raising awareness, implementing protective measures, and conducting research to better understand and address factors that contribute to the decline of endangered species.<\/p>\t\t\t\t\t\t<\/div>\n\t\t\t\t<\/div>\n\t\t\t\t\t<\/div>\n\t\t<\/div>\n\t\t\t\t\t<\/div>\n\t\t<\/section>\n\t\t\t\t<section class=\"elementor-section elementor-top-section elementor-element elementor-element-13c02af1 sc_layouts_hide_on_tablet sc_layouts_hide_on_mobile elementor-section-boxed elementor-section-height-default elementor-section-height-default sc_fly_static\" data-id=\"13c02af1\" data-element_type=\"section\">\n\t\t\t\t\t\t<div class=\"elementor-container elementor-column-gap-extended\">\n\t\t\t\t\t<div class=\"elementor-column elementor-col-100 elementor-top-column elementor-element elementor-element-795ebdd5 sc_inner_width_none sc_content_align_inherit sc_layouts_column_icons_position_left sc_fly_static\" data-id=\"795ebdd5\" data-element_type=\"column\">\n\t\t\t<div class=\"elementor-widget-wrap elementor-element-populated\">\n\t\t\t\t\t\t<div class=\"elementor-element elementor-element-1c80bdf6 elementor-widget-divider--view-line sc_fly_static elementor-widget elementor-widget-divider\" data-id=\"1c80bdf6\" data-element_type=\"widget\" data-widget_type=\"divider.default\">\n\t\t\t\t<div class=\"elementor-widget-container\">\n\t\t\t\t\t<div class=\"elementor-divider\">\n\t\t\t<span class=\"elementor-divider-separator\">\n\t\t\t\t\t\t<\/span>\n\t\t<\/div>\n\t\t\t\t<\/div>\n\t\t\t\t<\/div>\n\t\t\t\t\t<\/div>\n\t\t<\/div>\n\t\t\t\t\t<\/div>\n\t\t<\/section>\n\t\t\t\t<section class=\"elementor-section elementor-top-section elementor-element elementor-element-28144569 elementor-section-content-middle elementor-section-boxed elementor-section-height-default elementor-section-height-default sc_fly_static\" data-id=\"28144569\" data-element_type=\"section\">\n\t\t\t\t\t\t<div class=\"elementor-container elementor-column-gap-extended\">\n\t\t\t\t\t<div class=\"elementor-column elementor-col-50 elementor-top-column elementor-element elementor-element-2c4b93fe sc_inner_width_none sc_content_align_inherit sc_layouts_column_icons_position_left sc_fly_static\" data-id=\"2c4b93fe\" data-element_type=\"column\">\n\t\t\t<div class=\"elementor-widget-wrap elementor-element-populated\">\n\t\t\t\t\t\t<div class=\"elementor-element elementor-element-b49be5b sc_layouts_hide_on_wide sc_layouts_hide_on_desktop sc_layouts_hide_on_notebook sc_fly_static elementor-widget elementor-widget-image\" data-id=\"b49be5b\" data-element_type=\"widget\" data-widget_type=\"image.default\">\n\t\t\t\t<div class=\"elementor-widget-container\">\n\t\t\t\t\t\t\t\t\t\t\t\t\t<img decoding=\"async\" width=\"823\" height=\"766\" src=\"https:\/\/abbm.atauni.edu.tr\/wp-content\/uploads\/2023\/12\/F2-elephants.jpg\" class=\"attachment-large size-large wp-image-20259\" alt=\"\" srcset=\"https:\/\/abbm.atauni.edu.tr\/wp-content\/uploads\/2023\/12\/F2-elephants.jpg 823w, https:\/\/abbm.atauni.edu.tr\/wp-content\/uploads\/2023\/12\/F2-elephants-300x279.jpg 300w, https:\/\/abbm.atauni.edu.tr\/wp-content\/uploads\/2023\/12\/F2-elephants-768x715.jpg 768w, https:\/\/abbm.atauni.edu.tr\/wp-content\/uploads\/2023\/12\/F2-elephants-13x12.jpg 13w, https:\/\/abbm.atauni.edu.tr\/wp-content\/uploads\/2023\/12\/F2-elephants-370x344.jpg 370w, https:\/\/abbm.atauni.edu.tr\/wp-content\/uploads\/2023\/12\/F2-elephants-410x382.jpg 410w, https:\/\/abbm.atauni.edu.tr\/wp-content\/uploads\/2023\/12\/F2-elephants-600x558.jpg 600w\" sizes=\"(max-width: 823px) 100vw, 823px\" \/>\t\t\t\t\t\t\t\t\t\t\t\t\t<\/div>\n\t\t\t\t<\/div>\n\t\t\t\t<div class=\"elementor-element elementor-element-37da018a sc_fly_static elementor-widget elementor-widget-text-editor\" data-id=\"37da018a\" data-element_type=\"widget\" data-widget_type=\"text-editor.default\">\n\t\t\t\t<div class=\"elementor-widget-container\">\n\t\t\t\t\t\t\t<h3><strong>Species conservation<\/strong><\/h3><p>Species conservation, also known as biodiversity conservation, is the management, protection and conservation of species and their habitats. The purpose of species conservation is to prevent the extinction of endangered and threatened species and to maintain healthy ecosystems. Biodiversity, the variety of life on Earth, plays an important role in maintaining the balance and stability of ecosystems, and every species contributes to this complex web of life.<\/p><p>Some important considerations and strategies for species conservation include:\u00a0<\/p><ul><li>Habitat Protection<\/li><li>Species Monitoring and Research<\/li><li>Resettlement<\/li><li>Programs<\/li><li>Community Participation<\/li><li>Education and Awareness<\/li><li>Global Collaboration<\/li><li>Mitigating Climate Change<\/li><li>Sustainable Practices<\/li><li>Research and Technology<\/li><li>Legal Frameworks and Regulations<\/li><li>Resettlement Programs<\/li><\/ul><p>In summary, species conservation is a multifaceted and dynamic field that requires a combination of scientific research, legal frameworks, community engagement, and international cooperation to ensure the long-term survival of Earth&#039;s diverse life forms.<\/p>\t\t\t\t\t\t<\/div>\n\t\t\t\t<\/div>\n\t\t\t\t\t<\/div>\n\t\t<\/div>\n\t\t\t\t<div class=\"elementor-column elementor-col-50 elementor-top-column elementor-element elementor-element-13a620f6 sc_inner_width_none sc_content_align_inherit sc_layouts_column_icons_position_left sc_fly_static\" data-id=\"13a620f6\" data-element_type=\"column\">\n\t\t\t<div class=\"elementor-widget-wrap elementor-element-populated\">\n\t\t\t\t\t\t<div class=\"elementor-element elementor-element-3c5c1057 sc_layouts_hide_on_tablet sc_layouts_hide_on_mobile sc_fly_static elementor-widget elementor-widget-image\" data-id=\"3c5c1057\" data-element_type=\"widget\" data-widget_type=\"image.default\">\n\t\t\t\t<div class=\"elementor-widget-container\">\n\t\t\t\t\t\t\t\t\t\t\t\t\t<img decoding=\"async\" width=\"823\" height=\"766\" src=\"https:\/\/abbm.atauni.edu.tr\/wp-content\/uploads\/2023\/12\/F2-elephants.jpg\" class=\"attachment-large size-large wp-image-20259\" alt=\"\" srcset=\"https:\/\/abbm.atauni.edu.tr\/wp-content\/uploads\/2023\/12\/F2-elephants.jpg 823w, https:\/\/abbm.atauni.edu.tr\/wp-content\/uploads\/2023\/12\/F2-elephants-300x279.jpg 300w, https:\/\/abbm.atauni.edu.tr\/wp-content\/uploads\/2023\/12\/F2-elephants-768x715.jpg 768w, https:\/\/abbm.atauni.edu.tr\/wp-content\/uploads\/2023\/12\/F2-elephants-13x12.jpg 13w, https:\/\/abbm.atauni.edu.tr\/wp-content\/uploads\/2023\/12\/F2-elephants-370x344.jpg 370w, https:\/\/abbm.atauni.edu.tr\/wp-content\/uploads\/2023\/12\/F2-elephants-410x382.jpg 410w, https:\/\/abbm.atauni.edu.tr\/wp-content\/uploads\/2023\/12\/F2-elephants-600x558.jpg 600w\" sizes=\"(max-width: 823px) 100vw, 823px\" \/>\t\t\t\t\t\t\t\t\t\t\t\t\t<\/div>\n\t\t\t\t<\/div>\n\t\t\t\t\t<\/div>\n\t\t<\/div>\n\t\t\t\t\t<\/div>\n\t\t<\/section>\n\t\t\t\t<section class=\"elementor-section elementor-top-section elementor-element elementor-element-654b2e81 sc_layouts_hide_on_tablet sc_layouts_hide_on_mobile elementor-section-boxed elementor-section-height-default elementor-section-height-default sc_fly_static\" data-id=\"654b2e81\" data-element_type=\"section\">\n\t\t\t\t\t\t<div class=\"elementor-container elementor-column-gap-extended\">\n\t\t\t\t\t<div class=\"elementor-column elementor-col-100 elementor-top-column elementor-element elementor-element-2231a71c sc_inner_width_none sc_content_align_inherit sc_layouts_column_icons_position_left sc_fly_static\" data-id=\"2231a71c\" data-element_type=\"column\">\n\t\t\t<div class=\"elementor-widget-wrap elementor-element-populated\">\n\t\t\t\t\t\t<div class=\"elementor-element elementor-element-6be0c932 elementor-widget-divider--view-line sc_fly_static elementor-widget elementor-widget-divider\" data-id=\"6be0c932\" data-element_type=\"widget\" data-widget_type=\"divider.default\">\n\t\t\t\t<div class=\"elementor-widget-container\">\n\t\t\t\t\t<div class=\"elementor-divider\">\n\t\t\t<span class=\"elementor-divider-separator\">\n\t\t\t\t\t\t<\/span>\n\t\t<\/div>\n\t\t\t\t<\/div>\n\t\t\t\t<\/div>\n\t\t\t\t\t<\/div>\n\t\t<\/div>\n\t\t\t\t\t<\/div>\n\t\t<\/section>\n\t\t\t\t<section class=\"elementor-section elementor-top-section elementor-element elementor-element-4c1c64e5 elementor-section-content-middle elementor-section-boxed elementor-section-height-default elementor-section-height-default sc_fly_static\" data-id=\"4c1c64e5\" data-element_type=\"section\">\n\t\t\t\t\t\t<div class=\"elementor-container elementor-column-gap-extended\">\n\t\t\t\t\t<div class=\"elementor-column elementor-col-50 elementor-top-column elementor-element elementor-element-13a70912 sc_inner_width_none sc_content_align_inherit sc_layouts_column_icons_position_left sc_fly_static\" data-id=\"13a70912\" data-element_type=\"column\">\n\t\t\t<div class=\"elementor-widget-wrap elementor-element-populated\">\n\t\t\t\t\t\t<div class=\"elementor-element elementor-element-01ef699 elementor-arrows-position-inside elementor-pagination-position-outside sc_fly_static elementor-widget elementor-widget-image-carousel\" data-id=\"01ef699\" data-element_type=\"widget\" data-settings=\"{&quot;slides_to_show&quot;:&quot;1&quot;,&quot;navigation&quot;:&quot;both&quot;,&quot;autoplay&quot;:&quot;yes&quot;,&quot;pause_on_hover&quot;:&quot;yes&quot;,&quot;pause_on_interaction&quot;:&quot;yes&quot;,&quot;autoplay_speed&quot;:5000,&quot;infinite&quot;:&quot;yes&quot;,&quot;effect&quot;:&quot;slide&quot;,&quot;speed&quot;:500}\" data-widget_type=\"image-carousel.default\">\n\t\t\t\t<div class=\"elementor-widget-container\">\n\t\t\t\t\t<div class=\"elementor-image-carousel-wrapper swiper\" dir=\"ltr\">\n\t\t\t<div class=\"elementor-image-carousel swiper-wrapper\" aria-live=\"off\">\n\t\t\t\t\t\t\t\t<div class=\"swiper-slide\" role=\"group\" aria-roledescription=\"slide\" aria-label=\"1 of 6\"><figure class=\"swiper-slide-inner\"><img decoding=\"async\" class=\"swiper-slide-image\" src=\"https:\/\/abbm.atauni.edu.tr\/wp-content\/uploads\/2023\/12\/ekosistem5.jpg\" alt=\"ekosistem5\" \/><\/figure><\/div><div class=\"swiper-slide\" role=\"group\" aria-roledescription=\"slide\" aria-label=\"2 of 6\"><figure class=\"swiper-slide-inner\"><img decoding=\"async\" class=\"swiper-slide-image\" src=\"https:\/\/abbm.atauni.edu.tr\/wp-content\/uploads\/2023\/12\/ekosistem-6.jpg\" alt=\"ekosistem-6\" \/><\/figure><\/div><div class=\"swiper-slide\" role=\"group\" aria-roledescription=\"slide\" aria-label=\"3 of 6\"><figure class=\"swiper-slide-inner\"><img decoding=\"async\" class=\"swiper-slide-image\" src=\"https:\/\/abbm.atauni.edu.tr\/wp-content\/uploads\/2023\/12\/ekosistem-4.jpg\" alt=\"ekosistem-4\" \/><\/figure><\/div><div class=\"swiper-slide\" role=\"group\" aria-roledescription=\"slide\" aria-label=\"4 of 6\"><figure class=\"swiper-slide-inner\"><img decoding=\"async\" class=\"swiper-slide-image\" src=\"https:\/\/abbm.atauni.edu.tr\/wp-content\/uploads\/2023\/12\/ekosistem-3.jpg\" alt=\"ekosistem-3\" \/><\/figure><\/div><div class=\"swiper-slide\" role=\"group\" aria-roledescription=\"slide\" aria-label=\"5 of 6\"><figure class=\"swiper-slide-inner\"><img decoding=\"async\" class=\"swiper-slide-image\" src=\"https:\/\/abbm.atauni.edu.tr\/wp-content\/uploads\/2023\/12\/ekosistem-2.jpg\" alt=\"ekosistem-2\" \/><\/figure><\/div><div class=\"swiper-slide\" role=\"group\" aria-roledescription=\"slide\" aria-label=\"6 of 6\"><figure class=\"swiper-slide-inner\"><img decoding=\"async\" class=\"swiper-slide-image\" src=\"https:\/\/abbm.atauni.edu.tr\/wp-content\/uploads\/2023\/12\/ekosistem-1.jpg\" alt=\"ekosistem-1\" \/><\/figure><\/div>\t\t\t<\/div>\n\t\t\t\t\t\t\t\t\t\t\t\t<div class=\"elementor-swiper-button elementor-swiper-button-prev\" role=\"button\" tabindex=\"0\">\n\t\t\t\t\t\t<i aria-hidden=\"true\" class=\"eicon-chevron-left\"><\/i>\t\t\t\t\t<\/div>\n\t\t\t\t\t<div class=\"elementor-swiper-button elementor-swiper-button-next\" role=\"button\" tabindex=\"0\">\n\t\t\t\t\t\t<i aria-hidden=\"true\" class=\"eicon-chevron-right\"><\/i>\t\t\t\t\t<\/div>\n\t\t\t\t\n\t\t\t\t\t\t\t\t\t<div class=\"swiper-pagination\"><\/div>\n\t\t\t\t\t\t\t\t\t<\/div>\n\t\t\t\t<\/div>\n\t\t\t\t<\/div>\n\t\t\t\t\t<\/div>\n\t\t<\/div>\n\t\t\t\t<div class=\"elementor-column elementor-col-50 elementor-top-column elementor-element elementor-element-1da5a603 sc_inner_width_none sc_content_align_inherit sc_layouts_column_icons_position_left sc_fly_static\" data-id=\"1da5a603\" data-element_type=\"column\">\n\t\t\t<div class=\"elementor-widget-wrap elementor-element-populated\">\n\t\t\t\t\t\t<div class=\"elementor-element elementor-element-1f5c1582 sc_fly_static elementor-widget elementor-widget-text-editor\" data-id=\"1f5c1582\" data-element_type=\"widget\" data-widget_type=\"text-editor.default\">\n\t\t\t\t<div class=\"elementor-widget-container\">\n\t\t\t\t\t\t\t<h3><strong>Protection of ecosystems\u00a0<\/strong><\/h3><p>Ecosystem conservation is a broader, more comprehensive approach to preserving the diversity of life on Earth. It involves protecting not only individual species but entire ecosystems, including the living organisms within them, their physical environments, and the complex interactions between them. Ecosystems provide essential services such as clean water, air purification, plant pollination, and climate regulation. Protecting ecosystems is vital to maintaining the health of our planet and ensuring the well-being of both wildlife and human communities.<\/p><p>Basic principles and strategies for ecosystem conservation include:<\/p><ul><li>Conservation of Biodiversity<\/li><li>Habitat Protection<\/li><li>Sustainable Land Use<\/li><li>Restoration<\/li><li>Protected Areas<\/li><li>Integrated Management<\/li><li>Climate Change Mitigation and Adaptation<\/li><li>Community Participation<\/li><li>Education and Outreach<\/li><li>Global Collaboration<\/li><\/ul><p>Ecosystem conservation requires a comprehensive and interdisciplinary approach that takes into account ecological, social, economic and political factors. It aims to strike a balance between human development and the preservation of the ecological integrity of the planet for the benefit of current and future generations.<\/p>\t\t\t\t\t\t<\/div>\n\t\t\t\t<\/div>\n\t\t\t\t\t<\/div>\n\t\t<\/div>\n\t\t\t\t\t<\/div>\n\t\t<\/section>\n\t\t\t\t<\/div>","protected":false},"excerpt":{"rendered":"<p>T\u00fcr: Do\u011fal ko\u015fullar alt\u0131nda \u00fcreyip fertil nesiller veren, \u00fcreme izolasyonu ile yak\u0131n akraba t\u00fcrlerden ayr\u0131lan, fenotipik olarak birbirine \u00e7ok benzeyen bireylerin ait oldu\u011fu taksonomik katagoriye t\u00fcr denir. Ekosistem:\u00a0 Belli bir&hellip;<\/p>","protected":false},"author":1,"featured_media":20259,"parent":0,"menu_order":0,"comment_status":"closed","ping_status":"closed","template":"","meta":{"rank_math_lock_modified_date":false,"footnotes":""},"class_list":["post-18776","page","type-page","status-publish","has-post-thumbnail","hentry"],"_links":{"self":[{"href":"https:\/\/abbm.atauni.edu.tr\/en\/wp-json\/wp\/v2\/pages\/18776","targetHints":{"allow":["GET"]}}],"collection":[{"href":"https:\/\/abbm.atauni.edu.tr\/en\/wp-json\/wp\/v2\/pages"}],"about":[{"href":"https:\/\/abbm.atauni.edu.tr\/en\/wp-json\/wp\/v2\/types\/page"}],"author":[{"embeddable":true,"href":"https:\/\/abbm.atauni.edu.tr\/en\/wp-json\/wp\/v2\/users\/1"}],"replies":[{"embeddable":true,"href":"https:\/\/abbm.atauni.edu.tr\/en\/wp-json\/wp\/v2\/comments?post=18776"}],"version-history":[{"count":46,"href":"https:\/\/abbm.atauni.edu.tr\/en\/wp-json\/wp\/v2\/pages\/18776\/revisions"}],"predecessor-version":[{"id":20786,"href":"https:\/\/abbm.atauni.edu.tr\/en\/wp-json\/wp\/v2\/pages\/18776\/revisions\/20786"}],"wp:featuredmedia":[{"embeddable":true,"href":"https:\/\/abbm.atauni.edu.tr\/en\/wp-json\/wp\/v2\/media\/20259"}],"wp:attachment":[{"href":"https:\/\/abbm.atauni.edu.tr\/en\/wp-json\/wp\/v2\/media?parent=18776"}],"curies":[{"name":"wp","href":"https:\/\/api.w.org\/{rel}","templated":true}]}}