{"id":18830,"date":"2023-11-24T11:56:55","date_gmt":"2023-11-24T08:56:55","guid":{"rendered":"https:\/\/abbm.atauni.edu.tr\/?page_id=18830"},"modified":"2023-11-24T15:40:09","modified_gmt":"2023-11-24T12:40:09","slug":"faaliyet-alanlari","status":"publish","type":"page","link":"https:\/\/abbm.atauni.edu.tr\/en\/faaliyet-alanlari\/","title":{"rendered":"Fields of Activity"},"content":{"rendered":"<div data-elementor-type=\"wp-page\" data-elementor-id=\"18830\" class=\"elementor elementor-18830\">\n\t\t\t\t\t\t<section class=\"elementor-section elementor-top-section elementor-element elementor-element-e28756a elementor-section-boxed elementor-section-height-default elementor-section-height-default sc_fly_static\" data-id=\"e28756a\" data-element_type=\"section\">\n\t\t\t\t\t\t<div class=\"elementor-container elementor-column-gap-extended\">\n\t\t\t\t\t<div class=\"elementor-column elementor-col-100 elementor-top-column elementor-element elementor-element-f2d92da sc_inner_width_none sc_content_align_inherit sc_layouts_column_icons_position_left sc_fly_static\" data-id=\"f2d92da\" data-element_type=\"column\">\n\t\t\t<div class=\"elementor-widget-wrap elementor-element-populated\">\n\t\t\t\t\t\t<div class=\"elementor-element elementor-element-448e795 sc_fly_static elementor-widget elementor-widget-mdp-timeliner-elementor\" data-id=\"448e795\" data-element_type=\"widget\" data-widget_type=\"mdp-timeliner-elementor.default\">\n\t\t\t\t<div class=\"elementor-widget-container\">\n\t\t\t\n        <!-- Start Timeliner WordPress Plugin -->\n\n        <div id=\"mdp-timeline-448e795\" class=\"timeline mdp-timeline-448e795\">\n            <div class=\"timeline__wrap\">\n                <div class=\"timeline__items\">\n                    \n       <div class=\"timeline__item\">\n            <div class=\"timeline__content\">\n                        <p class=\"mdp-timeliner-description\">\n            <span><\/span>\n            To contribute to the taxonomic identification and research of species that are of economic importance in terms of agriculture, forest, food, veterinary, aquaculture, pharmacy and medicine for the sustainable use of biodiversity.            <span><\/span>\n        <\/p>\n              <\/div>\n       <\/div>\n\n    \n       <div class=\"timeline__item\">\n            <div class=\"timeline__content\">\n                        <p class=\"mdp-timeliner-description\">\n            <span><\/span>\n            To conduct research on the identification of endangered, endemic and rare species and their conservation status, to publish scientific publications, to raise public awareness and to carry out joint studies with relevant institutions.            <span><\/span>\n        <\/p>\n              <\/div>\n       <\/div>\n\n    \n       <div class=\"timeline__item\">\n            <div class=\"timeline__content\">\n                        <p class=\"mdp-timeliner-description\">\n            <span><\/span>\n            To prioritize economically and ecologically important pollinator, biological control agent and bioindicator groups from a taxonomic perspective, and to contribute to applied sciences in this field.            <span><\/span>\n        <\/p>\n              <\/div>\n       <\/div>\n\n    \n       <div class=\"timeline__item\">\n            <div class=\"timeline__content\">\n                        <p class=\"mdp-timeliner-description\">\n            <span><\/span>\n            To create information about invasive species and to coordinate with international biodiversity units in accelerating taxonomic identification processes.            <span><\/span>\n        <\/p>\n              <\/div>\n       <\/div>\n\n    \n       <div class=\"timeline__item\">\n            <div class=\"timeline__content\">\n                        <p class=\"mdp-timeliner-description\">\n            <span><\/span>\n            To conduct nature studies and research, to collect scientific materials and data, and to carry out projects with national and international participation on these issues in order to contribute to the formation of the national biodiversity collection at the regional level.            <span><\/span>\n        <\/p>\n              <\/div>\n       <\/div>\n\n    \n       <div class=\"timeline__item\">\n            <div class=\"timeline__content\">\n                        <p class=\"mdp-timeliner-description\">\n            <span><\/span>\n            To provide infrastructure services in terms of taxonomic capacity in determining the species diversity of nature protected areas and National Parks in our country and to be a stakeholder in such studies.            <span><\/span>\n        <\/p>\n              <\/div>\n       <\/div>\n\n    \n       <div class=\"timeline__item\">\n            <div class=\"timeline__content\">\n                        <p class=\"mdp-timeliner-description\">\n            <span><\/span>\n            To contribute to the genetic research of species belonging to T\u00fcrkiye's biodiversity, thanks to the rich scientific collections and laboratories of the Biodiversity Science Museum.            <span><\/span>\n        <\/p>\n              <\/div>\n       <\/div>\n\n    \n       <div class=\"timeline__item\">\n            <div class=\"timeline__content\">\n                        <p class=\"mdp-timeliner-description\">\n            <span><\/span>\n            To create a database based on evidence and examples from scientific collections, and to establish networks with national and international organizations.            <span><\/span>\n        <\/p>\n              <\/div>\n       <\/div>\n\n    \n       <div class=\"timeline__item\">\n            <div class=\"timeline__content\">\n                        <p class=\"mdp-timeliner-description\">\n            <span><\/span>\n            To carry out joint research, education and scientific publication activities with internationally recognized universities, institutes and natural history museums to increase taxonomic capacity.            <span><\/span>\n        <\/p>\n              <\/div>\n       <\/div>\n\n    \n       <div class=\"timeline__item\">\n            <div class=\"timeline__content\">\n                        <p class=\"mdp-timeliner-description\">\n            <span><\/span>\n            To provide infrastructure support for the education and thesis studies of postgraduate students, especially from Atat\u00fcrk University and regional universities.            <span><\/span>\n        <\/p>\n              <\/div>\n       <\/div>\n\n                    <\/div>\n            <\/div>\n        <\/div>\n\n        <script>\n                        jQuery( window ).on( 'elementor\/frontend\/init', function() {\n            \n            window.MDPTimeliner_448e795 = function () {\n                                jQuery('#mdp-timeline-448e795').timeline({\n                    verticalStartPosition: 'left',\n                    verticalTrigger: '100px'\n                } );\n                \n                            }\n\n            window.MDPTimeliner_448e795();\n\n                        } );\n                    <\/script>\n\n        <!-- End Timeliner WordPress Plugin -->\n\n\t    \t\t<\/div>\n\t\t\t\t<\/div>\n\t\t\t\t\t<\/div>\n\t\t<\/div>\n\t\t\t\t\t<\/div>\n\t\t<\/section>\n\t\t\t\t<\/div>","protected":false},"excerpt":{"rendered":"<p>Biyo\u00e7e\u015fitlili\u011fin s\u00fcrd\u00fcr\u00fclebilir kullan\u0131m\u0131 i\u00e7im tar\u0131m, orman, g\u0131da, veterinerlik, su \u00fcr\u00fcnleri, eczac\u0131l\u0131k ve t\u0131p a\u00e7\u0131s\u0131ndan ekonomik \u00f6neme sahip olan t\u00fcrleri \u00f6ncelikli olarak ele alarak, bunlar\u0131n taksonomik te\u015fhisi ve ara\u015ft\u0131r\u0131lmas\u0131na katk\u0131 sa\u011flamak.&hellip;<\/p>","protected":false},"author":1,"featured_media":0,"parent":0,"menu_order":0,"comment_status":"closed","ping_status":"closed","template":"","meta":{"rank_math_lock_modified_date":false,"footnotes":""},"class_list":["post-18830","page","type-page","status-publish","hentry"],"_links":{"self":[{"href":"https:\/\/abbm.atauni.edu.tr\/en\/wp-json\/wp\/v2\/pages\/18830","targetHints":{"allow":["GET"]}}],"collection":[{"href":"https:\/\/abbm.atauni.edu.tr\/en\/wp-json\/wp\/v2\/pages"}],"about":[{"href":"https:\/\/abbm.atauni.edu.tr\/en\/wp-json\/wp\/v2\/types\/page"}],"author":[{"embeddable":true,"href":"https:\/\/abbm.atauni.edu.tr\/en\/wp-json\/wp\/v2\/users\/1"}],"replies":[{"embeddable":true,"href":"https:\/\/abbm.atauni.edu.tr\/en\/wp-json\/wp\/v2\/comments?post=18830"}],"version-history":[{"count":13,"href":"https:\/\/abbm.atauni.edu.tr\/en\/wp-json\/wp\/v2\/pages\/18830\/revisions"}],"predecessor-version":[{"id":19014,"href":"https:\/\/abbm.atauni.edu.tr\/en\/wp-json\/wp\/v2\/pages\/18830\/revisions\/19014"}],"wp:attachment":[{"href":"https:\/\/abbm.atauni.edu.tr\/en\/wp-json\/wp\/v2\/media?parent=18830"}],"curies":[{"name":"wp","href":"https:\/\/api.w.org\/{rel}","templated":true}]}}