{"id":18924,"date":"2023-11-24T13:59:47","date_gmt":"2023-11-24T10:59:47","guid":{"rendered":"https:\/\/abbm.atauni.edu.tr\/?page_id=18924"},"modified":"2023-12-22T11:59:37","modified_gmt":"2023-12-22T08:59:37","slug":"arastirma","status":"publish","type":"page","link":"https:\/\/abbm.atauni.edu.tr\/en\/arastirma\/","title":{"rendered":"Research"},"content":{"rendered":"<div data-elementor-type=\"wp-page\" data-elementor-id=\"18924\" class=\"elementor elementor-18924\">\n\t\t\t\t\t\t<section class=\"elementor-section elementor-top-section elementor-element elementor-element-fc38c19 elementor-section-full_width elementor-section-stretched elementor-section-height-min-height elementor-section-items-bottom elementor-section-height-default sc_fly_static\" data-id=\"fc38c19\" data-element_type=\"section\" data-settings=\"{&quot;background_background&quot;:&quot;classic&quot;,&quot;stretch_section&quot;:&quot;section-stretched&quot;}\">\n\t\t\t\t\t\t\t<div class=\"elementor-background-overlay\"><\/div>\n\t\t\t\t\t\t\t<div class=\"elementor-container elementor-column-gap-extended\">\n\t\t\t\t\t<div class=\"elementor-column elementor-col-100 elementor-top-column elementor-element elementor-element-62c9f22 sc_inner_width_none sc_content_align_inherit sc_layouts_column_icons_position_left sc_fly_static\" data-id=\"62c9f22\" data-element_type=\"column\">\n\t\t\t<div class=\"elementor-widget-wrap elementor-element-populated\">\n\t\t\t\t\t\t<div class=\"elementor-element elementor-element-0a6e9b2 sc_fly_static elementor-widget elementor-widget-heading\" data-id=\"0a6e9b2\" data-element_type=\"widget\" data-widget_type=\"heading.default\">\n\t\t\t\t<div class=\"elementor-widget-container\">\n\t\t\t<h1 class=\"elementor-heading-title elementor-size-default\">Research<\/h1>\t\t<\/div>\n\t\t\t\t<\/div>\n\t\t\t\t\t<\/div>\n\t\t<\/div>\n\t\t\t\t\t<\/div>\n\t\t<\/section>\n\t\t\t\t<section class=\"elementor-section elementor-top-section elementor-element elementor-element-f16c722 elementor-section-boxed elementor-section-height-default elementor-section-height-default sc_fly_static\" data-id=\"f16c722\" data-element_type=\"section\">\n\t\t\t\t\t\t<div class=\"elementor-container elementor-column-gap-extended\">\n\t\t\t\t\t<div class=\"elementor-column elementor-col-100 elementor-top-column elementor-element elementor-element-dd8ef70 sc_inner_width_none sc_content_align_inherit sc_layouts_column_icons_position_left sc_fly_static\" data-id=\"dd8ef70\" data-element_type=\"column\">\n\t\t\t<div class=\"elementor-widget-wrap elementor-element-populated\">\n\t\t\t\t\t\t<div class=\"elementor-element elementor-element-4b7e66c sc_fly_static elementor-widget elementor-widget-text-editor\" data-id=\"4b7e66c\" data-element_type=\"widget\" data-widget_type=\"text-editor.default\">\n\t\t\t\t<div class=\"elementor-widget-container\">\n\t\t\t\t\t\t\tBiodiversity is a broad field of study that covers the diversity of life on Earth, from genes to species, from species to ecosystems. Research on biodiversity spans a variety of disciplines, including taxonomy, systematics, ecology, genetics, conservation and more. It explores the richness and complexity of life, the connections between different species and the ecosystems they form. Researchers use a variety of methods and tools, including fieldwork, laboratory research, data analysis, digital imaging and modeling techniques, to better understand the complexity and importance of biodiversity.\n\t\t\t\t\t\t<\/div>\n\t\t\t\t<\/div>\n\t\t\t\t\t<\/div>\n\t\t<\/div>\n\t\t\t\t\t<\/div>\n\t\t<\/section>\n\t\t\t\t<section class=\"elementor-section elementor-top-section elementor-element elementor-element-89f878c elementor-section-boxed elementor-section-height-default elementor-section-height-default sc_fly_static\" data-id=\"89f878c\" data-element_type=\"section\">\n\t\t\t\t\t\t<div class=\"elementor-container elementor-column-gap-extended\">\n\t\t\t\t\t<div class=\"elementor-column elementor-col-100 elementor-top-column elementor-element elementor-element-817a1e1 sc_inner_width_none sc_content_align_inherit sc_layouts_column_icons_position_left sc_fly_static\" data-id=\"817a1e1\" data-element_type=\"column\">\n\t\t\t<div class=\"elementor-widget-wrap elementor-element-populated\">\n\t\t\t\t\t\t<div class=\"elementor-element elementor-element-861ce11 sc_fly_static elementor-widget elementor-widget-trx_sc_services\" data-id=\"861ce11\" data-element_type=\"widget\" data-widget_type=\"trx_sc_services.default\">\n\t\t\t\t<div class=\"elementor-widget-container\">\n\t\t\t<div class=\"sc_services sc_services_strong sc_services_featured_top\"><div class=\"sc_services_columns_wrap sc_item_columns sc_item_posts_container sc_item_columns_3 trx_addons_columns_wrap columns_padding_bottom\"><div class=\"trx_addons_column-1_3\"><div data-post-id=\"18677\" class=\"sc_services_item sc_item_container post_container without_content with_more with_image sc_services_item_featured_none post-18677 page type-page status-publish has-post-thumbnail hentry\">\r\n\t\t<div class=\"sc_services_item_content\" style=\"background-image: url(https:\/\/abbm.atauni.edu.tr\/wp-content\/uploads\/2023\/11\/Adsiz-tasarim-1-840x840.png);\">\r\n\t\t\t\t<div class=\"sc_services_item_content_inner\"><div class=\"sc_services_item_content_inner_bottom\">\r\n                <h6 class=\"sc_services_item_title\"><a href=\"https:\/\/abbm.atauni.edu.tr\/en\/laboratuvarlar\/\">Laboratories<\/a><\/h6>\r\n                <div class=\"sc_services_item_button sc_item_button\">\r\n                    <a href=\"https:\/\/abbm.atauni.edu.tr\/en\/laboratuvarlar\/\" class=\"sc_services_item_more_link\">\r\n                        <span class=\"link_text\">Read more<\/span><span class=\"link_icon\"><\/span>\r\n                    <\/a>\r\n                    <\/div><\/div><\/div><a class=\"sc_services_item_link\" href=\"https:\/\/abbm.atauni.edu.tr\/en\/laboratuvarlar\/\"><\/a><\/div><\/div><\/div><div class=\"trx_addons_column-1_3\"><div data-post-id=\"18726\" class=\"sc_services_item sc_item_container post_container without_content with_more with_image sc_services_item_featured_none post-18726 page type-page status-publish has-post-thumbnail hentry\">\r\n\t\t<div class=\"sc_services_item_content\" style=\"background-image: url(https:\/\/abbm.atauni.edu.tr\/wp-content\/uploads\/2023\/12\/IMG_2167-840x1120.jpg);\">\r\n\t\t\t\t<div class=\"sc_services_item_content_inner\"><div class=\"sc_services_item_content_inner_bottom\">\r\n                <h6 class=\"sc_services_item_title\"><a href=\"https:\/\/abbm.atauni.edu.tr\/en\/projeler\/\">Projects<\/a><\/h6>\r\n                <div class=\"sc_services_item_button sc_item_button\">\r\n                    <a href=\"https:\/\/abbm.atauni.edu.tr\/en\/projeler\/\" class=\"sc_services_item_more_link\">\r\n                        <span class=\"link_text\">Read more<\/span><span class=\"link_icon\"><\/span>\r\n                    <\/a>\r\n                    <\/div><\/div><\/div><a class=\"sc_services_item_link\" href=\"https:\/\/abbm.atauni.edu.tr\/en\/projeler\/\"><\/a><\/div><\/div><\/div><div class=\"trx_addons_column-1_3\"><div data-post-id=\"18741\" class=\"sc_services_item sc_item_container post_container without_content with_more with_image sc_services_item_featured_none post-18741 page type-page status-publish has-post-thumbnail hentry\">\r\n\t\t<div class=\"sc_services_item_content\" style=\"background-image: url(https:\/\/abbm.atauni.edu.tr\/wp-content\/uploads\/2023\/12\/IMG_4835-840x630.jpg);\">\r\n\t\t\t\t<div class=\"sc_services_item_content_inner\"><div class=\"sc_services_item_content_inner_bottom\">\r\n                <h6 class=\"sc_services_item_title\"><a href=\"https:\/\/abbm.atauni.edu.tr\/en\/bilimsel-isbirlikleri\/\">Scientific Collaborations<\/a><\/h6>\r\n                <div class=\"sc_services_item_button sc_item_button\">\r\n                    <a href=\"https:\/\/abbm.atauni.edu.tr\/en\/bilimsel-isbirlikleri\/\" class=\"sc_services_item_more_link\">\r\n                        <span class=\"link_text\">Read more<\/span><span class=\"link_icon\"><\/span>\r\n                    <\/a>\r\n                    <\/div><\/div><\/div><a class=\"sc_services_item_link\" href=\"https:\/\/abbm.atauni.edu.tr\/en\/bilimsel-isbirlikleri\/\"><\/a><\/div><\/div><\/div><div class=\"trx_addons_column-1_3\"><div data-post-id=\"18758\" class=\"sc_services_item sc_item_container post_container without_content with_more with_image sc_services_item_featured_none post-18758 page type-page status-publish has-post-thumbnail hentry\">\r\n\t\t<div class=\"sc_services_item_content\" style=\"background-image: url(https:\/\/abbm.atauni.edu.tr\/wp-content\/uploads\/2023\/12\/IMG_0947-kopyasi.jpg);\">\r\n\t\t\t\t<div class=\"sc_services_item_content_inner\"><div class=\"sc_services_item_content_inner_bottom\">\r\n                <h6 class=\"sc_services_item_title\"><a href=\"https:\/\/abbm.atauni.edu.tr\/en\/taksonomik-arastirmalar\/\">Taxonomic Research<\/a><\/h6>\r\n                <div class=\"sc_services_item_button sc_item_button\">\r\n                    <a href=\"https:\/\/abbm.atauni.edu.tr\/en\/taksonomik-arastirmalar\/\" class=\"sc_services_item_more_link\">\r\n                        <span class=\"link_text\">Read more<\/span><span class=\"link_icon\"><\/span>\r\n                    <\/a>\r\n                    <\/div><\/div><\/div><a class=\"sc_services_item_link\" href=\"https:\/\/abbm.atauni.edu.tr\/en\/taksonomik-arastirmalar\/\"><\/a><\/div><\/div><\/div><div class=\"trx_addons_column-1_3\"><div data-post-id=\"19804\" class=\"sc_services_item sc_item_container post_container without_content with_more with_image sc_services_item_featured_none post-19804 page type-page status-publish has-post-thumbnail hentry\">\r\n\t\t<div class=\"sc_services_item_content\" style=\"background-image: url(https:\/\/abbm.atauni.edu.tr\/wp-content\/uploads\/2023\/12\/A019C457_22061751_CANON.00_31_53_00.Still023-840x473.jpg);\">\r\n\t\t\t\t<div class=\"sc_services_item_content_inner\"><div class=\"sc_services_item_content_inner_bottom\">\r\n                <h6 class=\"sc_services_item_title\"><a href=\"https:\/\/abbm.atauni.edu.tr\/en\/doga-arastirmalari\/\">Nature Research<\/a><\/h6>\r\n                <div class=\"sc_services_item_button sc_item_button\">\r\n                    <a href=\"https:\/\/abbm.atauni.edu.tr\/en\/doga-arastirmalari\/\" class=\"sc_services_item_more_link\">\r\n                        <span class=\"link_text\">Read more<\/span><span class=\"link_icon\"><\/span>\r\n                    <\/a>\r\n                    <\/div><\/div><\/div><a class=\"sc_services_item_link\" href=\"https:\/\/abbm.atauni.edu.tr\/en\/doga-arastirmalari\/\"><\/a><\/div><\/div><\/div><\/div><\/div>\t\t<\/div>\n\t\t\t\t<\/div>\n\t\t\t\t\t<\/div>\n\t\t<\/div>\n\t\t\t\t\t<\/div>\n\t\t<\/section>\n\t\t\t\t<\/div>","protected":false},"excerpt":{"rendered":"<p>Ara\u015ft\u0131rma Biyo\u00e7e\u015fitlilik, genlerden t\u00fcrlere, t\u00fcrlerden ekosistemlere kadar D\u00fcnya \u00fczerindeki ya\u015fam \u00e7e\u015fitlili\u011fini kapsayan geni\u015f bir \u00e7al\u0131\u015fma alan\u0131d\u0131r. Biyo\u00e7e\u015fitlilik konusundaki ara\u015ft\u0131rmalar taksonomi, sistematik, ekoloji, genetik, koruma ve daha fazlas\u0131n\u0131 i\u00e7eren \u00e7e\u015fitli disiplinleri&hellip;<\/p>","protected":false},"author":1,"featured_media":0,"parent":0,"menu_order":0,"comment_status":"closed","ping_status":"closed","template":"","meta":{"rank_math_lock_modified_date":false,"footnotes":""},"class_list":["post-18924","page","type-page","status-publish","hentry"],"_links":{"self":[{"href":"https:\/\/abbm.atauni.edu.tr\/en\/wp-json\/wp\/v2\/pages\/18924","targetHints":{"allow":["GET"]}}],"collection":[{"href":"https:\/\/abbm.atauni.edu.tr\/en\/wp-json\/wp\/v2\/pages"}],"about":[{"href":"https:\/\/abbm.atauni.edu.tr\/en\/wp-json\/wp\/v2\/types\/page"}],"author":[{"embeddable":true,"href":"https:\/\/abbm.atauni.edu.tr\/en\/wp-json\/wp\/v2\/users\/1"}],"replies":[{"embeddable":true,"href":"https:\/\/abbm.atauni.edu.tr\/en\/wp-json\/wp\/v2\/comments?post=18924"}],"version-history":[{"count":28,"href":"https:\/\/abbm.atauni.edu.tr\/en\/wp-json\/wp\/v2\/pages\/18924\/revisions"}],"predecessor-version":[{"id":20502,"href":"https:\/\/abbm.atauni.edu.tr\/en\/wp-json\/wp\/v2\/pages\/18924\/revisions\/20502"}],"wp:attachment":[{"href":"https:\/\/abbm.atauni.edu.tr\/en\/wp-json\/wp\/v2\/media?parent=18924"}],"curies":[{"name":"wp","href":"https:\/\/api.w.org\/{rel}","templated":true}]}}