{"id":18933,"date":"2023-11-24T14:07:58","date_gmt":"2023-11-24T11:07:58","guid":{"rendered":"https:\/\/abbm.atauni.edu.tr\/?page_id=18933"},"modified":"2023-12-22T12:15:37","modified_gmt":"2023-12-22T09:15:37","slug":"egitim","status":"publish","type":"page","link":"https:\/\/abbm.atauni.edu.tr\/en\/egitim\/","title":{"rendered":"Education"},"content":{"rendered":"<div data-elementor-type=\"wp-page\" data-elementor-id=\"18933\" class=\"elementor elementor-18933\">\n\t\t\t\t\t\t<section class=\"elementor-section elementor-top-section elementor-element elementor-element-fc38c19 elementor-section-full_width elementor-section-stretched elementor-section-height-min-height elementor-section-items-bottom elementor-section-height-default sc_fly_static\" data-id=\"fc38c19\" data-element_type=\"section\" data-settings=\"{&quot;background_background&quot;:&quot;classic&quot;,&quot;stretch_section&quot;:&quot;section-stretched&quot;}\">\n\t\t\t\t\t\t\t<div class=\"elementor-background-overlay\"><\/div>\n\t\t\t\t\t\t\t<div class=\"elementor-container elementor-column-gap-extended\">\n\t\t\t\t\t<div class=\"elementor-column elementor-col-100 elementor-top-column elementor-element elementor-element-62c9f22 sc_inner_width_none sc_content_align_inherit sc_layouts_column_icons_position_left sc_fly_static\" data-id=\"62c9f22\" data-element_type=\"column\">\n\t\t\t<div class=\"elementor-widget-wrap elementor-element-populated\">\n\t\t\t\t\t\t<div class=\"elementor-element elementor-element-0a6e9b2 sc_fly_static elementor-widget elementor-widget-heading\" data-id=\"0a6e9b2\" data-element_type=\"widget\" data-widget_type=\"heading.default\">\n\t\t\t\t<div class=\"elementor-widget-container\">\n\t\t\t<h1 class=\"elementor-heading-title elementor-size-default\">Education<\/h1>\t\t<\/div>\n\t\t\t\t<\/div>\n\t\t\t\t\t<\/div>\n\t\t<\/div>\n\t\t\t\t\t<\/div>\n\t\t<\/section>\n\t\t\t\t<section class=\"elementor-section elementor-top-section elementor-element elementor-element-f16c722 elementor-section-boxed elementor-section-height-default elementor-section-height-default sc_fly_static\" data-id=\"f16c722\" data-element_type=\"section\">\n\t\t\t\t\t\t<div class=\"elementor-container elementor-column-gap-extended\">\n\t\t\t\t\t<div class=\"elementor-column elementor-col-100 elementor-top-column elementor-element elementor-element-dd8ef70 sc_inner_width_none sc_content_align_inherit sc_layouts_column_icons_position_left sc_fly_static\" data-id=\"dd8ef70\" data-element_type=\"column\">\n\t\t\t<div class=\"elementor-widget-wrap elementor-element-populated\">\n\t\t\t\t\t\t<div class=\"elementor-element elementor-element-4b7e66c sc_fly_static elementor-widget elementor-widget-text-editor\" data-id=\"4b7e66c\" data-element_type=\"widget\" data-widget_type=\"text-editor.default\">\n\t\t\t\t<div class=\"elementor-widget-container\">\n\t\t\t\t\t\t\tBiodiversity education involves teaching and learning about the diversity of life on Earth, including the interactions between different species and their environments. Biodiversity education is crucial to ensuring understanding of the importance of biodiversity, its conservation and its role in sustaining ecosystems and human well-being. The basic components of biodiversity education are: Taxonomy, systematics, species identification, ecology and ecosystems, biodiversity hotspots, biodiversity conservation, endangered species, human impact on biodiversity, social awareness, global perspective, ethical issues, technology and biodiversity, policy and legislation.\t\t\t\t\t\t<\/div>\n\t\t\t\t<\/div>\n\t\t\t\t\t<\/div>\n\t\t<\/div>\n\t\t\t\t\t<\/div>\n\t\t<\/section>\n\t\t\t\t<section class=\"elementor-section elementor-top-section elementor-element elementor-element-89f878c elementor-section-boxed elementor-section-height-default elementor-section-height-default sc_fly_static\" data-id=\"89f878c\" data-element_type=\"section\">\n\t\t\t\t\t\t<div class=\"elementor-container elementor-column-gap-extended\">\n\t\t\t\t\t<div class=\"elementor-column elementor-col-100 elementor-top-column elementor-element elementor-element-817a1e1 sc_inner_width_none sc_content_align_inherit sc_layouts_column_icons_position_left sc_fly_static\" data-id=\"817a1e1\" data-element_type=\"column\">\n\t\t\t<div class=\"elementor-widget-wrap elementor-element-populated\">\n\t\t\t\t\t\t<div class=\"elementor-element elementor-element-861ce11 sc_fly_static elementor-widget elementor-widget-trx_sc_services\" data-id=\"861ce11\" data-element_type=\"widget\" data-widget_type=\"trx_sc_services.default\">\n\t\t\t\t<div class=\"elementor-widget-container\">\n\t\t\t<div class=\"sc_services sc_services_strong sc_services_featured_top\"><div class=\"sc_services_columns_wrap sc_item_columns sc_item_posts_container sc_item_columns_3 trx_addons_columns_wrap columns_padding_bottom\"><div class=\"trx_addons_column-1_3\"><div data-post-id=\"18766\" class=\"sc_services_item sc_item_container post_container without_content with_more with_image sc_services_item_featured_none post-18766 page type-page status-publish has-post-thumbnail hentry\">\r\n\t\t<div class=\"sc_services_item_content\" style=\"background-image: url(https:\/\/abbm.atauni.edu.tr\/wp-content\/uploads\/2023\/12\/Biyocesitlilik-foto-2-840x633.jpg);\">\r\n\t\t\t\t<div class=\"sc_services_item_content_inner\"><div class=\"sc_services_item_content_inner_bottom\">\r\n                <h6 class=\"sc_services_item_title\"><a href=\"https:\/\/abbm.atauni.edu.tr\/en\/biyocesitlilik\/\">Biodiversity<\/a><\/h6>\r\n                <div class=\"sc_services_item_button sc_item_button\">\r\n                    <a href=\"https:\/\/abbm.atauni.edu.tr\/en\/biyocesitlilik\/\" class=\"sc_services_item_more_link\">\r\n                        <span class=\"link_text\">Read more<\/span><span class=\"link_icon\"><\/span>\r\n                    <\/a>\r\n                    <\/div><\/div><\/div><a class=\"sc_services_item_link\" href=\"https:\/\/abbm.atauni.edu.tr\/en\/biyocesitlilik\/\"><\/a><\/div><\/div><\/div><div class=\"trx_addons_column-1_3\"><div data-post-id=\"19838\" class=\"sc_services_item sc_item_container post_container without_content with_more with_image sc_services_item_featured_none post-19838 page type-page status-publish has-post-thumbnail hentry\">\r\n\t\t<div class=\"sc_services_item_content\" style=\"background-image: url(https:\/\/abbm.atauni.edu.tr\/wp-content\/uploads\/2023\/12\/Taxonomy-1-840x1093.jpg);\">\r\n\t\t\t\t<div class=\"sc_services_item_content_inner\"><div class=\"sc_services_item_content_inner_bottom\">\r\n                <h6 class=\"sc_services_item_title\"><a href=\"https:\/\/abbm.atauni.edu.tr\/en\/taksonomi\/\">Taxonomy<\/a><\/h6>\r\n                <div class=\"sc_services_item_button sc_item_button\">\r\n                    <a href=\"https:\/\/abbm.atauni.edu.tr\/en\/taksonomi\/\" class=\"sc_services_item_more_link\">\r\n                        <span class=\"link_text\">Read more<\/span><span class=\"link_icon\"><\/span>\r\n                    <\/a>\r\n                    <\/div><\/div><\/div><a class=\"sc_services_item_link\" href=\"https:\/\/abbm.atauni.edu.tr\/en\/taksonomi\/\"><\/a><\/div><\/div><\/div><div class=\"trx_addons_column-1_3\"><div data-post-id=\"18776\" class=\"sc_services_item sc_item_container post_container without_content with_more with_image sc_services_item_featured_none post-18776 page type-page status-publish has-post-thumbnail hentry\">\r\n\t\t<div class=\"sc_services_item_content\" style=\"background-image: url(https:\/\/abbm.atauni.edu.tr\/wp-content\/uploads\/2023\/12\/F2-elephants.jpg);\">\r\n\t\t\t\t<div class=\"sc_services_item_content_inner\"><div class=\"sc_services_item_content_inner_bottom\">\r\n                <h6 class=\"sc_services_item_title\"><a href=\"https:\/\/abbm.atauni.edu.tr\/en\/tur-ve-ekosistem-koruma\/\">Species and Ecosystem Conservation<\/a><\/h6>\r\n                <div class=\"sc_services_item_button sc_item_button\">\r\n                    <a href=\"https:\/\/abbm.atauni.edu.tr\/en\/tur-ve-ekosistem-koruma\/\" class=\"sc_services_item_more_link\">\r\n                        <span class=\"link_text\">Read more<\/span><span class=\"link_icon\"><\/span>\r\n                    <\/a>\r\n                    <\/div><\/div><\/div><a class=\"sc_services_item_link\" href=\"https:\/\/abbm.atauni.edu.tr\/en\/tur-ve-ekosistem-koruma\/\"><\/a><\/div><\/div><\/div><div class=\"trx_addons_column-1_3\"><div data-post-id=\"19856\" class=\"sc_services_item sc_item_container post_container without_content with_more with_image sc_services_item_featured_none post-19856 page type-page status-publish has-post-thumbnail hentry\">\r\n\t\t<div class=\"sc_services_item_content\" style=\"background-image: url(https:\/\/abbm.atauni.edu.tr\/wp-content\/uploads\/2023\/12\/biosystematics-1.jpg);\">\r\n\t\t\t\t<div class=\"sc_services_item_content_inner\"><div class=\"sc_services_item_content_inner_bottom\">\r\n                <h6 class=\"sc_services_item_title\"><a href=\"https:\/\/abbm.atauni.edu.tr\/en\/biyosistematik\/\">Biosystematics<\/a><\/h6>\r\n                <div class=\"sc_services_item_button sc_item_button\">\r\n                    <a href=\"https:\/\/abbm.atauni.edu.tr\/en\/biyosistematik\/\" class=\"sc_services_item_more_link\">\r\n                        <span class=\"link_text\">Read more<\/span><span class=\"link_icon\"><\/span>\r\n                    <\/a>\r\n                    <\/div><\/div><\/div><a class=\"sc_services_item_link\" href=\"https:\/\/abbm.atauni.edu.tr\/en\/biyosistematik\/\"><\/a><\/div><\/div><\/div><div class=\"trx_addons_column-1_3\"><div data-post-id=\"19861\" class=\"sc_services_item sc_item_container post_container without_content with_more with_image sc_services_item_featured_none post-19861 page type-page status-publish has-post-thumbnail hentry\">\r\n\t\t<div class=\"sc_services_item_content\" style=\"background-image: url(https:\/\/abbm.atauni.edu.tr\/wp-content\/uploads\/2023\/12\/IMG_4395-1-840x630.jpg);\">\r\n\t\t\t\t<div class=\"sc_services_item_content_inner\"><div class=\"sc_services_item_content_inner_bottom\">\r\n                <h6 class=\"sc_services_item_title\"><a href=\"https:\/\/abbm.atauni.edu.tr\/en\/interaktif-egitim\/\">Interactive Education<\/a><\/h6>\r\n                <div class=\"sc_services_item_button sc_item_button\">\r\n                    <a href=\"https:\/\/abbm.atauni.edu.tr\/en\/interaktif-egitim\/\" class=\"sc_services_item_more_link\">\r\n                        <span class=\"link_text\">Read more<\/span><span class=\"link_icon\"><\/span>\r\n                    <\/a>\r\n                    <\/div><\/div><\/div><a class=\"sc_services_item_link\" href=\"https:\/\/abbm.atauni.edu.tr\/en\/interaktif-egitim\/\"><\/a><\/div><\/div><\/div><div class=\"trx_addons_column-1_3\"><div data-post-id=\"19866\" class=\"sc_services_item sc_item_container post_container without_content with_more with_image sc_services_item_featured_none post-19866 page type-page status-publish has-post-thumbnail hentry\">\r\n\t\t<div class=\"sc_services_item_content\" style=\"background-image: url(https:\/\/abbm.atauni.edu.tr\/wp-content\/uploads\/2023\/12\/ab5-2-840x753.jpg);\">\r\n\t\t\t\t<div class=\"sc_services_item_content_inner\"><div class=\"sc_services_item_content_inner_bottom\">\r\n                <h6 class=\"sc_services_item_title\"><a href=\"https:\/\/abbm.atauni.edu.tr\/en\/arboretum\/\">Arboretum<\/a><\/h6>\r\n                <div class=\"sc_services_item_button sc_item_button\">\r\n                    <a href=\"https:\/\/abbm.atauni.edu.tr\/en\/arboretum\/\" class=\"sc_services_item_more_link\">\r\n                        <span class=\"link_text\">Read more<\/span><span class=\"link_icon\"><\/span>\r\n                    <\/a>\r\n                    <\/div><\/div><\/div><a class=\"sc_services_item_link\" href=\"https:\/\/abbm.atauni.edu.tr\/en\/arboretum\/\"><\/a><\/div><\/div><\/div><\/div><\/div>\t\t<\/div>\n\t\t\t\t<\/div>\n\t\t\t\t\t<\/div>\n\t\t<\/div>\n\t\t\t\t\t<\/div>\n\t\t<\/section>\n\t\t\t\t<\/div>","protected":false},"excerpt":{"rendered":"<p>E\u011fitim Biyo\u00e7e\u015fitlilik e\u011fitimi, farkl\u0131 t\u00fcrler ve bunlar\u0131n \u00e7evreleri aras\u0131ndaki etkile\u015fimler de dahil olmak \u00fczere, D\u00fcnya \u00fczerindeki ya\u015fam\u0131n \u00e7e\u015fitlili\u011fini \u00f6\u011fretmeyi ve \u00f6\u011frenmeyi i\u00e7erir. Biyo\u00e7e\u015fitlilik e\u011fitimi, biyolojik \u00e7e\u015fitlili\u011fin \u00f6neminin, korunmas\u0131n\u0131n ve ekosistemlerin&hellip;<\/p>","protected":false},"author":1,"featured_media":0,"parent":0,"menu_order":0,"comment_status":"closed","ping_status":"closed","template":"","meta":{"rank_math_lock_modified_date":false,"footnotes":""},"class_list":["post-18933","page","type-page","status-publish","hentry"],"_links":{"self":[{"href":"https:\/\/abbm.atauni.edu.tr\/en\/wp-json\/wp\/v2\/pages\/18933","targetHints":{"allow":["GET"]}}],"collection":[{"href":"https:\/\/abbm.atauni.edu.tr\/en\/wp-json\/wp\/v2\/pages"}],"about":[{"href":"https:\/\/abbm.atauni.edu.tr\/en\/wp-json\/wp\/v2\/types\/page"}],"author":[{"embeddable":true,"href":"https:\/\/abbm.atauni.edu.tr\/en\/wp-json\/wp\/v2\/users\/1"}],"replies":[{"embeddable":true,"href":"https:\/\/abbm.atauni.edu.tr\/en\/wp-json\/wp\/v2\/comments?post=18933"}],"version-history":[{"count":31,"href":"https:\/\/abbm.atauni.edu.tr\/en\/wp-json\/wp\/v2\/pages\/18933\/revisions"}],"predecessor-version":[{"id":20529,"href":"https:\/\/abbm.atauni.edu.tr\/en\/wp-json\/wp\/v2\/pages\/18933\/revisions\/20529"}],"wp:attachment":[{"href":"https:\/\/abbm.atauni.edu.tr\/en\/wp-json\/wp\/v2\/media?parent=18933"}],"curies":[{"name":"wp","href":"https:\/\/api.w.org\/{rel}","templated":true}]}}