{"id":19090,"date":"2023-11-27T14:34:27","date_gmt":"2023-11-27T11:34:27","guid":{"rendered":"https:\/\/abbm.atauni.edu.tr\/?page_id=19090"},"modified":"2023-12-18T12:28:52","modified_gmt":"2023-12-18T09:28:52","slug":"editorun-sectikleri","status":"publish","type":"page","link":"https:\/\/abbm.atauni.edu.tr\/en\/editorun-sectikleri\/","title":{"rendered":"Editor&#039;s Picks"},"content":{"rendered":"<div data-elementor-type=\"wp-page\" data-elementor-id=\"19090\" class=\"elementor elementor-19090\">\n\t\t\t\t\t\t<section class=\"elementor-section elementor-top-section elementor-element elementor-element-710de4c elementor-section-boxed elementor-section-height-default elementor-section-height-default sc_fly_static\" data-id=\"710de4c\" data-element_type=\"section\">\n\t\t\t\t\t\t<div class=\"elementor-container elementor-column-gap-extended\">\n\t\t\t\t\t<div class=\"elementor-column elementor-col-100 elementor-top-column elementor-element elementor-element-7d05e3c sc_inner_width_none sc_content_align_inherit sc_layouts_column_icons_position_left sc_fly_static\" data-id=\"7d05e3c\" data-element_type=\"column\">\n\t\t\t<div class=\"elementor-widget-wrap elementor-element-populated\">\n\t\t\t\t\t\t<div class=\"elementor-element elementor-element-3b0f24b sc_fly_static elementor-widget elementor-widget-text-editor\" data-id=\"3b0f24b\" data-element_type=\"widget\" data-widget_type=\"text-editor.default\">\n\t\t\t\t<div class=\"elementor-widget-container\">\n\t\t\t\t\t\t\t<ul><li>L\u00f6bl I., Klausnitzer B., Hartmann M. Krell F.-T. 2023. The silent extinction of species and taxonomists\u2014An appeal to science policymakers and legislators. Diversity 2023(15) 1053: 1\u201317.<br \/><br \/><\/li><li>Alonso-Zarazaga M. A., Barrios H., Borovec R., Bouchard P., Caldara R., Colonnelli E., G\u00fcltekin L., Hlav\u00e1\u010d P., Korotyaev B., Lyal C.H.C, Machado A., Meregalli M., Pierotti H. ., Ren L., S\u00e1nchez-Ruiz M., Sforzi A., Silfverberg H., Skuhrovec J., Tr\u00fdzna M., Vel\u00e1zquez de Castro A. J. &amp; Yunakov N. N. 2023. Cooperative Catalog of Palaearctic Coleoptera Curculionoidea. 2nd edition Monograf\u00edas electr\u00f3nicas de la Sociedad Entomol\u00f3gica Aragonesa, 14: 1\u2013780.<br \/><br \/><\/li><li>Korotyaev B. A., Konstantinov A. S., Volkovitsh M. G. 2017. Insect Biodiversity in the Palearctic Region. In: Insect Biodiversity: Science and Society, Volume I, Second Edition. (Foottit, RG, Adler, PH eds.), John Wiley &amp; Sons Ltd., New Jersey, USA, pp. 141\u2013202.<br \/><br \/><\/li><li>Korotyaev B. A., G\u00fcltekin L., Volkovitsh M. G., Dorofeyev V. I. &amp; Konstantinov A. S. 2016. Bioindicator beetles and plants in desertified and eroded lands in Turkey. Journal of Insect Biodiversity 4(1): 1\u201347.<br \/><br \/><\/li><li>Wheeler Q. D., Knapp S., Stevenson D. W., Stevenson J, Blum S. D., Boom B. M., Borisy G. G., Buizer J. L., De Carvalho M. R., Cibrian A., Donoghue M. J., Doyle V., Gerson E. M., Graham C. H., Graves P., Graves S. J., Guralnick R. P., Hamilton A. L., Hanken J., Law W., Lipscomb D. L., Lovejoy T. E., Miller H., Miller J. S., Naeem S., Novacek M. J., Page L. M., Platnick N. I., Porter-Morgan H., Raven P. H., Solis M. A., Valdecasas A. G., Van Der Leeuw S., Vasco A., Vermeulen N., Vogel J., Walls R. L., Wilson E. O. &amp; Woolley J. B. 2012. Mapping the biosphere: exploring species to understand the origin, organization and sustainability of biodiversity. Systematics and Biodiversity 10(1): 1\u201320.<\/li><\/ul>\t\t\t\t\t\t<\/div>\n\t\t\t\t<\/div>\n\t\t\t\t\t<\/div>\n\t\t<\/div>\n\t\t\t\t\t<\/div>\n\t\t<\/section>\n\t\t\t\t<\/div>","protected":false},"excerpt":{"rendered":"<p>L\u00f6bl I., Klausnitzer B., Hartmann M. Krell F.-T. 2023. The silent extinction of species and taxonomists\u2014An appeal to science policymakers and legislators. Diversity 2023(15) 1053: 1\u201317. Alonso-Zarazaga M. A., Barrios&hellip;<\/p>","protected":false},"author":1,"featured_media":0,"parent":0,"menu_order":0,"comment_status":"closed","ping_status":"closed","template":"","meta":{"rank_math_lock_modified_date":false,"footnotes":""},"class_list":["post-19090","page","type-page","status-publish","hentry"],"_links":{"self":[{"href":"https:\/\/abbm.atauni.edu.tr\/en\/wp-json\/wp\/v2\/pages\/19090","targetHints":{"allow":["GET"]}}],"collection":[{"href":"https:\/\/abbm.atauni.edu.tr\/en\/wp-json\/wp\/v2\/pages"}],"about":[{"href":"https:\/\/abbm.atauni.edu.tr\/en\/wp-json\/wp\/v2\/types\/page"}],"author":[{"embeddable":true,"href":"https:\/\/abbm.atauni.edu.tr\/en\/wp-json\/wp\/v2\/users\/1"}],"replies":[{"embeddable":true,"href":"https:\/\/abbm.atauni.edu.tr\/en\/wp-json\/wp\/v2\/comments?post=19090"}],"version-history":[{"count":8,"href":"https:\/\/abbm.atauni.edu.tr\/en\/wp-json\/wp\/v2\/pages\/19090\/revisions"}],"predecessor-version":[{"id":19966,"href":"https:\/\/abbm.atauni.edu.tr\/en\/wp-json\/wp\/v2\/pages\/19090\/revisions\/19966"}],"wp:attachment":[{"href":"https:\/\/abbm.atauni.edu.tr\/en\/wp-json\/wp\/v2\/media?parent=19090"}],"curies":[{"name":"wp","href":"https:\/\/api.w.org\/{rel}","templated":true}]}}