{"id":19097,"date":"2023-11-27T14:47:24","date_gmt":"2023-11-27T11:47:24","guid":{"rendered":"https:\/\/abbm.atauni.edu.tr\/?page_id=19097"},"modified":"2024-10-30T17:05:23","modified_gmt":"2024-10-30T14:05:23","slug":"journal-of-insect-biodiversity","status":"publish","type":"page","link":"https:\/\/abbm.atauni.edu.tr\/en\/journal-of-insect-biodiversity\/","title":{"rendered":"Journal of Insect Biodiversity"},"content":{"rendered":"<div data-elementor-type=\"wp-page\" data-elementor-id=\"19097\" class=\"elementor elementor-19097\">\n\t\t\t\t\t\t<section class=\"elementor-section elementor-top-section elementor-element elementor-element-fbaf1b4 elementor-section-boxed elementor-section-height-default elementor-section-height-default sc_fly_static\" data-id=\"fbaf1b4\" data-element_type=\"section\">\n\t\t\t\t\t\t<div class=\"elementor-container elementor-column-gap-extended\">\n\t\t\t\t\t<div class=\"elementor-column elementor-col-100 elementor-top-column elementor-element elementor-element-741cb1c sc_inner_width_none sc_content_align_inherit sc_layouts_column_icons_position_left sc_fly_static\" data-id=\"741cb1c\" data-element_type=\"column\">\n\t\t\t<div class=\"elementor-widget-wrap elementor-element-populated\">\n\t\t\t\t\t\t<div class=\"elementor-element elementor-element-af80b4a elementor-absolute sc_fly_static elementor-widget elementor-widget-image\" data-id=\"af80b4a\" data-element_type=\"widget\" data-settings=\"{&quot;_position&quot;:&quot;absolute&quot;}\" data-widget_type=\"image.default\">\n\t\t\t\t<div class=\"elementor-widget-container\">\n\t\t\t\t\t\t\t\t\t\t\t\t\t<img fetchpriority=\"high\" decoding=\"async\" width=\"1024\" height=\"317\" src=\"https:\/\/abbm.atauni.edu.tr\/wp-content\/uploads\/2024\/04\/Adsiz-tasarim-40-1024x317.png\" class=\"attachment-large size-large wp-image-20879\" alt=\"\" srcset=\"https:\/\/abbm.atauni.edu.tr\/wp-content\/uploads\/2024\/04\/Adsiz-tasarim-40-1024x317.png 1024w, https:\/\/abbm.atauni.edu.tr\/wp-content\/uploads\/2024\/04\/Adsiz-tasarim-40-300x93.png 300w, https:\/\/abbm.atauni.edu.tr\/wp-content\/uploads\/2024\/04\/Adsiz-tasarim-40-768x237.png 768w, https:\/\/abbm.atauni.edu.tr\/wp-content\/uploads\/2024\/04\/Adsiz-tasarim-40-18x6.png 18w, https:\/\/abbm.atauni.edu.tr\/wp-content\/uploads\/2024\/04\/Adsiz-tasarim-40-370x114.png 370w, https:\/\/abbm.atauni.edu.tr\/wp-content\/uploads\/2024\/04\/Adsiz-tasarim-40-1290x400.png 1290w, https:\/\/abbm.atauni.edu.tr\/wp-content\/uploads\/2024\/04\/Adsiz-tasarim-40-840x260.png 840w, https:\/\/abbm.atauni.edu.tr\/wp-content\/uploads\/2024\/04\/Adsiz-tasarim-40-410x127.png 410w, https:\/\/abbm.atauni.edu.tr\/wp-content\/uploads\/2024\/04\/Adsiz-tasarim-40.png 1294w\" sizes=\"(max-width: 1024px) 100vw, 1024px\" \/>\t\t\t\t\t\t\t\t\t\t\t\t\t<\/div>\n\t\t\t\t<\/div>\n\t\t\t\t\t<\/div>\n\t\t<\/div>\n\t\t\t\t\t<\/div>\n\t\t<\/section>\n\t\t\t\t<section class=\"elementor-section elementor-top-section elementor-element elementor-element-fd319fe elementor-section-boxed elementor-section-height-default elementor-section-height-default sc_fly_static\" data-id=\"fd319fe\" data-element_type=\"section\">\n\t\t\t\t\t\t<div class=\"elementor-container elementor-column-gap-extended\">\n\t\t\t\t\t<div class=\"elementor-column elementor-col-100 elementor-top-column elementor-element elementor-element-f06ca68 sc_inner_width_none sc_content_align_inherit sc_layouts_column_icons_position_left sc_fly_static\" data-id=\"f06ca68\" data-element_type=\"column\">\n\t\t\t<div class=\"elementor-widget-wrap elementor-element-populated\">\n\t\t\t\t\t\t<div class=\"elementor-element elementor-element-3eb94bc sc_fly_static elementor-widget elementor-widget-text-editor\" data-id=\"3eb94bc\" data-element_type=\"widget\" data-widget_type=\"text-editor.default\">\n\t\t\t\t<div class=\"elementor-widget-container\">\n\t\t\t\t\t\t\t<p><strong>Journal of Insect Biodiversity<\/strong> It is the international peer-reviewed scientific journal of Atat\u00fcrk University Biodiversity Application and Research Center. JIB is committed to publishing high-quality new scientific data on insect biodiversity. The purpose of this journal is to share and disseminate new scientific knowledge regarding the discovery, description and conservation of insect diversity.<\/p><p><strong>Journal of Insect Biodiversity<\/strong><\/p><p><strong>\u00a0 \u00a0 \u00a0 \u00a0<\/strong><a href=\"https:\/\/www.mapress.com\/j\/jib\" target=\"_blank\" rel=\"noopener\">https:\/\/www.mapress.com\/j\/jib<\/a><\/p><p><strong>Publisher: Magnolia Press\u00a0\u00a0\u00a0<\/strong><\/p><p><a href=\"https:\/\/mapress.com\/publisher\" target=\"_blank\" rel=\"noopener\"><img decoding=\"async\" class=\"alignnone wp-image-20820\" src=\"https:\/\/abbm.atauni.edu.tr\/wp-content\/uploads\/2024\/01\/mj-hearder-sample-3-removebg-preview-300x63.png\" alt=\"\" width=\"164\" height=\"34\" srcset=\"https:\/\/abbm.atauni.edu.tr\/wp-content\/uploads\/2024\/01\/mj-hearder-sample-3-removebg-preview-300x63.png 300w, https:\/\/abbm.atauni.edu.tr\/wp-content\/uploads\/2024\/01\/mj-hearder-sample-3-removebg-preview-18x4.png 18w, https:\/\/abbm.atauni.edu.tr\/wp-content\/uploads\/2024\/01\/mj-hearder-sample-3-removebg-preview-370x78.png 370w, https:\/\/abbm.atauni.edu.tr\/wp-content\/uploads\/2024\/01\/mj-hearder-sample-3-removebg-preview-410x87.png 410w, https:\/\/abbm.atauni.edu.tr\/wp-content\/uploads\/2024\/01\/mj-hearder-sample-3-removebg-preview.png 667w\" sizes=\"(max-width: 164px) 100vw, 164px\" \/><\/a><\/p><p><strong><em>Indexes where the journal is cited:<\/em><\/strong><\/p><ul><li>Web of Science Core Collection: ESCI<\/li><li>Web of Science Indexes: Biological Abstracts | BIOSIS Previews | Zoological Record<\/li><li>Web of Science Impact Factor: 0.7<\/li><li>SCOPUS (CiteScore 2023: 1.1)<\/li><li>SJR Best Quartile: Q2\u00a0<\/li><\/ul>\t\t\t\t\t\t<\/div>\n\t\t\t\t<\/div>\n\t\t\t\t\t<\/div>\n\t\t<\/div>\n\t\t\t\t\t<\/div>\n\t\t<\/section>\n\t\t\t\t<\/div>","protected":false},"excerpt":{"rendered":"<p>Journal of Insect Biodiversity Atat\u00fcrk \u00dcniversitesi Biyo\u00e7e\u015fitlilik Uygulama ve Ara\u015ft\u0131rma Merkezi&#8217;nin uluslararas\u0131 hakemli bilimsel dergisidir. JIB, b\u00f6cek biyolojik \u00e7e\u015fitlili\u011fine ili\u015fkin y\u00fcksek kaliteli yeni bilimsel verileri yay\u0131nlamaya kendini adam\u0131\u015ft\u0131r. Bu derginin&hellip;<\/p>","protected":false},"author":1,"featured_media":0,"parent":0,"menu_order":0,"comment_status":"closed","ping_status":"closed","template":"","meta":{"rank_math_lock_modified_date":false,"footnotes":""},"class_list":["post-19097","page","type-page","status-publish","hentry"],"_links":{"self":[{"href":"https:\/\/abbm.atauni.edu.tr\/en\/wp-json\/wp\/v2\/pages\/19097","targetHints":{"allow":["GET"]}}],"collection":[{"href":"https:\/\/abbm.atauni.edu.tr\/en\/wp-json\/wp\/v2\/pages"}],"about":[{"href":"https:\/\/abbm.atauni.edu.tr\/en\/wp-json\/wp\/v2\/types\/page"}],"author":[{"embeddable":true,"href":"https:\/\/abbm.atauni.edu.tr\/en\/wp-json\/wp\/v2\/users\/1"}],"replies":[{"embeddable":true,"href":"https:\/\/abbm.atauni.edu.tr\/en\/wp-json\/wp\/v2\/comments?post=19097"}],"version-history":[{"count":50,"href":"https:\/\/abbm.atauni.edu.tr\/en\/wp-json\/wp\/v2\/pages\/19097\/revisions"}],"predecessor-version":[{"id":20973,"href":"https:\/\/abbm.atauni.edu.tr\/en\/wp-json\/wp\/v2\/pages\/19097\/revisions\/20973"}],"wp:attachment":[{"href":"https:\/\/abbm.atauni.edu.tr\/en\/wp-json\/wp\/v2\/media?parent=19097"}],"curies":[{"name":"wp","href":"https:\/\/api.w.org\/{rel}","templated":true}]}}