{"id":19106,"date":"2023-11-28T13:59:14","date_gmt":"2023-11-28T10:59:14","guid":{"rendered":"https:\/\/abbm.atauni.edu.tr\/?page_id=19106"},"modified":"2024-09-18T14:59:21","modified_gmt":"2024-09-18T11:59:21","slug":"kurulus-hikayesi","status":"publish","type":"page","link":"https:\/\/abbm.atauni.edu.tr\/en\/kurulus-hikayesi\/","title":{"rendered":"Founding Story"},"content":{"rendered":"<div data-elementor-type=\"wp-page\" data-elementor-id=\"19106\" class=\"elementor elementor-19106\">\n\t\t\t\t\t\t<section class=\"elementor-section elementor-top-section elementor-element elementor-element-222d414 elementor-section-boxed elementor-section-height-default elementor-section-height-default sc_fly_static\" data-id=\"222d414\" data-element_type=\"section\">\n\t\t\t\t\t\t<div class=\"elementor-container elementor-column-gap-extended\">\n\t\t\t\t\t<div class=\"elementor-column elementor-col-100 elementor-top-column elementor-element elementor-element-61e966d sc_inner_width_none sc_content_align_inherit sc_layouts_column_icons_position_left sc_fly_static\" data-id=\"61e966d\" data-element_type=\"column\">\n\t\t\t<div class=\"elementor-widget-wrap elementor-element-populated\">\n\t\t\t\t\t\t<div class=\"elementor-element elementor-element-1827210 elementor-tabs-alignment-stretch elementor-tabs-view-horizontal sc_tabs_icon_position_left sc_fly_static elementor-widget elementor-widget-tabs\" data-id=\"1827210\" data-element_type=\"widget\" data-widget_type=\"tabs.default\">\n\t\t\t\t<div class=\"elementor-widget-container\">\n\t\t\t\t\t<div class=\"elementor-tabs\">\n\t\t\t<div class=\"elementor-tabs-wrapper\" role=\"tablist\" >\n\t\t\t\t\t\t\t\t\t<div id=\"elementor-tab-title-2531\" class=\"elementor-tab-title elementor-tab-desktop-title\" aria-selected=\"true\" data-tab=\"1\" role=\"tab\" tabindex=\"0\" aria-controls=\"elementor-tab-content-2531\" aria-expanded=\"false\">Founding Story<\/div>\n\t\t\t\t\t\t\t\t\t<div id=\"elementor-tab-title-2532\" class=\"elementor-tab-title elementor-tab-desktop-title\" aria-selected=\"false\" data-tab=\"2\" role=\"tab\" tabindex=\"-1\" aria-controls=\"elementor-tab-content-2532\" aria-expanded=\"false\">History<\/div>\n\t\t\t\t\t\t\t<\/div>\n\t\t\t<div class=\"elementor-tabs-content-wrapper\" role=\"tablist\" aria-orientation=\"vertical\">\n\t\t\t\t\t\t\t\t\t<div class=\"elementor-tab-title elementor-tab-mobile-title\" aria-selected=\"true\" data-tab=\"1\" role=\"tab\" tabindex=\"0\" aria-controls=\"elementor-tab-content-2531\" aria-expanded=\"false\">Founding Story<\/div>\n\t\t\t\t\t<div id=\"elementor-tab-content-2531\" class=\"elementor-tab-content elementor-clearfix\" data-tab=\"1\" role=\"tabpanel\" aria-labelledby=\"elementor-tab-title-2531\" tabindex=\"0\" hidden=\"false\"><p>As a result of the briefing given by Prof. Dr. Levent G\u00fcltekin to the then Rector of Atat\u00fcrk University Prof. Dr. \u00d6mer \u00c7omakl\u0131 and the board of directors about the Biodiversity Science Museum project in early 2018, the procedures for the establishment of the Biodiversity Application and Research Center were initiated immediately, and the research center became operational with its publication in the Official Gazette No. 30418 dated 11 May 2018.<\/p><p>A model museum review was planned as the first stage in the process of establishing the \u201cBiodiversity Science Museum\u201d that will function within the research center. For this purpose, a series of examinations were carried out in MUSE - Museo delle Scienze, Trento, Italy between November 19-23, 2018 and in Zoological Institute, Komarov Botanical Institute, Russian Academy of Sciences, St. Petersburg, Russia between October 27-30, 2019 and official scientific cooperation agreements were signed between the mentioned units and Atat\u00fcrk University for the establishment of the Biodiversity Science Museum.<\/p><p>Following the allocation of the building where the Biodiversity Application and Research Center will operate, after the decision to bring together the collections in various units of Atat\u00fcrk University within the Biodiversity Science Museum, a series of project studies were initiated under the leadership of Prof. Dr. Levent G\u00fcltekin in line with national and international priorities with Atat\u00fcrk University's own resources.<\/p><p>Modern laboratories have been established to conduct research in the field of biodiversity, and permanent exhibitions and educational units have been created to share science with the public. The Biodiversity Science Museum, which started accepting visitors on a trial basis in June 2023, has already been visited by approximately 10000 people.<\/p><p>&#8220;<strong>Atat\u00fcrk University Biodiversity Science Museum \u2013 ABBM-<\/strong>holds international code and is listed in the GBIF \u201c<strong>Global Biodiversity Information Facility<\/strong><strong>\u201d <\/strong>It has taken its place in the scientific collection list: <a href=\"https:\/\/scientific-collections.gbif.org\/collection\/6f2806b6-e547-412a-87ce-6d1c45a4b9df\" target=\"_blank\" rel=\"noopener\">https:\/\/scientific-collections.gbif.org\/collection\/6f2806b6-e547-412a-87ce-6d1c45a4b9df<\/a><\/p><\/div>\n\t\t\t\t\t\t\t\t\t<div class=\"elementor-tab-title elementor-tab-mobile-title\" aria-selected=\"false\" data-tab=\"2\" role=\"tab\" tabindex=\"-1\" aria-controls=\"elementor-tab-content-2532\" aria-expanded=\"false\">History<\/div>\n\t\t\t\t\t<div id=\"elementor-tab-content-2532\" class=\"elementor-tab-content elementor-clearfix\" data-tab=\"2\" role=\"tabpanel\" aria-labelledby=\"elementor-tab-title-2532\" tabindex=\"0\" hidden=\"hidden\"><p>Atat\u00fcrk University has a rich history of research in the field of fauna and flora identification in the Eastern Anatolia Region, with many professors from different departments conducting investigations. Various faculties and departments, including the Faculty of Education, Faculty of Science - Department of Biology, Faculty of Pharmacy, Faculty of Agriculture - Department of Plant Protection, have initiated the establishment of collections over the historical course of the university. The most prominent among these is the \"Entomology Museum\" established by the Department of Plant Protection.<\/p><p>It is worth opening a parenthesis and hearing from the founder of the Entomology Museum, retired Professor Dr. Hikmet \u00d6zbek: \"As you all know from the history of the department, Plant Protection was a unit within the Plant and Crop Production Department. The late Hasan Y\u00fcksel was the first faculty member. I started as the first assistant in 1965 and began collecting the first insect specimens, especially from the campus, in the summer of 1965. In 1967, I went to the United States with an AID scholarship to the University of Nebraska to do my master's. I saw excellently prepared insect collections there. We had to create a large collection in accordance with the rules in the 'Entomology' course. There was a huge collection at the University of Nebraska. Upon my return in 1970, creating a similar collection at my university was my biggest dream. Despite extremely limited, almost nonexistent facilities, we continued our efforts and tried to do something with my assistants.\"<\/p><p>While many professors, researchers, and students contributed to the formation of these collections, the most remarkable and even extraordinary level of contribution stands out from Prof. Dr. Hikmet \u00d6zbek, Prof. Dr. Adem Tatl\u0131, Prof. Dr. Mustafa Kuru, and Prof. Dr. Erol Y\u0131ld\u0131r\u0131m, whose efforts have played a crucial role in the establishment of the collections, a significant portion of which is now housed in the Biodiversity Science Museum.<\/p><\/div>\n\t\t\t\t\t\t\t<\/div>\n\t\t<\/div>\n\t\t\t\t<\/div>\n\t\t\t\t<\/div>\n\t\t\t\t\t<\/div>\n\t\t<\/div>\n\t\t\t\t\t<\/div>\n\t\t<\/section>\n\t\t\t\t<section class=\"elementor-section elementor-top-section elementor-element elementor-element-cafc0ce elementor-section-boxed elementor-section-height-default elementor-section-height-default sc_fly_static\" data-id=\"cafc0ce\" data-element_type=\"section\">\n\t\t\t\t\t\t<div class=\"elementor-container elementor-column-gap-extended\">\n\t\t\t\t\t<div class=\"elementor-column elementor-col-100 elementor-top-column elementor-element elementor-element-79e7fa9 sc_inner_width_none sc_content_align_inherit sc_layouts_column_icons_position_left sc_fly_static\" data-id=\"79e7fa9\" data-element_type=\"column\">\n\t\t\t<div class=\"elementor-widget-wrap elementor-element-populated\">\n\t\t\t\t\t\t<div class=\"elementor-element elementor-element-925ac12 gallery-spacing-custom sc_fly_static elementor-widget elementor-widget-image-gallery\" data-id=\"925ac12\" data-element_type=\"widget\" data-widget_type=\"image-gallery.default\">\n\t\t\t\t<div class=\"elementor-widget-container\">\n\t\t\t\t\t<div class=\"elementor-image-gallery\">\n\t\t\t<div id='gallery-1' class='gallery galleryid-19106 gallery-columns-3 gallery-size-full'><figure class='gallery-item'>\n\t\t\t<div class='gallery-icon landscape'>\n\t\t\t\t<a data-elementor-open-lightbox=\"yes\" data-elementor-lightbox-slideshow=\"925ac12\" data-elementor-lightbox-title=\"ZIN-RUSSI\u0307A\" data-e-action-hash=\"#elementor-action%3Aaction%3Dlightbox%26settings%3DeyJpZCI6MjAwODksInVybCI6Imh0dHBzOlwvXC9hYmJtLmF0YXVuaS5lZHUudHJcL3dwLWNvbnRlbnRcL3VwbG9hZHNcLzIwMjNcLzEyXC9aSU4tUlVTU0lBLmpwZyIsInNsaWRlc2hvdyI6IjkyNWFjMTIifQ%3D%3D\" href=\"https:\/\/abbm.atauni.edu.tr\/wp-content\/uploads\/2023\/12\/ZIN-RUSSIA.jpg\"><img fetchpriority=\"high\" decoding=\"async\" width=\"1000\" height=\"750\" src=\"https:\/\/abbm.atauni.edu.tr\/wp-content\/uploads\/2023\/12\/ZIN-RUSSIA.jpg\" class=\"attachment-full size-full\" alt=\"\" srcset=\"https:\/\/abbm.atauni.edu.tr\/wp-content\/uploads\/2023\/12\/ZIN-RUSSIA.jpg 1000w, https:\/\/abbm.atauni.edu.tr\/wp-content\/uploads\/2023\/12\/ZIN-RUSSIA-300x225.jpg 300w, https:\/\/abbm.atauni.edu.tr\/wp-content\/uploads\/2023\/12\/ZIN-RUSSIA-768x576.jpg 768w, https:\/\/abbm.atauni.edu.tr\/wp-content\/uploads\/2023\/12\/ZIN-RUSSIA-370x278.jpg 370w, https:\/\/abbm.atauni.edu.tr\/wp-content\/uploads\/2023\/12\/ZIN-RUSSIA-840x630.jpg 840w, https:\/\/abbm.atauni.edu.tr\/wp-content\/uploads\/2023\/12\/ZIN-RUSSIA-410x308.jpg 410w, https:\/\/abbm.atauni.edu.tr\/wp-content\/uploads\/2023\/12\/ZIN-RUSSIA-600x450.jpg 600w\" sizes=\"(max-width: 1000px) 100vw, 1000px\" \/><\/a>\n\t\t\t<\/div><\/figure><figure class='gallery-item'>\n\t\t\t<div class='gallery-icon landscape'>\n\t\t\t\t<a data-elementor-open-lightbox=\"yes\" data-elementor-lightbox-slideshow=\"925ac12\" data-elementor-lightbox-title=\"IMG_1597\" data-e-action-hash=\"#elementor-action%3Aaction%3Dlightbox%26settings%3DeyJpZCI6MjAwOTAsInVybCI6Imh0dHBzOlwvXC9hYmJtLmF0YXVuaS5lZHUudHJcL3dwLWNvbnRlbnRcL3VwbG9hZHNcLzIwMjNcLzEyXC9JTUdfMTU5Ny5qcGciLCJzbGlkZXNob3ciOiI5MjVhYzEyIn0%3D\" href=\"https:\/\/abbm.atauni.edu.tr\/wp-content\/uploads\/2023\/12\/IMG_1597.jpg\"><img decoding=\"async\" width=\"1000\" height=\"750\" src=\"https:\/\/abbm.atauni.edu.tr\/wp-content\/uploads\/2023\/12\/IMG_1597.jpg\" class=\"attachment-full size-full\" alt=\"\" srcset=\"https:\/\/abbm.atauni.edu.tr\/wp-content\/uploads\/2023\/12\/IMG_1597.jpg 1000w, https:\/\/abbm.atauni.edu.tr\/wp-content\/uploads\/2023\/12\/IMG_1597-300x225.jpg 300w, https:\/\/abbm.atauni.edu.tr\/wp-content\/uploads\/2023\/12\/IMG_1597-768x576.jpg 768w, https:\/\/abbm.atauni.edu.tr\/wp-content\/uploads\/2023\/12\/IMG_1597-370x278.jpg 370w, https:\/\/abbm.atauni.edu.tr\/wp-content\/uploads\/2023\/12\/IMG_1597-840x630.jpg 840w, https:\/\/abbm.atauni.edu.tr\/wp-content\/uploads\/2023\/12\/IMG_1597-410x308.jpg 410w, https:\/\/abbm.atauni.edu.tr\/wp-content\/uploads\/2023\/12\/IMG_1597-600x450.jpg 600w\" sizes=\"(max-width: 1000px) 100vw, 1000px\" \/><\/a>\n\t\t\t<\/div><\/figure><figure class='gallery-item'>\n\t\t\t<div class='gallery-icon landscape'>\n\t\t\t\t<a data-elementor-open-lightbox=\"yes\" data-elementor-lightbox-slideshow=\"925ac12\" data-elementor-lightbox-title=\"IMG_1595\" data-e-action-hash=\"#elementor-action%3Aaction%3Dlightbox%26settings%3DeyJpZCI6MjAwOTEsInVybCI6Imh0dHBzOlwvXC9hYmJtLmF0YXVuaS5lZHUudHJcL3dwLWNvbnRlbnRcL3VwbG9hZHNcLzIwMjNcLzEyXC9JTUdfMTU5NS5qcGciLCJzbGlkZXNob3ciOiI5MjVhYzEyIn0%3D\" href=\"https:\/\/abbm.atauni.edu.tr\/wp-content\/uploads\/2023\/12\/IMG_1595.jpg\"><img decoding=\"async\" width=\"1000\" height=\"750\" src=\"https:\/\/abbm.atauni.edu.tr\/wp-content\/uploads\/2023\/12\/IMG_1595.jpg\" class=\"attachment-full size-full\" alt=\"\" srcset=\"https:\/\/abbm.atauni.edu.tr\/wp-content\/uploads\/2023\/12\/IMG_1595.jpg 1000w, https:\/\/abbm.atauni.edu.tr\/wp-content\/uploads\/2023\/12\/IMG_1595-300x225.jpg 300w, https:\/\/abbm.atauni.edu.tr\/wp-content\/uploads\/2023\/12\/IMG_1595-768x576.jpg 768w, https:\/\/abbm.atauni.edu.tr\/wp-content\/uploads\/2023\/12\/IMG_1595-370x278.jpg 370w, https:\/\/abbm.atauni.edu.tr\/wp-content\/uploads\/2023\/12\/IMG_1595-840x630.jpg 840w, https:\/\/abbm.atauni.edu.tr\/wp-content\/uploads\/2023\/12\/IMG_1595-410x308.jpg 410w, https:\/\/abbm.atauni.edu.tr\/wp-content\/uploads\/2023\/12\/IMG_1595-600x450.jpg 600w\" sizes=\"(max-width: 1000px) 100vw, 1000px\" \/><\/a>\n\t\t\t<\/div><\/figure><figure class='gallery-item'>\n\t\t\t<div class='gallery-icon landscape'>\n\t\t\t\t<a data-elementor-open-lightbox=\"yes\" data-elementor-lightbox-slideshow=\"925ac12\" data-elementor-lightbox-title=\"IMG_1512\" data-e-action-hash=\"#elementor-action%3Aaction%3Dlightbox%26settings%3DeyJpZCI6MjAwOTIsInVybCI6Imh0dHBzOlwvXC9hYmJtLmF0YXVuaS5lZHUudHJcL3dwLWNvbnRlbnRcL3VwbG9hZHNcLzIwMjNcLzEyXC9JTUdfMTUxMi5qcGciLCJzbGlkZXNob3ciOiI5MjVhYzEyIn0%3D\" href=\"https:\/\/abbm.atauni.edu.tr\/wp-content\/uploads\/2023\/12\/IMG_1512.jpg\"><img loading=\"lazy\" decoding=\"async\" width=\"1000\" height=\"750\" src=\"https:\/\/abbm.atauni.edu.tr\/wp-content\/uploads\/2023\/12\/IMG_1512.jpg\" class=\"attachment-full size-full\" alt=\"\" srcset=\"https:\/\/abbm.atauni.edu.tr\/wp-content\/uploads\/2023\/12\/IMG_1512.jpg 1000w, https:\/\/abbm.atauni.edu.tr\/wp-content\/uploads\/2023\/12\/IMG_1512-300x225.jpg 300w, https:\/\/abbm.atauni.edu.tr\/wp-content\/uploads\/2023\/12\/IMG_1512-768x576.jpg 768w, https:\/\/abbm.atauni.edu.tr\/wp-content\/uploads\/2023\/12\/IMG_1512-370x278.jpg 370w, https:\/\/abbm.atauni.edu.tr\/wp-content\/uploads\/2023\/12\/IMG_1512-840x630.jpg 840w, https:\/\/abbm.atauni.edu.tr\/wp-content\/uploads\/2023\/12\/IMG_1512-410x308.jpg 410w, https:\/\/abbm.atauni.edu.tr\/wp-content\/uploads\/2023\/12\/IMG_1512-600x450.jpg 600w\" sizes=\"(max-width: 1000px) 100vw, 1000px\" \/><\/a>\n\t\t\t<\/div><\/figure><figure class='gallery-item'>\n\t\t\t<div class='gallery-icon landscape'>\n\t\t\t\t<a data-elementor-open-lightbox=\"yes\" data-elementor-lightbox-slideshow=\"925ac12\" data-elementor-lightbox-title=\"IMG_1500\" data-e-action-hash=\"#elementor-action%3Aaction%3Dlightbox%26settings%3DeyJpZCI6MjAwOTMsInVybCI6Imh0dHBzOlwvXC9hYmJtLmF0YXVuaS5lZHUudHJcL3dwLWNvbnRlbnRcL3VwbG9hZHNcLzIwMjNcLzEyXC9JTUdfMTUwMC5qcGciLCJzbGlkZXNob3ciOiI5MjVhYzEyIn0%3D\" href=\"https:\/\/abbm.atauni.edu.tr\/wp-content\/uploads\/2023\/12\/IMG_1500.jpg\"><img loading=\"lazy\" decoding=\"async\" width=\"1000\" height=\"750\" src=\"https:\/\/abbm.atauni.edu.tr\/wp-content\/uploads\/2023\/12\/IMG_1500.jpg\" class=\"attachment-full size-full\" alt=\"\" srcset=\"https:\/\/abbm.atauni.edu.tr\/wp-content\/uploads\/2023\/12\/IMG_1500.jpg 1000w, https:\/\/abbm.atauni.edu.tr\/wp-content\/uploads\/2023\/12\/IMG_1500-300x225.jpg 300w, https:\/\/abbm.atauni.edu.tr\/wp-content\/uploads\/2023\/12\/IMG_1500-768x576.jpg 768w, https:\/\/abbm.atauni.edu.tr\/wp-content\/uploads\/2023\/12\/IMG_1500-370x278.jpg 370w, https:\/\/abbm.atauni.edu.tr\/wp-content\/uploads\/2023\/12\/IMG_1500-840x630.jpg 840w, https:\/\/abbm.atauni.edu.tr\/wp-content\/uploads\/2023\/12\/IMG_1500-410x308.jpg 410w, https:\/\/abbm.atauni.edu.tr\/wp-content\/uploads\/2023\/12\/IMG_1500-600x450.jpg 600w\" sizes=\"(max-width: 1000px) 100vw, 1000px\" \/><\/a>\n\t\t\t<\/div><\/figure><figure class='gallery-item'>\n\t\t\t<div class='gallery-icon landscape'>\n\t\t\t\t<a data-elementor-open-lightbox=\"yes\" data-elementor-lightbox-slideshow=\"925ac12\" data-elementor-lightbox-title=\"IMG-2380\" data-e-action-hash=\"#elementor-action%3Aaction%3Dlightbox%26settings%3DeyJpZCI6MjAwOTQsInVybCI6Imh0dHBzOlwvXC9hYmJtLmF0YXVuaS5lZHUudHJcL3dwLWNvbnRlbnRcL3VwbG9hZHNcLzIwMjNcLzEyXC9JTUctMjM4MC5qcGciLCJzbGlkZXNob3ciOiI5MjVhYzEyIn0%3D\" href=\"https:\/\/abbm.atauni.edu.tr\/wp-content\/uploads\/2023\/12\/IMG-2380.jpg\"><img loading=\"lazy\" decoding=\"async\" width=\"1000\" height=\"750\" src=\"https:\/\/abbm.atauni.edu.tr\/wp-content\/uploads\/2023\/12\/IMG-2380.jpg\" class=\"attachment-full size-full\" alt=\"\" srcset=\"https:\/\/abbm.atauni.edu.tr\/wp-content\/uploads\/2023\/12\/IMG-2380.jpg 1000w, https:\/\/abbm.atauni.edu.tr\/wp-content\/uploads\/2023\/12\/IMG-2380-300x225.jpg 300w, https:\/\/abbm.atauni.edu.tr\/wp-content\/uploads\/2023\/12\/IMG-2380-768x576.jpg 768w, https:\/\/abbm.atauni.edu.tr\/wp-content\/uploads\/2023\/12\/IMG-2380-370x278.jpg 370w, https:\/\/abbm.atauni.edu.tr\/wp-content\/uploads\/2023\/12\/IMG-2380-840x630.jpg 840w, https:\/\/abbm.atauni.edu.tr\/wp-content\/uploads\/2023\/12\/IMG-2380-410x308.jpg 410w, https:\/\/abbm.atauni.edu.tr\/wp-content\/uploads\/2023\/12\/IMG-2380-600x450.jpg 600w\" sizes=\"(max-width: 1000px) 100vw, 1000px\" \/><\/a>\n\t\t\t<\/div><\/figure>\n\t\t<\/div>\n\t\t<\/div>\n\t\t\t\t<\/div>\n\t\t\t\t<\/div>\n\t\t\t\t\t<\/div>\n\t\t<\/div>\n\t\t\t\t\t<\/div>\n\t\t<\/section>\n\t\t\t\t<\/div>","protected":false},"excerpt":{"rendered":"<p>Kurulu\u015f Hikayesi Tarih\u00e7e Kurulu\u015f Hikayesi Biyo\u00e7e\u015fitlilik Bilim M\u00fczesi projesi hakk\u0131nda d\u00f6nemin Atat\u00fcrk \u00dcniversitesi Rekt\u00f6r\u00fc Prof. Dr. \u00d6mer \u00c7omakl\u0131 ve y\u00f6netim kuruluna 2018 y\u0131l\u0131 ba\u015flar\u0131nda Prof. Dr. Levent G\u00fcltekin taraf\u0131ndan verilen&hellip;<\/p>","protected":false},"author":1,"featured_media":0,"parent":0,"menu_order":0,"comment_status":"closed","ping_status":"closed","template":"","meta":{"rank_math_lock_modified_date":false,"footnotes":""},"class_list":["post-19106","page","type-page","status-publish","hentry"],"_links":{"self":[{"href":"https:\/\/abbm.atauni.edu.tr\/en\/wp-json\/wp\/v2\/pages\/19106","targetHints":{"allow":["GET"]}}],"collection":[{"href":"https:\/\/abbm.atauni.edu.tr\/en\/wp-json\/wp\/v2\/pages"}],"about":[{"href":"https:\/\/abbm.atauni.edu.tr\/en\/wp-json\/wp\/v2\/types\/page"}],"author":[{"embeddable":true,"href":"https:\/\/abbm.atauni.edu.tr\/en\/wp-json\/wp\/v2\/users\/1"}],"replies":[{"embeddable":true,"href":"https:\/\/abbm.atauni.edu.tr\/en\/wp-json\/wp\/v2\/comments?post=19106"}],"version-history":[{"count":32,"href":"https:\/\/abbm.atauni.edu.tr\/en\/wp-json\/wp\/v2\/pages\/19106\/revisions"}],"predecessor-version":[{"id":20949,"href":"https:\/\/abbm.atauni.edu.tr\/en\/wp-json\/wp\/v2\/pages\/19106\/revisions\/20949"}],"wp:attachment":[{"href":"https:\/\/abbm.atauni.edu.tr\/en\/wp-json\/wp\/v2\/media?parent=19106"}],"curies":[{"name":"wp","href":"https:\/\/api.w.org\/{rel}","templated":true}]}}