{"id":19113,"date":"2023-11-28T14:07:58","date_gmt":"2023-11-28T11:07:58","guid":{"rendered":"https:\/\/abbm.atauni.edu.tr\/?page_id=19113"},"modified":"2023-12-22T12:23:28","modified_gmt":"2023-12-22T09:23:28","slug":"proje-fikri","status":"publish","type":"page","link":"https:\/\/abbm.atauni.edu.tr\/en\/proje-fikri\/","title":{"rendered":"Project Idea"},"content":{"rendered":"<div data-elementor-type=\"wp-page\" data-elementor-id=\"19113\" class=\"elementor elementor-19113\">\n\t\t\t\t\t\t<section class=\"elementor-section elementor-top-section elementor-element elementor-element-4aea25d elementor-section-content-middle elementor-section-boxed elementor-section-height-default elementor-section-height-default sc_fly_static\" data-id=\"4aea25d\" data-element_type=\"section\">\n\t\t\t\t\t\t<div class=\"elementor-container elementor-column-gap-extended\">\n\t\t\t\t\t<div class=\"elementor-column elementor-col-33 elementor-top-column elementor-element elementor-element-7834159 sc_inner_width_none sc_content_align_inherit sc_layouts_column_icons_position_left sc_fly_static\" data-id=\"7834159\" data-element_type=\"column\">\n\t\t\t<div class=\"elementor-widget-wrap elementor-element-populated\">\n\t\t\t\t\t\t<div class=\"elementor-element elementor-element-7b30354 sc_fly_static elementor-widget elementor-widget-image\" data-id=\"7b30354\" data-element_type=\"widget\" data-widget_type=\"image.default\">\n\t\t\t\t<div class=\"elementor-widget-container\">\n\t\t\t\t\t\t\t\t\t\t\t\t\t<img fetchpriority=\"high\" decoding=\"async\" width=\"768\" height=\"1024\" src=\"https:\/\/abbm.atauni.edu.tr\/wp-content\/uploads\/2023\/12\/LG_ZIN-768x1024.jpg\" class=\"attachment-large size-large wp-image-20054\" alt=\"\" srcset=\"https:\/\/abbm.atauni.edu.tr\/wp-content\/uploads\/2023\/12\/LG_ZIN-768x1024.jpg 768w, https:\/\/abbm.atauni.edu.tr\/wp-content\/uploads\/2023\/12\/LG_ZIN-225x300.jpg 225w, https:\/\/abbm.atauni.edu.tr\/wp-content\/uploads\/2023\/12\/LG_ZIN-370x493.jpg 370w, https:\/\/abbm.atauni.edu.tr\/wp-content\/uploads\/2023\/12\/LG_ZIN-840x1120.jpg 840w, https:\/\/abbm.atauni.edu.tr\/wp-content\/uploads\/2023\/12\/LG_ZIN-410x547.jpg 410w, https:\/\/abbm.atauni.edu.tr\/wp-content\/uploads\/2023\/12\/LG_ZIN-600x800.jpg 600w, https:\/\/abbm.atauni.edu.tr\/wp-content\/uploads\/2023\/12\/LG_ZIN.jpg 1125w\" sizes=\"(max-width: 768px) 100vw, 768px\" \/>\t\t\t\t\t\t\t\t\t\t\t\t\t<\/div>\n\t\t\t\t<\/div>\n\t\t\t\t\t<\/div>\n\t\t<\/div>\n\t\t\t\t<div class=\"elementor-column elementor-col-66 elementor-top-column elementor-element elementor-element-f3ca017 sc_inner_width_none sc_content_align_inherit sc_layouts_column_icons_position_left sc_fly_static\" data-id=\"f3ca017\" data-element_type=\"column\">\n\t\t\t<div class=\"elementor-widget-wrap elementor-element-populated\">\n\t\t\t\t\t\t<div class=\"elementor-element elementor-element-f4db59b sc_fly_static elementor-widget elementor-widget-text-editor\" data-id=\"f4db59b\" data-element_type=\"widget\" data-widget_type=\"text-editor.default\">\n\t\t\t\t<div class=\"elementor-widget-container\">\n\t\t\t\t\t\t\t<p>The project idea originates from the period when Prof. Dr. Levent G\u00fcltekin conducted research as a doctoral student at the Zoological Institute, Russian Academy of Sciences, St. Petersburg, with a T\u00dcB\u0130TAK-NATO scholarship on November 30, 2000. The institute and museum are among the largest in Europe, boasting a vast collection of 60 million specimens and exhibitions featuring nearly half of the recognized species in the Palaearctic Region.\nThe initial scientific feasibility studies on the project idea were carried out in 2004 by Assoc. Prof. Dr. Neslihan G\u00fcltekin at the Mus\u00e9um National d\u2019Histoire Naturelle in Paris. In 2006, further investigations on exhibitions were conducted at the Zoological Institute, Russian Academy of Sciences, St. Petersburg. The project's development and detailed shaping were based on the collection research of Prof. Dr. Levent G\u00fcltekin and additional studies carried out by the same researchers.\nBetween 2008 and 2023, the project idea underwent detailed shaping and development through examinations and research conducted by the researchers at various institutions, including Zoological Institute, Russian Academy of Sciences, St. Petersburg; Natural History Museum, London; Museo Nacional de Ciencias Naturales, Madrid; Mus\u00e9um National d\u2019Histoire Naturelle, Paris; The Swedish Museum of Natural History, Stockholm; The Linnaeus Museum, Upsala; and Museum f\u00fcr Naturkunde, Berlin. The researchers received briefings on museology and collaborated with experts such as Dr. Sci. Boris A. Korotyaev, Dr. Sci. Mark G. Volkovich, Dr. Sci. Chris H. C. Lyal, Dr. Miguel A. Alonso-Zarazaga, Dr. Sci. Alexander S. Konstantinov, Prof. Dr. Vladimir I. Dorofeev, and Dr. Johannes Bergsten, whose contributions were significant to the project.<\/p>\t\t\t\t\t\t<\/div>\n\t\t\t\t<\/div>\n\t\t\t\t\t<\/div>\n\t\t<\/div>\n\t\t\t\t\t<\/div>\n\t\t<\/section>\n\t\t\t\t<\/div>","protected":false},"excerpt":{"rendered":"<p>Proje fikri, Prof. Dr. Levent G\u00fcltekin\u2019in T\u00dcB\u0130TAK-NATO bursu ile 30 Kas\u0131m 2000 tarihinde doktora \u00f6\u011frencisi olarak Zoological Institute, Russian Academy of Sciences, St. Petersburg\u2019da ara\u015ft\u0131rma yapmak \u00fczere Zooloji M\u00fczesi\u2019nde bulundu\u011fu&hellip;<\/p>","protected":false},"author":1,"featured_media":0,"parent":0,"menu_order":0,"comment_status":"closed","ping_status":"closed","template":"","meta":{"rank_math_lock_modified_date":false,"footnotes":""},"class_list":["post-19113","page","type-page","status-publish","hentry"],"_links":{"self":[{"href":"https:\/\/abbm.atauni.edu.tr\/en\/wp-json\/wp\/v2\/pages\/19113","targetHints":{"allow":["GET"]}}],"collection":[{"href":"https:\/\/abbm.atauni.edu.tr\/en\/wp-json\/wp\/v2\/pages"}],"about":[{"href":"https:\/\/abbm.atauni.edu.tr\/en\/wp-json\/wp\/v2\/types\/page"}],"author":[{"embeddable":true,"href":"https:\/\/abbm.atauni.edu.tr\/en\/wp-json\/wp\/v2\/users\/1"}],"replies":[{"embeddable":true,"href":"https:\/\/abbm.atauni.edu.tr\/en\/wp-json\/wp\/v2\/comments?post=19113"}],"version-history":[{"count":19,"href":"https:\/\/abbm.atauni.edu.tr\/en\/wp-json\/wp\/v2\/pages\/19113\/revisions"}],"predecessor-version":[{"id":20550,"href":"https:\/\/abbm.atauni.edu.tr\/en\/wp-json\/wp\/v2\/pages\/19113\/revisions\/20550"}],"wp:attachment":[{"href":"https:\/\/abbm.atauni.edu.tr\/en\/wp-json\/wp\/v2\/media?parent=19113"}],"curies":[{"name":"wp","href":"https:\/\/api.w.org\/{rel}","templated":true}]}}