{"id":19199,"date":"2023-11-28T17:24:37","date_gmt":"2023-11-28T14:24:37","guid":{"rendered":"https:\/\/abbm.atauni.edu.tr\/?page_id=19199"},"modified":"2025-04-10T16:54:43","modified_gmt":"2025-04-10T13:54:43","slug":"zaman-cizelgesi","status":"publish","type":"page","link":"https:\/\/abbm.atauni.edu.tr\/en\/zaman-cizelgesi\/","title":{"rendered":"Timeline"},"content":{"rendered":"<div data-elementor-type=\"wp-page\" data-elementor-id=\"19199\" class=\"elementor elementor-19199\">\n\t\t\t\t\t\t<section class=\"elementor-section elementor-top-section elementor-element elementor-element-38fddbb elementor-section-boxed elementor-section-height-default elementor-section-height-default sc_fly_static\" data-id=\"38fddbb\" data-element_type=\"section\">\n\t\t\t\t\t\t<div class=\"elementor-container elementor-column-gap-extended\">\n\t\t\t\t\t<div class=\"elementor-column elementor-col-100 elementor-top-column elementor-element elementor-element-b67adbf sc_inner_width_none sc_content_align_inherit sc_layouts_column_icons_position_left sc_fly_static\" data-id=\"b67adbf\" data-element_type=\"column\">\n\t\t\t<div class=\"elementor-widget-wrap elementor-element-populated\">\n\t\t\t\t\t\t<div class=\"elementor-element elementor-element-96894c4 sc_fly_static elementor-widget elementor-widget-trx_sc_table\" data-id=\"96894c4\" data-element_type=\"widget\" data-widget_type=\"trx_sc_table.default\">\n\t\t\t\t<div class=\"elementor-widget-container\">\n\t\t\t<div class=\"sc_table_wrap\"><div\t\tclass=\"sc_table sc_table_default trx_addons_inline_434704865\" ><table>\n<tr> \n<td>Days <\/td> \n<td>Working hours <\/td> \n<\/tr>\n\n<tr> \n<td>Monday <\/td> \n<td>09:00 - 16:00 <\/td> \n<\/tr>\n\n<tr> \n<td>Tuesday <\/td> \n<td>09:00 - 16:00 <\/td> \n<\/tr>\n\n<tr> \n<td>Wednesday <\/td> \n<td>09:00 - 16:00 <\/td> \n<\/tr>\n\n<tr> \n<td>Thursday <\/td> \n<td>09:00 - 16:00 <\/td> \n<\/tr>\n\n<tr> \n<td>Friday <\/td> \n<td>09:00 - 16:00 <\/td> \n<\/tr>\n\n<tr> \n<td>Saturday <\/td> \n<td> Closed <\/td> \n<\/tr>\n\n<tr> \n<td>Sunday <\/td> \n<td> Closed <\/td> \n<\/tr>\n\n<\/table><\/div><\/div>\t\t<\/div>\n\t\t\t\t<\/div>\n\t\t\t\t<div class=\"elementor-element elementor-element-eace8b5 sc_layouts_hide_on_wide sc_layouts_hide_on_desktop sc_layouts_hide_on_notebook sc_layouts_hide_on_tablet sc_layouts_hide_on_mobile sc_fly_static elementor-widget elementor-widget-text-editor\" data-id=\"eace8b5\" data-element_type=\"widget\" data-widget_type=\"text-editor.default\">\n\t\t\t\t<div class=\"elementor-widget-container\">\n\t\t\t\t\t\t\t<p><strong><em>**M\u00fczemiz, 03 Nisan 2025 \u2013 03 Temmuz 2025 tarihleri aras\u0131nda pilot bir uygulama olarak hafta sonlar\u0131 da a\u00e7\u0131k olacakt\u0131r.<\/em><\/strong><\/p>\t\t\t\t\t\t<\/div>\n\t\t\t\t<\/div>\n\t\t\t\t\t<\/div>\n\t\t<\/div>\n\t\t\t\t\t<\/div>\n\t\t<\/section>\n\t\t\t\t<\/div>","protected":false},"excerpt":{"rendered":"<p>G\u00fcnler \u00c7al\u0131\u015fma Saatleri Pazartesi 09:00 &#8211; 16:00 Sal\u0131 09:00 &#8211; 16:00 \u00c7ar\u015famba 09:00 &#8211; 16:00 Per\u015fembe 09:00 &#8211; 16:00 Cuma 09:00 &#8211; 16:00 Cumartesi Kapal\u0131 Pazar Kapal\u0131 **M\u00fczemiz, 03 Nisan&hellip;<\/p>","protected":false},"author":1,"featured_media":0,"parent":0,"menu_order":0,"comment_status":"closed","ping_status":"closed","template":"","meta":{"rank_math_lock_modified_date":false,"footnotes":""},"class_list":["post-19199","page","type-page","status-publish","hentry"],"_links":{"self":[{"href":"https:\/\/abbm.atauni.edu.tr\/en\/wp-json\/wp\/v2\/pages\/19199","targetHints":{"allow":["GET"]}}],"collection":[{"href":"https:\/\/abbm.atauni.edu.tr\/en\/wp-json\/wp\/v2\/pages"}],"about":[{"href":"https:\/\/abbm.atauni.edu.tr\/en\/wp-json\/wp\/v2\/types\/page"}],"author":[{"embeddable":true,"href":"https:\/\/abbm.atauni.edu.tr\/en\/wp-json\/wp\/v2\/users\/1"}],"replies":[{"embeddable":true,"href":"https:\/\/abbm.atauni.edu.tr\/en\/wp-json\/wp\/v2\/comments?post=19199"}],"version-history":[{"count":13,"href":"https:\/\/abbm.atauni.edu.tr\/en\/wp-json\/wp\/v2\/pages\/19199\/revisions"}],"predecessor-version":[{"id":21016,"href":"https:\/\/abbm.atauni.edu.tr\/en\/wp-json\/wp\/v2\/pages\/19199\/revisions\/21016"}],"wp:attachment":[{"href":"https:\/\/abbm.atauni.edu.tr\/en\/wp-json\/wp\/v2\/media?parent=19199"}],"curies":[{"name":"wp","href":"https:\/\/api.w.org\/{rel}","templated":true}]}}