{"id":19215,"date":"2023-11-28T17:58:49","date_gmt":"2023-11-28T14:58:49","guid":{"rendered":"https:\/\/abbm.atauni.edu.tr\/?page_id=19215"},"modified":"2023-12-22T12:37:44","modified_gmt":"2023-12-22T09:37:44","slug":"randevu","status":"publish","type":"page","link":"https:\/\/abbm.atauni.edu.tr\/en\/randevu\/","title":{"rendered":"Rendezvous"},"content":{"rendered":"<div data-elementor-type=\"wp-page\" data-elementor-id=\"19215\" class=\"elementor elementor-19215\">\n\t\t\t\t\t\t<section class=\"elementor-section elementor-top-section elementor-element elementor-element-f4aef47 elementor-section-content-middle elementor-section-boxed elementor-section-height-default elementor-section-height-default sc_fly_static\" data-id=\"f4aef47\" data-element_type=\"section\">\n\t\t\t\t\t\t<div class=\"elementor-container elementor-column-gap-extended\">\n\t\t\t\t\t<div class=\"elementor-column elementor-col-33 elementor-top-column elementor-element elementor-element-5dfe3d3 sc_inner_width_none sc_content_align_inherit sc_layouts_column_icons_position_left sc_fly_static\" data-id=\"5dfe3d3\" data-element_type=\"column\">\n\t\t\t<div class=\"elementor-widget-wrap elementor-element-populated\">\n\t\t\t\t\t\t<div class=\"elementor-element elementor-element-909a816 sc_fly_static elementor-widget elementor-widget-heading\" data-id=\"909a816\" data-element_type=\"widget\" data-widget_type=\"heading.default\">\n\t\t\t\t<div class=\"elementor-widget-container\">\n\t\t\t<h4 class=\"elementor-heading-title elementor-size-default\">Group visits by student groups or tourists require an appointment.<\/h4>\t\t<\/div>\n\t\t\t\t<\/div>\n\t\t\t\t<div class=\"elementor-element elementor-element-f61adec sc_fly_static elementor-widget elementor-widget-text-editor\" data-id=\"f61adec\" data-element_type=\"widget\" data-widget_type=\"text-editor.default\">\n\t\t\t\t<div class=\"elementor-widget-container\">\n\t\t\t\t\t\t\t<p>You can request an appointment by filling out the form.<\/p>\t\t\t\t\t\t<\/div>\n\t\t\t\t<\/div>\n\t\t\t\t<div class=\"elementor-element elementor-element-a36ed5a sc_fly_static elementor-widget elementor-widget-image\" data-id=\"a36ed5a\" data-element_type=\"widget\" data-widget_type=\"image.default\">\n\t\t\t\t<div class=\"elementor-widget-container\">\n\t\t\t\t\t\t\t\t\t\t\t\t\t\t<a href=\"tel:904422316342 \">\n\t\t\t\t\t\t\t<img fetchpriority=\"high\" decoding=\"async\" width=\"1024\" height=\"331\" src=\"https:\/\/abbm.atauni.edu.tr\/wp-content\/uploads\/2023\/11\/PHONE-ABBM-1024x331.png\" class=\"attachment-large size-large wp-image-19218\" alt=\"\" srcset=\"https:\/\/abbm.atauni.edu.tr\/wp-content\/uploads\/2023\/11\/PHONE-ABBM-1024x331.png 1024w, https:\/\/abbm.atauni.edu.tr\/wp-content\/uploads\/2023\/11\/PHONE-ABBM-300x97.png 300w, https:\/\/abbm.atauni.edu.tr\/wp-content\/uploads\/2023\/11\/PHONE-ABBM-768x248.png 768w, https:\/\/abbm.atauni.edu.tr\/wp-content\/uploads\/2023\/11\/PHONE-ABBM-1536x497.png 1536w, https:\/\/abbm.atauni.edu.tr\/wp-content\/uploads\/2023\/11\/PHONE-ABBM-370x120.png 370w, https:\/\/abbm.atauni.edu.tr\/wp-content\/uploads\/2023\/11\/PHONE-ABBM-840x272.png 840w, https:\/\/abbm.atauni.edu.tr\/wp-content\/uploads\/2023\/11\/PHONE-ABBM-410x133.png 410w, https:\/\/abbm.atauni.edu.tr\/wp-content\/uploads\/2023\/11\/PHONE-ABBM-600x194.png 600w, https:\/\/abbm.atauni.edu.tr\/wp-content\/uploads\/2023\/11\/PHONE-ABBM.png 2000w\" sizes=\"(max-width: 1024px) 100vw, 1024px\" \/>\t\t\t\t\t\t\t\t<\/a>\n\t\t\t\t\t\t\t\t\t\t\t\t\t<\/div>\n\t\t\t\t<\/div>\n\t\t\t\t\t<\/div>\n\t\t<\/div>\n\t\t\t\t<div class=\"elementor-column elementor-col-66 elementor-top-column elementor-element elementor-element-31a8f99 sc_inner_width_none sc_content_align_inherit sc_layouts_column_icons_position_left sc_fly_static\" data-id=\"31a8f99\" data-element_type=\"column\">\n\t\t\t<div class=\"elementor-widget-wrap elementor-element-populated\">\n\t\t\t\t\t\t<div class=\"elementor-element elementor-element-e893ff1 sc_fly_static elementor-widget elementor-widget-trx_sc_contact_form_7\" data-id=\"e893ff1\" data-element_type=\"widget\" data-widget_type=\"trx_sc_contact_form_7.default\">\n\t\t\t\t<div class=\"elementor-widget-container\">\n\t\t\t\n<div class=\"wpcf7 no-js\" id=\"wpcf7-f1324-o1\" lang=\"en-US\" dir=\"ltr\">\n<div class=\"screen-reader-response\"><p role=\"status\" aria-live=\"polite\" aria-atomic=\"true\"><\/p> <ul><\/ul><\/div>\n<form action=\"\/en\/wp-json\/wp\/v2\/pages\/19215#wpcf7-f1324-o1\" method=\"post\" class=\"wpcf7-form init\" aria-label=\"Contact form\" novalidate=\"novalidate\" data-status=\"init\" data-trp-original-action=\"\/en\/wp-json\/wp\/v2\/pages\/19215#wpcf7-f1324-o1\">\n<div style=\"display: none;\">\n<input type=\"hidden\" name=\"_wpcf7\" value=\"1324\" \/>\n<input type=\"hidden\" name=\"_wpcf7_version\" value=\"5.9.8\" \/>\n<input type=\"hidden\" name=\"_wpcf7_locale\" value=\"en_US\" \/>\n<input type=\"hidden\" name=\"_wpcf7_unit_tag\" value=\"wpcf7-f1324-o1\" \/>\n<input type=\"hidden\" name=\"_wpcf7_container_post\" value=\"0\" \/>\n<input type=\"hidden\" name=\"_wpcf7_posted_data_hash\" value=\"\" \/>\n<input type=\"hidden\" name=\"_wpcf7_recaptcha_response\" value=\"\" \/>\n<\/div>\n<div class=\"form-style-3\">\n\t<div class=\"columns_wrap\">\n\t\t<div class=\"column-1_2\">\n\t\t\t<p><span class=\"style-line icon-name\"><span class=\"wpcf7-form-control-wrap\" data-name=\"your-name\"><input size=\"40\" maxlength=\"400\" class=\"wpcf7-form-control wpcf7-text wpcf7-validates-as-required\" aria-required=\"true\" aria-invalid=\"false\" placeholder=\"Name surname\" value=\"\" type=\"text\" name=\"your-name\" \/><\/span><\/span>\n\t\t\t<\/p>\n\t\t<\/div>\n\t\t<div class=\"column-1_2\">\n\t\t\t<p><span class=\"style-line icon-email\"><span class=\"wpcf7-form-control-wrap\" data-name=\"your-email\"><input size=\"40\" maxlength=\"400\" class=\"wpcf7-form-control wpcf7-email wpcf7-validates-as-required wpcf7-text wpcf7-validates-as-email\" aria-required=\"true\" aria-invalid=\"false\" placeholder=\"Email Address\" value=\"\" type=\"email\" name=\"your-email\" \/><\/span><\/span>\n\t\t\t<\/p>\n\t\t<\/div>\n\t<\/div>\n\t<div class=\"columns_wrap\">\n\t\t<div class=\"column-1_2\">\n\t\t\t<p><span class=\"style-line icon-phone\"><span class=\"wpcf7-form-control-wrap\" data-name=\"phone\"><input size=\"40\" maxlength=\"400\" class=\"wpcf7-form-control wpcf7-tel wpcf7-validates-as-required wpcf7-text wpcf7-validates-as-tel\" aria-required=\"true\" aria-invalid=\"false\" placeholder=\"Telephone\" value=\"\" type=\"tel\" name=\"phone\" \/><\/span><\/span>\n\t\t\t<\/p>\n\t\t<\/div>\n\t\t<div class=\"column-1_2\">\n\t\t\t<p><span class=\"style-line icon-subject\"><span class=\"wpcf7-form-control-wrap\" data-name=\"subject\"><input size=\"40\" maxlength=\"400\" class=\"wpcf7-form-control wpcf7-text wpcf7-validates-as-required\" aria-required=\"true\" aria-invalid=\"false\" placeholder=\"Subject\" value=\"\" type=\"text\" name=\"subject\" \/><\/span><\/span>\n\t\t\t<\/p>\n\t\t<\/div>\n\t<\/div>\n\t<div class=\"columns_wrap margin-bottom\">\n\t\t<div class=\"column-1_1\">\n\t\t\t<p><span class=\"style-line icon-textarea\"><span class=\"wpcf7-form-control-wrap\" data-name=\"your-message\"><textarea cols=\"40\" rows=\"10\" maxlength=\"2000\" class=\"wpcf7-form-control wpcf7-textarea wpcf7-validates-as-required\" aria-required=\"true\" aria-invalid=\"false\" placeholder=\"Message\" name=\"your-message\"><\/textarea><\/span><\/span>\n\t\t\t<\/p>\n\t\t<\/div>\n\t<\/div>\n\t<p><input class=\"wpcf7-form-control wpcf7-submit has-spinner\" type=\"submit\" value=\"Send\" \/><span class=\"wpcf7-form-control-wrap\" data-name=\"acceptance\"><span class=\"wpcf7-form-control wpcf7-acceptance\"><span class=\"wpcf7-list-item\"><label><input type=\"checkbox\" name=\"acceptance\" value=\"1\" aria-invalid=\"false\" \/><span class=\"wpcf7-list-item-label\"><a href=\"https:\/\/abbm.atauni.edu.tr\/en\/gizlilik-politikasi\/\" target=\"_blank\">privacy policy <\/a> I have read and approve.<\/span><\/label><\/span><\/span><\/span>\n\t<\/p>\n<\/div><input type='hidden' class='wpcf7-pum' value='{\"closepopup\":false,\"closedelay\":0,\"openpopup\":false,\"openpopup_id\":0}' \/><div class=\"wpcf7-response-output\" aria-hidden=\"true\"><\/div>\n<input type=\"hidden\" name=\"trp-form-language\" value=\"en\"\/><\/form>\n<\/div>\n\t\t<\/div>\n\t\t\t\t<\/div>\n\t\t\t\t\t<\/div>\n\t\t<\/div>\n\t\t\t\t\t<\/div>\n\t\t<\/section>\n\t\t\t\t<\/div>","protected":false},"excerpt":{"rendered":"<p>\u00d6\u011frenci gruplar\u0131 ya da turistlerin grup olarak ziyaretleri randevu gerektirir.. Formu doldurarak randevu talebinde bulunabilirsiniz. Gizlilik politikas\u0131n\u0131 okudum ve onayl\u0131yorum.<\/p>","protected":false},"author":1,"featured_media":0,"parent":0,"menu_order":0,"comment_status":"closed","ping_status":"closed","template":"","meta":{"rank_math_lock_modified_date":false,"footnotes":""},"class_list":["post-19215","page","type-page","status-publish","hentry"],"_links":{"self":[{"href":"https:\/\/abbm.atauni.edu.tr\/en\/wp-json\/wp\/v2\/pages\/19215","targetHints":{"allow":["GET"]}}],"collection":[{"href":"https:\/\/abbm.atauni.edu.tr\/en\/wp-json\/wp\/v2\/pages"}],"about":[{"href":"https:\/\/abbm.atauni.edu.tr\/en\/wp-json\/wp\/v2\/types\/page"}],"author":[{"embeddable":true,"href":"https:\/\/abbm.atauni.edu.tr\/en\/wp-json\/wp\/v2\/users\/1"}],"replies":[{"embeddable":true,"href":"https:\/\/abbm.atauni.edu.tr\/en\/wp-json\/wp\/v2\/comments?post=19215"}],"version-history":[{"count":16,"href":"https:\/\/abbm.atauni.edu.tr\/en\/wp-json\/wp\/v2\/pages\/19215\/revisions"}],"predecessor-version":[{"id":20592,"href":"https:\/\/abbm.atauni.edu.tr\/en\/wp-json\/wp\/v2\/pages\/19215\/revisions\/20592"}],"wp:attachment":[{"href":"https:\/\/abbm.atauni.edu.tr\/en\/wp-json\/wp\/v2\/media?parent=19215"}],"curies":[{"name":"wp","href":"https:\/\/api.w.org\/{rel}","templated":true}]}}