{"id":19838,"date":"2023-12-14T14:34:55","date_gmt":"2023-12-14T11:34:55","guid":{"rendered":"https:\/\/abbm.atauni.edu.tr\/?page_id=19838"},"modified":"2023-12-22T12:19:01","modified_gmt":"2023-12-22T09:19:01","slug":"taksonomi","status":"publish","type":"page","link":"https:\/\/abbm.atauni.edu.tr\/en\/taksonomi\/","title":{"rendered":"Taxonomy"},"content":{"rendered":"<div data-elementor-type=\"wp-page\" data-elementor-id=\"19838\" class=\"elementor elementor-19838\">\n\t\t\t\t\t\t<section class=\"elementor-section elementor-top-section elementor-element elementor-element-17350e94 elementor-section-content-middle elementor-section-boxed elementor-section-height-default elementor-section-height-default sc_fly_static\" data-id=\"17350e94\" data-element_type=\"section\">\n\t\t\t\t\t\t<div class=\"elementor-container elementor-column-gap-extended\">\n\t\t\t\t\t<div class=\"elementor-column elementor-col-50 elementor-top-column elementor-element elementor-element-6305c3c9 sc_inner_width_none sc_content_align_inherit sc_layouts_column_icons_position_left sc_fly_static\" data-id=\"6305c3c9\" data-element_type=\"column\">\n\t\t\t<div class=\"elementor-widget-wrap elementor-element-populated\">\n\t\t\t\t\t\t<div class=\"elementor-element elementor-element-794c719e sc_fly_static elementor-widget elementor-widget-image\" data-id=\"794c719e\" data-element_type=\"widget\" data-widget_type=\"image.default\">\n\t\t\t\t<div class=\"elementor-widget-container\">\n\t\t\t\t\t\t\t\t\t\t\t\t\t<img fetchpriority=\"high\" decoding=\"async\" width=\"787\" height=\"1024\" src=\"https:\/\/abbm.atauni.edu.tr\/wp-content\/uploads\/2023\/12\/Taxonomy-1-787x1024.jpg\" class=\"attachment-large size-large wp-image-20249\" alt=\"\" srcset=\"https:\/\/abbm.atauni.edu.tr\/wp-content\/uploads\/2023\/12\/Taxonomy-1-787x1024.jpg 787w, https:\/\/abbm.atauni.edu.tr\/wp-content\/uploads\/2023\/12\/Taxonomy-1-231x300.jpg 231w, https:\/\/abbm.atauni.edu.tr\/wp-content\/uploads\/2023\/12\/Taxonomy-1-768x999.jpg 768w, https:\/\/abbm.atauni.edu.tr\/wp-content\/uploads\/2023\/12\/Taxonomy-1-1181x1536.jpg 1181w, https:\/\/abbm.atauni.edu.tr\/wp-content\/uploads\/2023\/12\/Taxonomy-1-1574x2048.jpg 1574w, https:\/\/abbm.atauni.edu.tr\/wp-content\/uploads\/2023\/12\/Taxonomy-1-9x12.jpg 9w, https:\/\/abbm.atauni.edu.tr\/wp-content\/uploads\/2023\/12\/Taxonomy-1-370x481.jpg 370w, https:\/\/abbm.atauni.edu.tr\/wp-content\/uploads\/2023\/12\/Taxonomy-1-840x1093.jpg 840w, https:\/\/abbm.atauni.edu.tr\/wp-content\/uploads\/2023\/12\/Taxonomy-1-410x533.jpg 410w, https:\/\/abbm.atauni.edu.tr\/wp-content\/uploads\/2023\/12\/Taxonomy-1-600x780.jpg 600w, https:\/\/abbm.atauni.edu.tr\/wp-content\/uploads\/2023\/12\/Taxonomy-1-scaled.jpg 1968w\" sizes=\"(max-width: 787px) 100vw, 787px\" \/>\t\t\t\t\t\t\t\t\t\t\t\t\t<\/div>\n\t\t\t\t<\/div>\n\t\t\t\t\t<\/div>\n\t\t<\/div>\n\t\t\t\t<div class=\"elementor-column elementor-col-50 elementor-top-column elementor-element elementor-element-7f57a2b5 sc_inner_width_none sc_content_align_inherit sc_layouts_column_icons_position_left sc_fly_static\" data-id=\"7f57a2b5\" data-element_type=\"column\">\n\t\t\t<div class=\"elementor-widget-wrap elementor-element-populated\">\n\t\t\t\t\t\t<div class=\"elementor-element elementor-element-401b2772 sc_fly_static elementor-widget elementor-widget-text-editor\" data-id=\"401b2772\" data-element_type=\"widget\" data-widget_type=\"text-editor.default\">\n\t\t\t\t<div class=\"elementor-widget-container\">\n\t\t\t\t\t\t\t<p>Taxonomy is a branch of science that involves identifying, classifying, naming and arranging living organisms into hierarchical groups based on common characteristics. The main purpose of taxonomy is to systematically describe the diversity of life and depict the evolutionary relationships between different species.<\/p><p>Taxonomy is the only reference system that is indispensable in the analysis of biodiversity; it requires scientific infrastructure, financial resources and the presence of scientists who are taxonomists. The number of taxonomists who will analyze biodiversity and species, both in the world and in our country, continues to decrease radically and the output of taxonomic research has slowed down. These trends are in sharp contrast to the increasing need for taxonomic information and services in our society, particularly for biodiversity assessment, ecosystem management, conservation, sustainable development, management of climate change impacts, and pest management.<\/p><p>One of the most important problems regarding biodiversity in the world is the danger of extinction of species before they are discovered and introduced to science. Taxonomy plays a vital role in structuring communication about all life forms on Earth. Correlating accurate organism names with genetic and genomic data underpins nearly every aspect of biomedical, agricultural, and ecological research. Accurate taxonomy is an important link between natural history and experimental science and is essential for investigating events relevant to human well-being, such as the emergence of pathogens, the spread of invasive species, loss of biodiversity, and climate change.<\/p><p>The binomial nomenclature is considered to be the year 1758, when the 10th edition of the famous work \"Systema Nature\" by the Swedish naturalist Professor Carl Linnaeus was published. From this date until today, taxonomists have determined the existence of approximately 2 million species including fossil record that have been identified in the world for more than 250 years, and they emphasize that there may be more than 8 million species yet to be discovered, and that a period of 1000 years is needed for the detection and analysis of these species. Many new species are waiting to be discovered in our country.<\/p>\t\t\t\t\t\t<\/div>\n\t\t\t\t<\/div>\n\t\t\t\t\t<\/div>\n\t\t<\/div>\n\t\t\t\t\t<\/div>\n\t\t<\/section>\n\t\t\t\t<\/div>","protected":false},"excerpt":{"rendered":"<p>Taksonomi, canl\u0131 organizmalar\u0131n ortak \u00f6zelliklere dayal\u0131 olarak hiyerar\u015fik gruplar halinde tan\u0131mlanmas\u0131n\u0131, s\u0131n\u0131fland\u0131r\u0131lmas\u0131n\u0131, adland\u0131r\u0131lmas\u0131n\u0131 ve d\u00fczenlenmesini i\u00e7eren bir bilim dal\u0131d\u0131r. Taksonominin temel amac\u0131, ya\u015fam \u00e7e\u015fitlili\u011fini sistematik olarak tan\u0131mlamak ve farkl\u0131 t\u00fcrler&hellip;<\/p>","protected":false},"author":1,"featured_media":20249,"parent":0,"menu_order":0,"comment_status":"closed","ping_status":"closed","template":"","meta":{"rank_math_lock_modified_date":false,"footnotes":""},"class_list":["post-19838","page","type-page","status-publish","has-post-thumbnail","hentry"],"_links":{"self":[{"href":"https:\/\/abbm.atauni.edu.tr\/en\/wp-json\/wp\/v2\/pages\/19838","targetHints":{"allow":["GET"]}}],"collection":[{"href":"https:\/\/abbm.atauni.edu.tr\/en\/wp-json\/wp\/v2\/pages"}],"about":[{"href":"https:\/\/abbm.atauni.edu.tr\/en\/wp-json\/wp\/v2\/types\/page"}],"author":[{"embeddable":true,"href":"https:\/\/abbm.atauni.edu.tr\/en\/wp-json\/wp\/v2\/users\/1"}],"replies":[{"embeddable":true,"href":"https:\/\/abbm.atauni.edu.tr\/en\/wp-json\/wp\/v2\/comments?post=19838"}],"version-history":[{"count":13,"href":"https:\/\/abbm.atauni.edu.tr\/en\/wp-json\/wp\/v2\/pages\/19838\/revisions"}],"predecessor-version":[{"id":20535,"href":"https:\/\/abbm.atauni.edu.tr\/en\/wp-json\/wp\/v2\/pages\/19838\/revisions\/20535"}],"wp:featuredmedia":[{"embeddable":true,"href":"https:\/\/abbm.atauni.edu.tr\/en\/wp-json\/wp\/v2\/media\/20249"}],"wp:attachment":[{"href":"https:\/\/abbm.atauni.edu.tr\/en\/wp-json\/wp\/v2\/media?parent=19838"}],"curies":[{"name":"wp","href":"https:\/\/api.w.org\/{rel}","templated":true}]}}