{"id":19861,"date":"2023-12-14T15:31:59","date_gmt":"2023-12-14T12:31:59","guid":{"rendered":"https:\/\/abbm.atauni.edu.tr\/?page_id=19861"},"modified":"2023-12-22T14:05:19","modified_gmt":"2023-12-22T11:05:19","slug":"interaktif-egitim","status":"publish","type":"page","link":"https:\/\/abbm.atauni.edu.tr\/en\/interaktif-egitim\/","title":{"rendered":"Interactive Education"},"content":{"rendered":"<div data-elementor-type=\"wp-page\" data-elementor-id=\"19861\" class=\"elementor elementor-19861\">\n\t\t\t\t\t\t<section class=\"elementor-section elementor-top-section elementor-element elementor-element-17350e94 elementor-section-content-middle elementor-section-boxed elementor-section-height-default elementor-section-height-default sc_fly_static\" data-id=\"17350e94\" data-element_type=\"section\">\n\t\t\t\t\t\t<div class=\"elementor-container elementor-column-gap-extended\">\n\t\t\t\t\t<div class=\"elementor-column elementor-col-50 elementor-top-column elementor-element elementor-element-6305c3c9 sc_inner_width_none sc_content_align_inherit sc_layouts_column_icons_position_left sc_fly_static\" data-id=\"6305c3c9\" data-element_type=\"column\">\n\t\t\t<div class=\"elementor-widget-wrap elementor-element-populated\">\n\t\t\t\t\t\t<div class=\"elementor-element elementor-element-794c719e sc_fly_static elementor-widget elementor-widget-image\" data-id=\"794c719e\" data-element_type=\"widget\" data-widget_type=\"image.default\">\n\t\t\t\t<div class=\"elementor-widget-container\">\n\t\t\t\t\t\t\t\t\t\t\t\t\t<img fetchpriority=\"high\" decoding=\"async\" width=\"1024\" height=\"518\" src=\"https:\/\/abbm.atauni.edu.tr\/wp-content\/uploads\/2023\/12\/IMG_6868-1-1024x518.jpg\" class=\"attachment-large size-large wp-image-20139\" alt=\"\" srcset=\"https:\/\/abbm.atauni.edu.tr\/wp-content\/uploads\/2023\/12\/IMG_6868-1-1024x518.jpg 1024w, https:\/\/abbm.atauni.edu.tr\/wp-content\/uploads\/2023\/12\/IMG_6868-1-300x152.jpg 300w, https:\/\/abbm.atauni.edu.tr\/wp-content\/uploads\/2023\/12\/IMG_6868-1-768x389.jpg 768w, https:\/\/abbm.atauni.edu.tr\/wp-content\/uploads\/2023\/12\/IMG_6868-1-370x187.jpg 370w, https:\/\/abbm.atauni.edu.tr\/wp-content\/uploads\/2023\/12\/IMG_6868-1-840x425.jpg 840w, https:\/\/abbm.atauni.edu.tr\/wp-content\/uploads\/2023\/12\/IMG_6868-1-410x207.jpg 410w, https:\/\/abbm.atauni.edu.tr\/wp-content\/uploads\/2023\/12\/IMG_6868-1-600x304.jpg 600w, https:\/\/abbm.atauni.edu.tr\/wp-content\/uploads\/2023\/12\/IMG_6868-1.jpg 1500w\" sizes=\"(max-width: 1024px) 100vw, 1024px\" \/>\t\t\t\t\t\t\t\t\t\t\t\t\t<\/div>\n\t\t\t\t<\/div>\n\t\t\t\t\t<\/div>\n\t\t<\/div>\n\t\t\t\t<div class=\"elementor-column elementor-col-50 elementor-top-column elementor-element elementor-element-7f57a2b5 sc_inner_width_none sc_content_align_inherit sc_layouts_column_icons_position_left sc_fly_static\" data-id=\"7f57a2b5\" data-element_type=\"column\">\n\t\t\t<div class=\"elementor-widget-wrap elementor-element-populated\">\n\t\t\t\t\t\t<div class=\"elementor-element elementor-element-401b2772 sc_fly_static elementor-widget elementor-widget-text-editor\" data-id=\"401b2772\" data-element_type=\"widget\" data-widget_type=\"text-editor.default\">\n\t\t\t\t<div class=\"elementor-widget-container\">\n\t\t\t\t\t\t\t<p>Interactive education on biodiversity involves engaging and participatory approaches to teaching individuals about the diversity of life on Earth, the interconnectedness of ecosystems, and the importance of preserving biodiversity.<\/p><p>In order to create interactive educational experiences on biodiversity, documentaries with educational content are currently being presented to student groups at the Biodiversity Conference Hall within ABBM. All exhibitions and educational environments prepared in the museum are equipped with collection samples and information panels. The procurement process of digital platforms, screens and kiosks, which is an advanced stage of the project, continues. When the project is completed, our interactive educational environment and programs will become more useful for students.<\/p>\t\t\t\t\t\t<\/div>\n\t\t\t\t<\/div>\n\t\t\t\t\t<\/div>\n\t\t<\/div>\n\t\t\t\t\t<\/div>\n\t\t<\/section>\n\t\t\t\t<section class=\"elementor-section elementor-top-section elementor-element elementor-element-13c02af1 sc_layouts_hide_on_tablet sc_layouts_hide_on_mobile elementor-section-boxed elementor-section-height-default elementor-section-height-default sc_fly_static\" data-id=\"13c02af1\" data-element_type=\"section\">\n\t\t\t\t\t\t<div class=\"elementor-container elementor-column-gap-extended\">\n\t\t\t\t\t<div class=\"elementor-column elementor-col-100 elementor-top-column elementor-element elementor-element-795ebdd5 sc_inner_width_none sc_content_align_inherit sc_layouts_column_icons_position_left sc_fly_static\" data-id=\"795ebdd5\" data-element_type=\"column\">\n\t\t\t<div class=\"elementor-widget-wrap elementor-element-populated\">\n\t\t\t\t\t\t<div class=\"elementor-element elementor-element-1c80bdf6 elementor-widget-divider--view-line sc_fly_static elementor-widget elementor-widget-divider\" data-id=\"1c80bdf6\" data-element_type=\"widget\" data-widget_type=\"divider.default\">\n\t\t\t\t<div class=\"elementor-widget-container\">\n\t\t\t\t\t<div class=\"elementor-divider\">\n\t\t\t<span class=\"elementor-divider-separator\">\n\t\t\t\t\t\t<\/span>\n\t\t<\/div>\n\t\t\t\t<\/div>\n\t\t\t\t<\/div>\n\t\t\t\t\t<\/div>\n\t\t<\/div>\n\t\t\t\t\t<\/div>\n\t\t<\/section>\n\t\t\t\t<section class=\"elementor-section elementor-top-section elementor-element elementor-element-28144569 elementor-section-content-middle elementor-section-boxed elementor-section-height-default elementor-section-height-default sc_fly_static\" data-id=\"28144569\" data-element_type=\"section\">\n\t\t\t\t\t\t<div class=\"elementor-container elementor-column-gap-extended\">\n\t\t\t\t\t<div class=\"elementor-column elementor-col-50 elementor-top-column elementor-element elementor-element-2c4b93fe sc_inner_width_none sc_content_align_inherit sc_layouts_column_icons_position_left sc_fly_static\" data-id=\"2c4b93fe\" data-element_type=\"column\">\n\t\t\t<div class=\"elementor-widget-wrap elementor-element-populated\">\n\t\t\t\t\t\t<div class=\"elementor-element elementor-element-4d5e24a sc_layouts_hide_on_wide sc_layouts_hide_on_desktop sc_layouts_hide_on_notebook sc_fly_static elementor-widget elementor-widget-image\" data-id=\"4d5e24a\" data-element_type=\"widget\" data-widget_type=\"image.default\">\n\t\t\t\t<div class=\"elementor-widget-container\">\n\t\t\t\t\t\t\t\t\t\t\t\t\t<img decoding=\"async\" width=\"768\" height=\"1024\" src=\"https:\/\/abbm.atauni.edu.tr\/wp-content\/uploads\/2023\/12\/IMG_4362-1-768x1024.jpg\" class=\"attachment-large size-large wp-image-20138\" alt=\"\" srcset=\"https:\/\/abbm.atauni.edu.tr\/wp-content\/uploads\/2023\/12\/IMG_4362-1-768x1024.jpg 768w, https:\/\/abbm.atauni.edu.tr\/wp-content\/uploads\/2023\/12\/IMG_4362-1-225x300.jpg 225w, https:\/\/abbm.atauni.edu.tr\/wp-content\/uploads\/2023\/12\/IMG_4362-1-370x493.jpg 370w, https:\/\/abbm.atauni.edu.tr\/wp-content\/uploads\/2023\/12\/IMG_4362-1-840x1120.jpg 840w, https:\/\/abbm.atauni.edu.tr\/wp-content\/uploads\/2023\/12\/IMG_4362-1-410x547.jpg 410w, https:\/\/abbm.atauni.edu.tr\/wp-content\/uploads\/2023\/12\/IMG_4362-1-600x800.jpg 600w, https:\/\/abbm.atauni.edu.tr\/wp-content\/uploads\/2023\/12\/IMG_4362-1.jpg 1125w\" sizes=\"(max-width: 768px) 100vw, 768px\" \/>\t\t\t\t\t\t\t\t\t\t\t\t\t<\/div>\n\t\t\t\t<\/div>\n\t\t\t\t<div class=\"elementor-element elementor-element-37da018a sc_fly_static elementor-widget elementor-widget-text-editor\" data-id=\"37da018a\" data-element_type=\"widget\" data-widget_type=\"text-editor.default\">\n\t\t\t\t<div class=\"elementor-widget-container\">\n\t\t\t\t\t\t\t<h6>Ideal for environments, programs and platforms in the planning stages, our goals are:<\/h6><ul><li>Visiting students explore interactive maps and virtual presentations of biodiversity hotspots<\/li><li>Online or desktop digital platforms that simulate ecological processes, population dynamics, and the impact of human activities on biodiversity;<\/li><li>Involvement in programs where students can contribute to real scientific research by collecting data on local biodiversity;<\/li><li>Students should be involved in observing plants and animals in nature, recording and sharing them;<\/li><li>In interactive workshops and laboratories, students can examine samples, prepare collections of biodiversity in local habitats, and apply hands-on workshops or laboratory studies where they can examine them;<\/li><li>Involvement in learning stations with interactive displays, models, and multimedia resources;<\/li><li>Students should prepare presentations that emphasize the interconnectedness of species and ecosystems;<\/li><li>Online tests or quizzes that test students&#039; knowledge of biodiversity, conservation efforts, and endangered species;<\/li><li>Organizing student seminars, panels and congresses with scientists, conservationists or ecologists to hold interactive webinars or question-answer sessions with students;<\/li><li>Encouraging students to actively participate in local environmental initiatives such as nature\/environment clean-up and habitat restoration projects;<\/li><\/ul><p>By incorporating these interactive elements, educators can make biodiversity education more engaging, memorable, and effective for students of all ages.<\/p>\t\t\t\t\t\t<\/div>\n\t\t\t\t<\/div>\n\t\t\t\t\t<\/div>\n\t\t<\/div>\n\t\t\t\t<div class=\"elementor-column elementor-col-50 elementor-top-column elementor-element elementor-element-13a620f6 sc_inner_width_none sc_content_align_inherit sc_layouts_column_icons_position_left sc_fly_static\" data-id=\"13a620f6\" data-element_type=\"column\">\n\t\t\t<div class=\"elementor-widget-wrap elementor-element-populated\">\n\t\t\t\t\t\t<div class=\"elementor-element elementor-element-46214584 sc_layouts_hide_on_tablet sc_layouts_hide_on_mobile sc_fly_static elementor-widget elementor-widget-image\" data-id=\"46214584\" data-element_type=\"widget\" data-widget_type=\"image.default\">\n\t\t\t\t<div class=\"elementor-widget-container\">\n\t\t\t\t\t\t\t\t\t\t\t\t\t<img decoding=\"async\" width=\"768\" height=\"1024\" src=\"https:\/\/abbm.atauni.edu.tr\/wp-content\/uploads\/2023\/12\/IMG_4362-1-768x1024.jpg\" class=\"attachment-large size-large wp-image-20138\" alt=\"\" srcset=\"https:\/\/abbm.atauni.edu.tr\/wp-content\/uploads\/2023\/12\/IMG_4362-1-768x1024.jpg 768w, https:\/\/abbm.atauni.edu.tr\/wp-content\/uploads\/2023\/12\/IMG_4362-1-225x300.jpg 225w, https:\/\/abbm.atauni.edu.tr\/wp-content\/uploads\/2023\/12\/IMG_4362-1-370x493.jpg 370w, https:\/\/abbm.atauni.edu.tr\/wp-content\/uploads\/2023\/12\/IMG_4362-1-840x1120.jpg 840w, https:\/\/abbm.atauni.edu.tr\/wp-content\/uploads\/2023\/12\/IMG_4362-1-410x547.jpg 410w, https:\/\/abbm.atauni.edu.tr\/wp-content\/uploads\/2023\/12\/IMG_4362-1-600x800.jpg 600w, https:\/\/abbm.atauni.edu.tr\/wp-content\/uploads\/2023\/12\/IMG_4362-1.jpg 1125w\" sizes=\"(max-width: 768px) 100vw, 768px\" \/>\t\t\t\t\t\t\t\t\t\t\t\t\t<\/div>\n\t\t\t\t<\/div>\n\t\t\t\t\t<\/div>\n\t\t<\/div>\n\t\t\t\t\t<\/div>\n\t\t<\/section>\n\t\t\t\t<section class=\"elementor-section elementor-top-section elementor-element elementor-element-ef48339 elementor-section-boxed elementor-section-height-default elementor-section-height-default sc_fly_static\" data-id=\"ef48339\" data-element_type=\"section\">\n\t\t\t\t\t\t<div class=\"elementor-container elementor-column-gap-extended\">\n\t\t\t\t\t<div class=\"elementor-column elementor-col-50 elementor-top-column elementor-element elementor-element-4f178e5 sc_inner_width_none sc_content_align_inherit sc_layouts_column_icons_position_left sc_fly_static\" data-id=\"4f178e5\" data-element_type=\"column\">\n\t\t\t<div class=\"elementor-widget-wrap elementor-element-populated\">\n\t\t\t\t\t\t<div class=\"elementor-element elementor-element-015779e sc_fly_static elementor-widget elementor-widget-image\" data-id=\"015779e\" data-element_type=\"widget\" data-widget_type=\"image.default\">\n\t\t\t\t<div class=\"elementor-widget-container\">\n\t\t\t\t\t\t\t\t\t\t\t\t\t<img decoding=\"async\" width=\"1024\" height=\"768\" src=\"https:\/\/abbm.atauni.edu.tr\/wp-content\/uploads\/2023\/12\/IMG_4395-1-1024x768.jpg\" class=\"attachment-large size-large wp-image-20137\" alt=\"\" srcset=\"https:\/\/abbm.atauni.edu.tr\/wp-content\/uploads\/2023\/12\/IMG_4395-1-1024x768.jpg 1024w, https:\/\/abbm.atauni.edu.tr\/wp-content\/uploads\/2023\/12\/IMG_4395-1-300x225.jpg 300w, https:\/\/abbm.atauni.edu.tr\/wp-content\/uploads\/2023\/12\/IMG_4395-1-768x576.jpg 768w, https:\/\/abbm.atauni.edu.tr\/wp-content\/uploads\/2023\/12\/IMG_4395-1-370x278.jpg 370w, https:\/\/abbm.atauni.edu.tr\/wp-content\/uploads\/2023\/12\/IMG_4395-1-840x630.jpg 840w, https:\/\/abbm.atauni.edu.tr\/wp-content\/uploads\/2023\/12\/IMG_4395-1-410x308.jpg 410w, https:\/\/abbm.atauni.edu.tr\/wp-content\/uploads\/2023\/12\/IMG_4395-1-600x450.jpg 600w, https:\/\/abbm.atauni.edu.tr\/wp-content\/uploads\/2023\/12\/IMG_4395-1.jpg 1500w\" sizes=\"(max-width: 1024px) 100vw, 1024px\" \/>\t\t\t\t\t\t\t\t\t\t\t\t\t<\/div>\n\t\t\t\t<\/div>\n\t\t\t\t\t<\/div>\n\t\t<\/div>\n\t\t\t\t<div class=\"elementor-column elementor-col-50 elementor-top-column elementor-element elementor-element-40455c7 sc_inner_width_none sc_content_align_inherit sc_layouts_column_icons_position_left sc_fly_static\" data-id=\"40455c7\" data-element_type=\"column\">\n\t\t\t<div class=\"elementor-widget-wrap elementor-element-populated\">\n\t\t\t\t\t\t<div class=\"elementor-element elementor-element-ccc80cd sc_fly_static elementor-widget elementor-widget-image\" data-id=\"ccc80cd\" data-element_type=\"widget\" data-widget_type=\"image.default\">\n\t\t\t\t<div class=\"elementor-widget-container\">\n\t\t\t\t\t\t\t\t\t\t\t\t\t<img loading=\"lazy\" decoding=\"async\" width=\"1024\" height=\"768\" src=\"https:\/\/abbm.atauni.edu.tr\/wp-content\/uploads\/2023\/12\/IMG_3188-2-1024x768.jpg\" class=\"attachment-large size-large wp-image-20136\" alt=\"\" srcset=\"https:\/\/abbm.atauni.edu.tr\/wp-content\/uploads\/2023\/12\/IMG_3188-2-1024x768.jpg 1024w, https:\/\/abbm.atauni.edu.tr\/wp-content\/uploads\/2023\/12\/IMG_3188-2-300x225.jpg 300w, https:\/\/abbm.atauni.edu.tr\/wp-content\/uploads\/2023\/12\/IMG_3188-2-768x576.jpg 768w, https:\/\/abbm.atauni.edu.tr\/wp-content\/uploads\/2023\/12\/IMG_3188-2-370x278.jpg 370w, https:\/\/abbm.atauni.edu.tr\/wp-content\/uploads\/2023\/12\/IMG_3188-2-840x630.jpg 840w, https:\/\/abbm.atauni.edu.tr\/wp-content\/uploads\/2023\/12\/IMG_3188-2-410x308.jpg 410w, https:\/\/abbm.atauni.edu.tr\/wp-content\/uploads\/2023\/12\/IMG_3188-2-600x450.jpg 600w, https:\/\/abbm.atauni.edu.tr\/wp-content\/uploads\/2023\/12\/IMG_3188-2.jpg 1500w\" sizes=\"(max-width: 1024px) 100vw, 1024px\" \/>\t\t\t\t\t\t\t\t\t\t\t\t\t<\/div>\n\t\t\t\t<\/div>\n\t\t\t\t\t<\/div>\n\t\t<\/div>\n\t\t\t\t\t<\/div>\n\t\t<\/section>\n\t\t\t\t<\/div>","protected":false},"excerpt":{"rendered":"<p>Biyo\u00e7e\u015fitlilik \u00fczerine etkile\u015fimli e\u011fitim, bireylere D\u00fcnya \u00fczerindeki ya\u015fam\u0131n \u00e7e\u015fitlili\u011fini, ekosistemlerin birbirine ba\u011fl\u0131l\u0131\u011f\u0131n\u0131 ve biyo\u00e7e\u015fitlili\u011fi koruman\u0131n \u00f6nemini \u00f6\u011fretmeye y\u00f6nelik ilgi \u00e7ekici ve kat\u0131l\u0131mc\u0131 yakla\u015f\u0131mlar\u0131 i\u00e7erir. Biyo\u00e7e\u015fitlilik konusunda etkile\u015fimli e\u011fitim deneyimleri olu\u015fturmaya&hellip;<\/p>","protected":false},"author":1,"featured_media":20137,"parent":0,"menu_order":0,"comment_status":"closed","ping_status":"closed","template":"","meta":{"rank_math_lock_modified_date":false,"footnotes":""},"class_list":["post-19861","page","type-page","status-publish","has-post-thumbnail","hentry"],"_links":{"self":[{"href":"https:\/\/abbm.atauni.edu.tr\/en\/wp-json\/wp\/v2\/pages\/19861","targetHints":{"allow":["GET"]}}],"collection":[{"href":"https:\/\/abbm.atauni.edu.tr\/en\/wp-json\/wp\/v2\/pages"}],"about":[{"href":"https:\/\/abbm.atauni.edu.tr\/en\/wp-json\/wp\/v2\/types\/page"}],"author":[{"embeddable":true,"href":"https:\/\/abbm.atauni.edu.tr\/en\/wp-json\/wp\/v2\/users\/1"}],"replies":[{"embeddable":true,"href":"https:\/\/abbm.atauni.edu.tr\/en\/wp-json\/wp\/v2\/comments?post=19861"}],"version-history":[{"count":16,"href":"https:\/\/abbm.atauni.edu.tr\/en\/wp-json\/wp\/v2\/pages\/19861\/revisions"}],"predecessor-version":[{"id":20618,"href":"https:\/\/abbm.atauni.edu.tr\/en\/wp-json\/wp\/v2\/pages\/19861\/revisions\/20618"}],"wp:featuredmedia":[{"embeddable":true,"href":"https:\/\/abbm.atauni.edu.tr\/en\/wp-json\/wp\/v2\/media\/20137"}],"wp:attachment":[{"href":"https:\/\/abbm.atauni.edu.tr\/en\/wp-json\/wp\/v2\/media?parent=19861"}],"curies":[{"name":"wp","href":"https:\/\/api.w.org\/{rel}","templated":true}]}}