{"id":19866,"date":"2023-12-14T15:34:28","date_gmt":"2023-12-14T12:34:28","guid":{"rendered":"https:\/\/abbm.atauni.edu.tr\/?page_id=19866"},"modified":"2023-12-22T12:21:31","modified_gmt":"2023-12-22T09:21:31","slug":"arboretum","status":"publish","type":"page","link":"https:\/\/abbm.atauni.edu.tr\/en\/arboretum\/","title":{"rendered":"Arboretum"},"content":{"rendered":"<div data-elementor-type=\"wp-page\" data-elementor-id=\"19866\" class=\"elementor elementor-19866\">\n\t\t\t\t\t\t<section class=\"elementor-section elementor-top-section elementor-element elementor-element-17350e94 elementor-section-content-middle elementor-section-boxed elementor-section-height-default elementor-section-height-default sc_fly_static\" data-id=\"17350e94\" data-element_type=\"section\">\n\t\t\t\t\t\t<div class=\"elementor-container elementor-column-gap-extended\">\n\t\t\t\t\t<div class=\"elementor-column elementor-col-50 elementor-top-column elementor-element elementor-element-6305c3c9 sc_inner_width_none sc_content_align_inherit sc_layouts_column_icons_position_left sc_fly_static\" data-id=\"6305c3c9\" data-element_type=\"column\">\n\t\t\t<div class=\"elementor-widget-wrap elementor-element-populated\">\n\t\t\t\t\t\t<div class=\"elementor-element elementor-element-794c719e sc_fly_static elementor-widget elementor-widget-image\" data-id=\"794c719e\" data-element_type=\"widget\" data-widget_type=\"image.default\">\n\t\t\t\t<div class=\"elementor-widget-container\">\n\t\t\t\t\t\t\t\t\t\t\t\t\t<img fetchpriority=\"high\" decoding=\"async\" width=\"1024\" height=\"918\" src=\"https:\/\/abbm.atauni.edu.tr\/wp-content\/uploads\/2023\/12\/ab5-1024x918.jpg\" class=\"attachment-large size-large wp-image-20292\" alt=\"\" srcset=\"https:\/\/abbm.atauni.edu.tr\/wp-content\/uploads\/2023\/12\/ab5-1024x918.jpg 1024w, https:\/\/abbm.atauni.edu.tr\/wp-content\/uploads\/2023\/12\/ab5-300x269.jpg 300w, https:\/\/abbm.atauni.edu.tr\/wp-content\/uploads\/2023\/12\/ab5-768x689.jpg 768w, https:\/\/abbm.atauni.edu.tr\/wp-content\/uploads\/2023\/12\/ab5-1536x1378.jpg 1536w, https:\/\/abbm.atauni.edu.tr\/wp-content\/uploads\/2023\/12\/ab5-2048x1837.jpg 2048w, https:\/\/abbm.atauni.edu.tr\/wp-content\/uploads\/2023\/12\/ab5-13x12.jpg 13w, https:\/\/abbm.atauni.edu.tr\/wp-content\/uploads\/2023\/12\/ab5-370x332.jpg 370w, https:\/\/abbm.atauni.edu.tr\/wp-content\/uploads\/2023\/12\/ab5-840x753.jpg 840w, https:\/\/abbm.atauni.edu.tr\/wp-content\/uploads\/2023\/12\/ab5-410x368.jpg 410w, https:\/\/abbm.atauni.edu.tr\/wp-content\/uploads\/2023\/12\/ab5-600x538.jpg 600w\" sizes=\"(max-width: 1024px) 100vw, 1024px\" \/>\t\t\t\t\t\t\t\t\t\t\t\t\t<\/div>\n\t\t\t\t<\/div>\n\t\t\t\t\t<\/div>\n\t\t<\/div>\n\t\t\t\t<div class=\"elementor-column elementor-col-50 elementor-top-column elementor-element elementor-element-7f57a2b5 sc_inner_width_none sc_content_align_inherit sc_layouts_column_icons_position_left sc_fly_static\" data-id=\"7f57a2b5\" data-element_type=\"column\">\n\t\t\t<div class=\"elementor-widget-wrap elementor-element-populated\">\n\t\t\t\t\t\t<div class=\"elementor-element elementor-element-401b2772 sc_fly_static elementor-widget elementor-widget-text-editor\" data-id=\"401b2772\" data-element_type=\"widget\" data-widget_type=\"text-editor.default\">\n\t\t\t\t<div class=\"elementor-widget-container\">\n\t\t\t\t\t\t\t<p>An Arboretum is a place where trees, shrubs, and other woody plants are grown and studied. Arboretas serve a variety of purposes, including education, research, conservation, and public enjoyment. They often feature diverse collections of trees from different regions and climates, offering visitors the opportunity to learn about a variety of species. Arboretums may also have walking paths, signage providing information about plants, and facilities for educational programs. Some arboreta focus on specific tree species, such as conifers or native species, while others aim to represent a broad botanical diversity.<\/p><p>Atat\u00fcrk University Arboretum consists of 100 different plant species and 1000 live plant samples, arranged in an area of approximately 7000 m2 around the Biodiversity Science Museum building.<sup>2 <\/sup>It consists of 100 different plant species and 1000 live plant samples arranged in the field.<\/p>\t\t\t\t\t\t<\/div>\n\t\t\t\t<\/div>\n\t\t\t\t\t<\/div>\n\t\t<\/div>\n\t\t\t\t\t<\/div>\n\t\t<\/section>\n\t\t\t\t<section class=\"elementor-section elementor-top-section elementor-element elementor-element-9e6cdea elementor-section-boxed elementor-section-height-default elementor-section-height-default sc_fly_static\" data-id=\"9e6cdea\" data-element_type=\"section\">\n\t\t\t\t\t\t<div class=\"elementor-container elementor-column-gap-extended\">\n\t\t\t\t\t<div class=\"elementor-column elementor-col-100 elementor-top-column elementor-element elementor-element-05ab2d4 sc_inner_width_none sc_content_align_inherit sc_layouts_column_icons_position_left sc_fly_static\" data-id=\"05ab2d4\" data-element_type=\"column\">\n\t\t\t<div class=\"elementor-widget-wrap elementor-element-populated\">\n\t\t\t\t\t\t<div class=\"elementor-element elementor-element-ca4f02a elementor-pagination-position-outside sc_fly_static elementor-widget elementor-widget-image-carousel\" data-id=\"ca4f02a\" data-element_type=\"widget\" data-settings=\"{&quot;slides_to_show&quot;:&quot;4&quot;,&quot;image_spacing_custom&quot;:{&quot;unit&quot;:&quot;px&quot;,&quot;size&quot;:8,&quot;sizes&quot;:[]},&quot;navigation&quot;:&quot;dots&quot;,&quot;autoplay_speed&quot;:2000,&quot;autoplay&quot;:&quot;yes&quot;,&quot;pause_on_hover&quot;:&quot;yes&quot;,&quot;pause_on_interaction&quot;:&quot;yes&quot;,&quot;infinite&quot;:&quot;yes&quot;,&quot;speed&quot;:500,&quot;image_spacing_custom_tablet&quot;:{&quot;unit&quot;:&quot;px&quot;,&quot;size&quot;:&quot;&quot;,&quot;sizes&quot;:[]},&quot;image_spacing_custom_mobile&quot;:{&quot;unit&quot;:&quot;px&quot;,&quot;size&quot;:&quot;&quot;,&quot;sizes&quot;:[]}}\" data-widget_type=\"image-carousel.default\">\n\t\t\t\t<div class=\"elementor-widget-container\">\n\t\t\t\t\t<div class=\"elementor-image-carousel-wrapper swiper\" dir=\"ltr\">\n\t\t\t<div class=\"elementor-image-carousel swiper-wrapper swiper-image-stretch\" aria-live=\"off\">\n\t\t\t\t\t\t\t\t<div class=\"swiper-slide\" role=\"group\" aria-roledescription=\"slide\" aria-label=\"1 of 5\"><a data-elementor-open-lightbox=\"yes\" data-elementor-lightbox-slideshow=\"ca4f02a\" data-elementor-lightbox-title=\"ab1\" data-e-action-hash=\"#elementor-action%3Aaction%3Dlightbox%26settings%3DeyJpZCI6MjAzMDQsInVybCI6Imh0dHBzOlwvXC9hYmJtLmF0YXVuaS5lZHUudHJcL3dwLWNvbnRlbnRcL3VwbG9hZHNcLzIwMjNcLzEyXC9hYjEtMS5qcGciLCJzbGlkZXNob3ciOiJjYTRmMDJhIn0%3D\" href=\"https:\/\/abbm.atauni.edu.tr\/wp-content\/uploads\/2023\/12\/ab1-1.jpg\"><figure class=\"swiper-slide-inner\"><img decoding=\"async\" class=\"swiper-slide-image\" src=\"https:\/\/abbm.atauni.edu.tr\/wp-content\/uploads\/2023\/12\/ab1-1.jpg\" alt=\"ab1\" \/><\/figure><\/a><\/div><div class=\"swiper-slide\" role=\"group\" aria-roledescription=\"slide\" aria-label=\"2 of 5\"><a data-elementor-open-lightbox=\"yes\" data-elementor-lightbox-slideshow=\"ca4f02a\" data-elementor-lightbox-title=\"ab2\" data-e-action-hash=\"#elementor-action%3Aaction%3Dlightbox%26settings%3DeyJpZCI6MjAzMDUsInVybCI6Imh0dHBzOlwvXC9hYmJtLmF0YXVuaS5lZHUudHJcL3dwLWNvbnRlbnRcL3VwbG9hZHNcLzIwMjNcLzEyXC9hYjItMi5qcGciLCJzbGlkZXNob3ciOiJjYTRmMDJhIn0%3D\" href=\"https:\/\/abbm.atauni.edu.tr\/wp-content\/uploads\/2023\/12\/ab2-2.jpg\"><figure class=\"swiper-slide-inner\"><img decoding=\"async\" class=\"swiper-slide-image\" src=\"https:\/\/abbm.atauni.edu.tr\/wp-content\/uploads\/2023\/12\/ab2-2.jpg\" alt=\"ab2\" \/><\/figure><\/a><\/div><div class=\"swiper-slide\" role=\"group\" aria-roledescription=\"slide\" aria-label=\"3 of 5\"><a data-elementor-open-lightbox=\"yes\" data-elementor-lightbox-slideshow=\"ca4f02a\" data-elementor-lightbox-title=\"ab3\" data-e-action-hash=\"#elementor-action%3Aaction%3Dlightbox%26settings%3DeyJpZCI6MjAzMDYsInVybCI6Imh0dHBzOlwvXC9hYmJtLmF0YXVuaS5lZHUudHJcL3dwLWNvbnRlbnRcL3VwbG9hZHNcLzIwMjNcLzEyXC9hYjMtMi5qcGciLCJzbGlkZXNob3ciOiJjYTRmMDJhIn0%3D\" href=\"https:\/\/abbm.atauni.edu.tr\/wp-content\/uploads\/2023\/12\/ab3-2.jpg\"><figure class=\"swiper-slide-inner\"><img decoding=\"async\" class=\"swiper-slide-image\" src=\"https:\/\/abbm.atauni.edu.tr\/wp-content\/uploads\/2023\/12\/ab3-2.jpg\" alt=\"ab3\" \/><\/figure><\/a><\/div><div class=\"swiper-slide\" role=\"group\" aria-roledescription=\"slide\" aria-label=\"4 of 5\"><a data-elementor-open-lightbox=\"yes\" data-elementor-lightbox-slideshow=\"ca4f02a\" data-elementor-lightbox-title=\"ab4\" data-e-action-hash=\"#elementor-action%3Aaction%3Dlightbox%26settings%3DeyJpZCI6MjAzMDcsInVybCI6Imh0dHBzOlwvXC9hYmJtLmF0YXVuaS5lZHUudHJcL3dwLWNvbnRlbnRcL3VwbG9hZHNcLzIwMjNcLzEyXC9hYjQtMS5qcGciLCJzbGlkZXNob3ciOiJjYTRmMDJhIn0%3D\" href=\"https:\/\/abbm.atauni.edu.tr\/wp-content\/uploads\/2023\/12\/ab4-1.jpg\"><figure class=\"swiper-slide-inner\"><img decoding=\"async\" class=\"swiper-slide-image\" src=\"https:\/\/abbm.atauni.edu.tr\/wp-content\/uploads\/2023\/12\/ab4-1.jpg\" alt=\"ab4\" \/><\/figure><\/a><\/div><div class=\"swiper-slide\" role=\"group\" aria-roledescription=\"slide\" aria-label=\"5 of 5\"><a data-elementor-open-lightbox=\"yes\" data-elementor-lightbox-slideshow=\"ca4f02a\" data-elementor-lightbox-title=\"ab5\" data-e-action-hash=\"#elementor-action%3Aaction%3Dlightbox%26settings%3DeyJpZCI6MjAzMDgsInVybCI6Imh0dHBzOlwvXC9hYmJtLmF0YXVuaS5lZHUudHJcL3dwLWNvbnRlbnRcL3VwbG9hZHNcLzIwMjNcLzEyXC9hYjUtMi5qcGciLCJzbGlkZXNob3ciOiJjYTRmMDJhIn0%3D\" href=\"https:\/\/abbm.atauni.edu.tr\/wp-content\/uploads\/2023\/12\/ab5-2.jpg\"><figure class=\"swiper-slide-inner\"><img decoding=\"async\" class=\"swiper-slide-image\" src=\"https:\/\/abbm.atauni.edu.tr\/wp-content\/uploads\/2023\/12\/ab5-2.jpg\" alt=\"ab5\" \/><\/figure><\/a><\/div>\t\t\t<\/div>\n\t\t\t\t\t\t\t\n\t\t\t\t\t\t\t\t\t<div class=\"swiper-pagination\"><\/div>\n\t\t\t\t\t\t\t\t\t<\/div>\n\t\t\t\t<\/div>\n\t\t\t\t<\/div>\n\t\t\t\t\t<\/div>\n\t\t<\/div>\n\t\t\t\t\t<\/div>\n\t\t<\/section>\n\t\t\t\t<\/div>","protected":false},"excerpt":{"rendered":"<p>Arboretum a\u011fa\u00e7lar\u0131n, \u00e7al\u0131lar\u0131n ve di\u011fer odunsu bitkilerin yeti\u015ftirildi\u011fi ve incelendi\u011fi bir yerdir. Arboreta, e\u011fitim, ara\u015ft\u0131rma, koruma ve halk\u0131n e\u011flenmesi gibi \u00e7e\u015fitli ama\u00e7lara hizmet eder. Genellikle farkl\u0131 b\u00f6lgelerden ve iklimlerden \u00e7e\u015fitli&hellip;<\/p>","protected":false},"author":1,"featured_media":20308,"parent":0,"menu_order":0,"comment_status":"closed","ping_status":"closed","template":"","meta":{"rank_math_lock_modified_date":false,"footnotes":""},"class_list":["post-19866","page","type-page","status-publish","has-post-thumbnail","hentry"],"_links":{"self":[{"href":"https:\/\/abbm.atauni.edu.tr\/en\/wp-json\/wp\/v2\/pages\/19866","targetHints":{"allow":["GET"]}}],"collection":[{"href":"https:\/\/abbm.atauni.edu.tr\/en\/wp-json\/wp\/v2\/pages"}],"about":[{"href":"https:\/\/abbm.atauni.edu.tr\/en\/wp-json\/wp\/v2\/types\/page"}],"author":[{"embeddable":true,"href":"https:\/\/abbm.atauni.edu.tr\/en\/wp-json\/wp\/v2\/users\/1"}],"replies":[{"embeddable":true,"href":"https:\/\/abbm.atauni.edu.tr\/en\/wp-json\/wp\/v2\/comments?post=19866"}],"version-history":[{"count":13,"href":"https:\/\/abbm.atauni.edu.tr\/en\/wp-json\/wp\/v2\/pages\/19866\/revisions"}],"predecessor-version":[{"id":20547,"href":"https:\/\/abbm.atauni.edu.tr\/en\/wp-json\/wp\/v2\/pages\/19866\/revisions\/20547"}],"wp:featuredmedia":[{"embeddable":true,"href":"https:\/\/abbm.atauni.edu.tr\/en\/wp-json\/wp\/v2\/media\/20308"}],"wp:attachment":[{"href":"https:\/\/abbm.atauni.edu.tr\/en\/wp-json\/wp\/v2\/media?parent=19866"}],"curies":[{"name":"wp","href":"https:\/\/api.w.org\/{rel}","templated":true}]}}