{"id":19878,"date":"2023-12-14T15:44:37","date_gmt":"2023-12-14T12:44:37","guid":{"rendered":"https:\/\/abbm.atauni.edu.tr\/?page_id=19878"},"modified":"2023-12-14T15:45:53","modified_gmt":"2023-12-14T12:45:53","slug":"abbm-yayinlar","status":"publish","type":"page","link":"https:\/\/abbm.atauni.edu.tr\/en\/abbm-yayinlar\/","title":{"rendered":"ABBM Publications"},"content":{"rendered":"<div data-elementor-type=\"wp-page\" data-elementor-id=\"19878\" class=\"elementor elementor-19878\">\n\t\t\t\t\t\t<section class=\"elementor-section elementor-top-section elementor-element elementor-element-710de4c elementor-section-boxed elementor-section-height-default elementor-section-height-default sc_fly_static\" data-id=\"710de4c\" data-element_type=\"section\">\n\t\t\t\t\t\t<div class=\"elementor-container elementor-column-gap-extended\">\n\t\t\t\t\t<div class=\"elementor-column elementor-col-100 elementor-top-column elementor-element elementor-element-7d05e3c sc_inner_width_none sc_content_align_inherit sc_layouts_column_icons_position_left sc_fly_static\" data-id=\"7d05e3c\" data-element_type=\"column\">\n\t\t\t<div class=\"elementor-widget-wrap elementor-element-populated\">\n\t\t\t\t\t\t<div class=\"elementor-element elementor-element-3b0f24b sc_fly_static elementor-widget elementor-widget-text-editor\" data-id=\"3b0f24b\" data-element_type=\"widget\" data-widget_type=\"text-editor.default\">\n\t\t\t\t<div class=\"elementor-widget-container\">\n\t\t\t\t\t\t\t<ul><li>G\u00fcltekin L. &amp; Lyal C.H.C. 2023. A new weevil genus, <em>Capelarinus <\/em>gen. nov., with four new species from Cape Province, South Africa (Coleoptera: Curculionidae: Lixinae). <em>Journal of Insect Biodiversity<\/em> 43(1): 29\u201344.<\/li><li>G\u00fcltekin L. &amp; Lyal C.H.C. 2023. A new weevil genus, <em>Minimania <\/em>G\u00fcltekin &amp; Lyal, with notes and a key to <em>Lachnaeus <\/em>Schoenherr (Coleoptera: Curculionidae: Lixinae). <em>Journal of Insect Biodiversity<\/em> 43(1): 8\u201328.<\/li><li>G\u00fcltekin L. &amp; Lyal C.H.C. 2023. An exceptional new weevil genus and species (Coleoptera: Curculionidae) from Tanzania. <em>Journal of Insect Biodiversity<\/em> 43(1): 1\u20137.<\/li><li>Davidian G. E. &amp; G\u00fcltekin L. 2023. A new subgenus and a new species of <em>Parameira <\/em>Seidlitz, 1868 (\u0421oleoptera, Curculionidae, Entiminae). Journal of Insect Biodiversity 39(1): 1\u20139.<\/li><li>Volkovitsh M. G., Tozlu G., G\u00fcltekin L. &amp; G\u00fcltekin N. 2023. Contribution to the knowledge of jewel beetles (Coleoptera: Buprestidae) of the Aras River valley, North\u0435astern Turkey. Journal of Insect Biodiversity 40(2): 37\u201355.<\/li><li>Konstantinov A. S., G\u00fcltekin L. &amp; G\u00fcltekin N. 2023. Observations of feeding damage of some Turkish leaf beetles (Chrysomelidae) with new masquerade and host plant records. Journal of Insect Biodiversity 37(2): 40\u201347.<\/li><li>G\u00fcltekin L. 2022. <em>Larinus atauni <\/em>sp. nov. (Coleoptera: Curculionidae), a new species from eastern Turkey, with taxonomic notes on the leuzeae species complex. Journal of Insect Biodiversity 36(2): 42\u201357.<\/li><li>Davidian G. E. &amp; G\u00fcltekin L. 2022. To the knowledge of the genus <em>Parameira <\/em>Seidlitz, 1868 (\u0421oleoptera: Curculionidae: Entiminae). Journal of Insect Biodiversity, 36(2): 36-41.<\/li><li>G\u00fcltekin N., Ko\u0161\u0165\u00e1l M. &amp; G\u00fcltekin L.. 2021. Two species of <em>Cionus<\/em> Clairville (Coleoptera: Curculionidae) new for Turkey, <em>Cionus anatolicus<\/em>, new species and <em>C. dodeki<\/em> Ko\u0161\u0165\u00e1l and Caldara, 2019. The Coleopterists Bulletin 75(4): 761\u2013767.<\/li><li>G\u00fcltekin L., G\u00fc\u00e7l\u00fc M., G\u00fcltekin N. &amp; Korotyaev B. A. 2021. The life history, distribution and morphological updates of horned poppy feeder <em>Acentrus histrio<\/em> (Schoenherr, 1837) (Coleoptera: Curculionidae: Curculioninae). Journal of Insect Biodiversity 29(1): 1\u201311.<\/li><li>Keever C. C., G\u00fcltekin L., Bourchier R. S., Myers J. H. &amp; Cory J. S. 2021. Post-release genetic assessment of two congeneric weed biological control agents. <em>biological control<\/em> 152:104462.<\/li><li>G\u00fcltekin N., Caldara R. &amp; G\u00fcltekin L. 2021. <em>Miarus<\/em> Schoenherr and <em>Cleopomiarus<\/em> Pierce (Coleoptera: Curculionidae) species associated with <em>Campanula<\/em> L. plants at eastern Black Sea region of Turkey. The Coleopterists Bulletin 75(3): 505\u2013511.<\/li><li>G\u00fcltekin L. &amp; Lyal C.H.C. 2020. Two new <em>Larinus<\/em> Dejean (Coleoptera: Curculionidae) species descriptions from India with taxonomic overview. <em>Journal of Insect Biodiversity<\/em> 20(2): 59\u201367.<\/li><li>Korotyaev B. A. &amp; G\u00fcltekin L. 2020. Two new species of the weevil genus <em>Thamiocolus<\/em> Thomas. (Coleoptera, Curculionidae: Ceutorhynchini) from Turkey. <em>Entomological Review<\/em> 100(5): 684\u2013705.<\/li><li>Korotyaev B. A., G\u00fcltekin N., &amp; G\u00fcltekin L. 2020. A new species <em>Asproparthenis<\/em> <em>omeri<\/em> sp. nov. (Coleoptera: Curculionidae: Lixinae) from the Aras valley in northeastern Turkey. <em>Journal of Insect Biodiversity<\/em> 17(1): 12\u201327.<\/li><\/ul>\t\t\t\t\t\t<\/div>\n\t\t\t\t<\/div>\n\t\t\t\t\t<\/div>\n\t\t<\/div>\n\t\t\t\t\t<\/div>\n\t\t<\/section>\n\t\t\t\t<\/div>","protected":false},"excerpt":{"rendered":"<p>G\u00fcltekin L. &amp; Lyal C. H. C. 2023. A new weevil genus, Capelarinus gen. nov., with four new species from Cape Province, South Africa (Coleoptera: Curculionidae: Lixinae). Journal of Insect&hellip;<\/p>","protected":false},"author":1,"featured_media":0,"parent":0,"menu_order":0,"comment_status":"closed","ping_status":"closed","template":"","meta":{"rank_math_lock_modified_date":false,"footnotes":""},"class_list":["post-19878","page","type-page","status-publish","hentry"],"_links":{"self":[{"href":"https:\/\/abbm.atauni.edu.tr\/en\/wp-json\/wp\/v2\/pages\/19878","targetHints":{"allow":["GET"]}}],"collection":[{"href":"https:\/\/abbm.atauni.edu.tr\/en\/wp-json\/wp\/v2\/pages"}],"about":[{"href":"https:\/\/abbm.atauni.edu.tr\/en\/wp-json\/wp\/v2\/types\/page"}],"author":[{"embeddable":true,"href":"https:\/\/abbm.atauni.edu.tr\/en\/wp-json\/wp\/v2\/users\/1"}],"replies":[{"embeddable":true,"href":"https:\/\/abbm.atauni.edu.tr\/en\/wp-json\/wp\/v2\/comments?post=19878"}],"version-history":[{"count":4,"href":"https:\/\/abbm.atauni.edu.tr\/en\/wp-json\/wp\/v2\/pages\/19878\/revisions"}],"predecessor-version":[{"id":19882,"href":"https:\/\/abbm.atauni.edu.tr\/en\/wp-json\/wp\/v2\/pages\/19878\/revisions\/19882"}],"wp:attachment":[{"href":"https:\/\/abbm.atauni.edu.tr\/en\/wp-json\/wp\/v2\/media?parent=19878"}],"curies":[{"name":"wp","href":"https:\/\/api.w.org\/{rel}","templated":true}]}}