{"id":20312,"date":"2023-12-21T14:24:19","date_gmt":"2023-12-21T11:24:19","guid":{"rendered":"https:\/\/abbm.atauni.edu.tr\/?page_id=20312"},"modified":"2024-09-18T16:16:23","modified_gmt":"2024-09-18T13:16:23","slug":"toplumsal-katki-ve-abbm","status":"publish","type":"page","link":"https:\/\/abbm.atauni.edu.tr\/en\/toplumsal-katki-ve-abbm\/","title":{"rendered":"Social Contribution and ABBM"},"content":{"rendered":"<div data-elementor-type=\"wp-page\" data-elementor-id=\"20312\" class=\"elementor elementor-20312\">\n\t\t\t\t\t\t<section class=\"elementor-section elementor-top-section elementor-element elementor-element-17350e94 elementor-section-content-middle elementor-section-boxed elementor-section-height-default elementor-section-height-default sc_fly_static\" data-id=\"17350e94\" data-element_type=\"section\">\n\t\t\t\t\t\t<div class=\"elementor-container elementor-column-gap-extended\">\n\t\t\t\t\t<div class=\"elementor-column elementor-col-50 elementor-top-column elementor-element elementor-element-6305c3c9 sc_inner_width_none sc_content_align_inherit sc_layouts_column_icons_position_left sc_fly_static\" data-id=\"6305c3c9\" data-element_type=\"column\">\n\t\t\t<div class=\"elementor-widget-wrap elementor-element-populated\">\n\t\t\t\t\t\t<div class=\"elementor-element elementor-element-794c719e sc_fly_static elementor-widget elementor-widget-image\" data-id=\"794c719e\" data-element_type=\"widget\" data-widget_type=\"image.default\">\n\t\t\t\t<div class=\"elementor-widget-container\">\n\t\t\t\t\t\t\t\t\t\t\t\t\t<img fetchpriority=\"high\" decoding=\"async\" width=\"1024\" height=\"768\" src=\"https:\/\/abbm.atauni.edu.tr\/wp-content\/uploads\/2023\/12\/F3-1024x768.jpg\" class=\"attachment-large size-large wp-image-20324\" alt=\"\" srcset=\"https:\/\/abbm.atauni.edu.tr\/wp-content\/uploads\/2023\/12\/F3-1024x768.jpg 1024w, https:\/\/abbm.atauni.edu.tr\/wp-content\/uploads\/2023\/12\/F3-300x225.jpg 300w, https:\/\/abbm.atauni.edu.tr\/wp-content\/uploads\/2023\/12\/F3-768x576.jpg 768w, https:\/\/abbm.atauni.edu.tr\/wp-content\/uploads\/2023\/12\/F3-16x12.jpg 16w, https:\/\/abbm.atauni.edu.tr\/wp-content\/uploads\/2023\/12\/F3-370x278.jpg 370w, https:\/\/abbm.atauni.edu.tr\/wp-content\/uploads\/2023\/12\/F3-840x630.jpg 840w, https:\/\/abbm.atauni.edu.tr\/wp-content\/uploads\/2023\/12\/F3-410x308.jpg 410w, https:\/\/abbm.atauni.edu.tr\/wp-content\/uploads\/2023\/12\/F3-600x450.jpg 600w, https:\/\/abbm.atauni.edu.tr\/wp-content\/uploads\/2023\/12\/F3.jpg 1500w\" sizes=\"(max-width: 1024px) 100vw, 1024px\" \/>\t\t\t\t\t\t\t\t\t\t\t\t\t<\/div>\n\t\t\t\t<\/div>\n\t\t\t\t\t<\/div>\n\t\t<\/div>\n\t\t\t\t<div class=\"elementor-column elementor-col-50 elementor-top-column elementor-element elementor-element-7f57a2b5 sc_inner_width_none sc_content_align_inherit sc_layouts_column_icons_position_left sc_fly_static\" data-id=\"7f57a2b5\" data-element_type=\"column\">\n\t\t\t<div class=\"elementor-widget-wrap elementor-element-populated\">\n\t\t\t\t\t\t<div class=\"elementor-element elementor-element-401b2772 sc_fly_static elementor-widget elementor-widget-text-editor\" data-id=\"401b2772\" data-element_type=\"widget\" data-widget_type=\"text-editor.default\">\n\t\t\t\t<div class=\"elementor-widget-container\">\n\t\t\t\t\t\t\t<p>We can say that the Biodiversity Science Museum successfully hosts various educational programs and appeals to a wide audience. The museum has interactive educational environments with its exhibitions that touch on important issues such as species diversity, ecosystems and the need to protect them.<\/p><p>The museum&#039;s exhibition and educational environments appeal to a wide age range, including kindergarten, primary school, secondary school, high school and university students, teachers and parents. This reflects a broad-spectrum educational approach to highlight the importance of biodiversity and raise awareness on this issue. The number of more than 5000 visitors in the three-month period of the first pilot application shows that the museum is popular and attracts interest from the society. This is an indication of the public&#039;s interest in biodiversity issues and that the museum is successfully engaging with its target audience.<\/p>\t\t\t\t\t\t<\/div>\n\t\t\t\t<\/div>\n\t\t\t\t\t<\/div>\n\t\t<\/div>\n\t\t\t\t\t<\/div>\n\t\t<\/section>\n\t\t\t\t<section class=\"elementor-section elementor-top-section elementor-element elementor-element-254e1e6 elementor-section-boxed elementor-section-height-default elementor-section-height-default sc_fly_static\" data-id=\"254e1e6\" data-element_type=\"section\">\n\t\t\t\t\t\t<div class=\"elementor-container elementor-column-gap-extended\">\n\t\t\t\t\t<div class=\"elementor-column elementor-col-100 elementor-top-column elementor-element elementor-element-db5a0f8 sc_inner_width_none sc_content_align_inherit sc_layouts_column_icons_position_left sc_fly_static\" data-id=\"db5a0f8\" data-element_type=\"column\">\n\t\t\t<div class=\"elementor-widget-wrap elementor-element-populated\">\n\t\t\t\t\t\t<div class=\"elementor-element elementor-element-2b44ffa elementor-pagination-position-outside sc_fly_static elementor-widget elementor-widget-image-carousel\" data-id=\"2b44ffa\" data-element_type=\"widget\" data-settings=\"{&quot;slides_to_show&quot;:&quot;4&quot;,&quot;image_spacing_custom&quot;:{&quot;unit&quot;:&quot;px&quot;,&quot;size&quot;:8,&quot;sizes&quot;:[]},&quot;navigation&quot;:&quot;dots&quot;,&quot;autoplay_speed&quot;:2000,&quot;autoplay&quot;:&quot;yes&quot;,&quot;pause_on_hover&quot;:&quot;yes&quot;,&quot;pause_on_interaction&quot;:&quot;yes&quot;,&quot;infinite&quot;:&quot;yes&quot;,&quot;speed&quot;:500,&quot;image_spacing_custom_tablet&quot;:{&quot;unit&quot;:&quot;px&quot;,&quot;size&quot;:&quot;&quot;,&quot;sizes&quot;:[]},&quot;image_spacing_custom_mobile&quot;:{&quot;unit&quot;:&quot;px&quot;,&quot;size&quot;:&quot;&quot;,&quot;sizes&quot;:[]}}\" data-widget_type=\"image-carousel.default\">\n\t\t\t\t<div class=\"elementor-widget-container\">\n\t\t\t\t\t<div class=\"elementor-image-carousel-wrapper swiper\" dir=\"ltr\">\n\t\t\t<div class=\"elementor-image-carousel swiper-wrapper swiper-image-stretch\" aria-live=\"off\">\n\t\t\t\t\t\t\t\t<div class=\"swiper-slide\" role=\"group\" aria-roledescription=\"slide\" aria-label=\"1 of 8\"><a data-elementor-open-lightbox=\"yes\" data-elementor-lightbox-slideshow=\"2b44ffa\" data-elementor-lightbox-title=\"IMG_5970\" data-e-action-hash=\"#elementor-action%3Aaction%3Dlightbox%26settings%3DeyJpZCI6MjA4NjAsInVybCI6Imh0dHBzOlwvXC9hYmJtLmF0YXVuaS5lZHUudHJcL3dwLWNvbnRlbnRcL3VwbG9hZHNcLzIwMjRcLzAyXC9JTUdfNTk3MC5qcGciLCJzbGlkZXNob3ciOiIyYjQ0ZmZhIn0%3D\" href=\"https:\/\/abbm.atauni.edu.tr\/wp-content\/uploads\/2024\/02\/IMG_5970.jpg\"><figure class=\"swiper-slide-inner\"><img decoding=\"async\" class=\"swiper-slide-image\" src=\"https:\/\/abbm.atauni.edu.tr\/wp-content\/uploads\/2024\/02\/IMG_5970.jpg\" alt=\"IMG_5970\" \/><\/figure><\/a><\/div><div class=\"swiper-slide\" role=\"group\" aria-roledescription=\"slide\" aria-label=\"2 of 8\"><a data-elementor-open-lightbox=\"yes\" data-elementor-lightbox-slideshow=\"2b44ffa\" data-elementor-lightbox-title=\"F1\" data-e-action-hash=\"#elementor-action%3Aaction%3Dlightbox%26settings%3DeyJpZCI6MjAzMjYsInVybCI6Imh0dHBzOlwvXC9hYmJtLmF0YXVuaS5lZHUudHJcL3dwLWNvbnRlbnRcL3VwbG9hZHNcLzIwMjNcLzEyXC9GMS5qcGciLCJzbGlkZXNob3ciOiIyYjQ0ZmZhIn0%3D\" href=\"https:\/\/abbm.atauni.edu.tr\/wp-content\/uploads\/2023\/12\/F1.jpg\"><figure class=\"swiper-slide-inner\"><img decoding=\"async\" class=\"swiper-slide-image\" src=\"https:\/\/abbm.atauni.edu.tr\/wp-content\/uploads\/2023\/12\/F1.jpg\" alt=\"F1\" \/><\/figure><\/a><\/div><div class=\"swiper-slide\" role=\"group\" aria-roledescription=\"slide\" aria-label=\"3 of 8\"><a data-elementor-open-lightbox=\"yes\" data-elementor-lightbox-slideshow=\"2b44ffa\" data-elementor-lightbox-title=\"F2\" data-e-action-hash=\"#elementor-action%3Aaction%3Dlightbox%26settings%3DeyJpZCI6MjAzMjUsInVybCI6Imh0dHBzOlwvXC9hYmJtLmF0YXVuaS5lZHUudHJcL3dwLWNvbnRlbnRcL3VwbG9hZHNcLzIwMjNcLzEyXC9GMi5qcGciLCJzbGlkZXNob3ciOiIyYjQ0ZmZhIn0%3D\" href=\"https:\/\/abbm.atauni.edu.tr\/wp-content\/uploads\/2023\/12\/F2.jpg\"><figure class=\"swiper-slide-inner\"><img decoding=\"async\" class=\"swiper-slide-image\" src=\"https:\/\/abbm.atauni.edu.tr\/wp-content\/uploads\/2023\/12\/F2.jpg\" alt=\"F2\" \/><\/figure><\/a><\/div><div class=\"swiper-slide\" role=\"group\" aria-roledescription=\"slide\" aria-label=\"4 of 8\"><a data-elementor-open-lightbox=\"yes\" data-elementor-lightbox-slideshow=\"2b44ffa\" data-elementor-lightbox-title=\"F4\" data-e-action-hash=\"#elementor-action%3Aaction%3Dlightbox%26settings%3DeyJpZCI6MjAzMjMsInVybCI6Imh0dHBzOlwvXC9hYmJtLmF0YXVuaS5lZHUudHJcL3dwLWNvbnRlbnRcL3VwbG9hZHNcLzIwMjNcLzEyXC9GNC5qcGciLCJzbGlkZXNob3ciOiIyYjQ0ZmZhIn0%3D\" href=\"https:\/\/abbm.atauni.edu.tr\/wp-content\/uploads\/2023\/12\/F4.jpg\"><figure class=\"swiper-slide-inner\"><img decoding=\"async\" class=\"swiper-slide-image\" src=\"https:\/\/abbm.atauni.edu.tr\/wp-content\/uploads\/2023\/12\/F4.jpg\" alt=\"F4\" \/><\/figure><\/a><\/div><div class=\"swiper-slide\" role=\"group\" aria-roledescription=\"slide\" aria-label=\"5 of 8\"><a data-elementor-open-lightbox=\"yes\" data-elementor-lightbox-slideshow=\"2b44ffa\" data-elementor-lightbox-title=\"F5\" data-e-action-hash=\"#elementor-action%3Aaction%3Dlightbox%26settings%3DeyJpZCI6MjAzMjIsInVybCI6Imh0dHBzOlwvXC9hYmJtLmF0YXVuaS5lZHUudHJcL3dwLWNvbnRlbnRcL3VwbG9hZHNcLzIwMjNcLzEyXC9GNS5qcGciLCJzbGlkZXNob3ciOiIyYjQ0ZmZhIn0%3D\" href=\"https:\/\/abbm.atauni.edu.tr\/wp-content\/uploads\/2023\/12\/F5.jpg\"><figure class=\"swiper-slide-inner\"><img decoding=\"async\" class=\"swiper-slide-image\" src=\"https:\/\/abbm.atauni.edu.tr\/wp-content\/uploads\/2023\/12\/F5.jpg\" alt=\"F5\" \/><\/figure><\/a><\/div><div class=\"swiper-slide\" role=\"group\" aria-roledescription=\"slide\" aria-label=\"6 of 8\"><a data-elementor-open-lightbox=\"yes\" data-elementor-lightbox-slideshow=\"2b44ffa\" data-elementor-lightbox-title=\"F6\" data-e-action-hash=\"#elementor-action%3Aaction%3Dlightbox%26settings%3DeyJpZCI6MjAzMjEsInVybCI6Imh0dHBzOlwvXC9hYmJtLmF0YXVuaS5lZHUudHJcL3dwLWNvbnRlbnRcL3VwbG9hZHNcLzIwMjNcLzEyXC9GNi5qcGciLCJzbGlkZXNob3ciOiIyYjQ0ZmZhIn0%3D\" href=\"https:\/\/abbm.atauni.edu.tr\/wp-content\/uploads\/2023\/12\/F6.jpg\"><figure class=\"swiper-slide-inner\"><img decoding=\"async\" class=\"swiper-slide-image\" src=\"https:\/\/abbm.atauni.edu.tr\/wp-content\/uploads\/2023\/12\/F6.jpg\" alt=\"F6\" \/><\/figure><\/a><\/div><div class=\"swiper-slide\" role=\"group\" aria-roledescription=\"slide\" aria-label=\"7 of 8\"><a data-elementor-open-lightbox=\"yes\" data-elementor-lightbox-slideshow=\"2b44ffa\" data-elementor-lightbox-title=\"F7\" data-e-action-hash=\"#elementor-action%3Aaction%3Dlightbox%26settings%3DeyJpZCI6MjAzMjAsInVybCI6Imh0dHBzOlwvXC9hYmJtLmF0YXVuaS5lZHUudHJcL3dwLWNvbnRlbnRcL3VwbG9hZHNcLzIwMjNcLzEyXC9GNy5qcGciLCJzbGlkZXNob3ciOiIyYjQ0ZmZhIn0%3D\" href=\"https:\/\/abbm.atauni.edu.tr\/wp-content\/uploads\/2023\/12\/F7.jpg\"><figure class=\"swiper-slide-inner\"><img decoding=\"async\" class=\"swiper-slide-image\" src=\"https:\/\/abbm.atauni.edu.tr\/wp-content\/uploads\/2023\/12\/F7.jpg\" alt=\"F7\" \/><\/figure><\/a><\/div><div class=\"swiper-slide\" role=\"group\" aria-roledescription=\"slide\" aria-label=\"8 of 8\"><a data-elementor-open-lightbox=\"yes\" data-elementor-lightbox-slideshow=\"2b44ffa\" data-elementor-lightbox-title=\"F8\" data-e-action-hash=\"#elementor-action%3Aaction%3Dlightbox%26settings%3DeyJpZCI6MjAzMTksInVybCI6Imh0dHBzOlwvXC9hYmJtLmF0YXVuaS5lZHUudHJcL3dwLWNvbnRlbnRcL3VwbG9hZHNcLzIwMjNcLzEyXC9GOC5qcGciLCJzbGlkZXNob3ciOiIyYjQ0ZmZhIn0%3D\" href=\"https:\/\/abbm.atauni.edu.tr\/wp-content\/uploads\/2023\/12\/F8.jpg\"><figure class=\"swiper-slide-inner\"><img decoding=\"async\" class=\"swiper-slide-image\" src=\"https:\/\/abbm.atauni.edu.tr\/wp-content\/uploads\/2023\/12\/F8.jpg\" alt=\"F8\" \/><\/figure><\/a><\/div>\t\t\t<\/div>\n\t\t\t\t\t\t\t\n\t\t\t\t\t\t\t\t\t<div class=\"swiper-pagination\"><\/div>\n\t\t\t\t\t\t\t\t\t<\/div>\n\t\t\t\t<\/div>\n\t\t\t\t<\/div>\n\t\t\t\t\t<\/div>\n\t\t<\/div>\n\t\t\t\t\t<\/div>\n\t\t<\/section>\n\t\t\t\t<\/div>","protected":false},"excerpt":{"rendered":"<p>Biyo\u00e7e\u015fitlilik Bilim M\u00fczesi&#8217;nin ba\u015far\u0131l\u0131 bir \u015fekilde \u00e7e\u015fitli e\u011fitim programlar\u0131na ev sahipli\u011fi yapt\u0131\u011f\u0131n\u0131 ve geni\u015f bir kitleye hitap etti\u011fini s\u00f6yleyebiliriz. M\u00fcze sahip oldu\u011fu sergilerle, t\u00fcr \u00e7e\u015fitlili\u011fi, ekosistemler ve bunlar\u0131n korunmas\u0131 gereklili\u011fi&hellip;<\/p>","protected":false},"author":1,"featured_media":0,"parent":0,"menu_order":0,"comment_status":"closed","ping_status":"closed","template":"","meta":{"rank_math_lock_modified_date":false,"footnotes":""},"class_list":["post-20312","page","type-page","status-publish","hentry"],"_links":{"self":[{"href":"https:\/\/abbm.atauni.edu.tr\/en\/wp-json\/wp\/v2\/pages\/20312","targetHints":{"allow":["GET"]}}],"collection":[{"href":"https:\/\/abbm.atauni.edu.tr\/en\/wp-json\/wp\/v2\/pages"}],"about":[{"href":"https:\/\/abbm.atauni.edu.tr\/en\/wp-json\/wp\/v2\/types\/page"}],"author":[{"embeddable":true,"href":"https:\/\/abbm.atauni.edu.tr\/en\/wp-json\/wp\/v2\/users\/1"}],"replies":[{"embeddable":true,"href":"https:\/\/abbm.atauni.edu.tr\/en\/wp-json\/wp\/v2\/comments?post=20312"}],"version-history":[{"count":29,"href":"https:\/\/abbm.atauni.edu.tr\/en\/wp-json\/wp\/v2\/pages\/20312\/revisions"}],"predecessor-version":[{"id":20965,"href":"https:\/\/abbm.atauni.edu.tr\/en\/wp-json\/wp\/v2\/pages\/20312\/revisions\/20965"}],"wp:attachment":[{"href":"https:\/\/abbm.atauni.edu.tr\/en\/wp-json\/wp\/v2\/media?parent=20312"}],"curies":[{"name":"wp","href":"https:\/\/api.w.org\/{rel}","templated":true}]}}