{"id":20353,"date":"2023-12-21T16:07:47","date_gmt":"2023-12-21T13:07:47","guid":{"rendered":"https:\/\/abbm.atauni.edu.tr\/?page_id=20353"},"modified":"2024-01-19T10:12:47","modified_gmt":"2024-01-19T07:12:47","slug":"ilkler-ve-major-isler","status":"publish","type":"page","link":"https:\/\/abbm.atauni.edu.tr\/en\/ilkler-ve-major-isler\/","title":{"rendered":"Firsts and Major Works"},"content":{"rendered":"<div data-elementor-type=\"wp-page\" data-elementor-id=\"20353\" class=\"elementor elementor-20353\">\n\t\t\t\t\t\t<section class=\"elementor-section elementor-top-section elementor-element elementor-element-222d414 elementor-section-boxed elementor-section-height-default elementor-section-height-default sc_fly_static\" data-id=\"222d414\" data-element_type=\"section\">\n\t\t\t\t\t\t<div class=\"elementor-container elementor-column-gap-extended\">\n\t\t\t\t\t<div class=\"elementor-column elementor-col-100 elementor-top-column elementor-element elementor-element-61e966d sc_inner_width_none sc_content_align_inherit sc_layouts_column_icons_position_left sc_fly_static\" data-id=\"61e966d\" data-element_type=\"column\">\n\t\t\t<div class=\"elementor-widget-wrap elementor-element-populated\">\n\t\t\t\t\t\t<div class=\"elementor-element elementor-element-9b06b0d sc_fly_static elementor-widget elementor-widget-text-editor\" data-id=\"9b06b0d\" data-element_type=\"widget\" data-widget_type=\"text-editor.default\">\n\t\t\t\t<div class=\"elementor-widget-container\">\n\t\t\t\t\t\t\t<p>The first museological study on the project idea started with M\u00fcze Sergi \u0130\u015fleri manager and curator Deniz Ko\u00e7 \u00c7eliker and her team making detailed technical examinations in the model museum MUSE - Museo delle Scienze, Trento, Italy. Following these studies, major works such as modeling of ABBM, its complete design, construction of exhibition units and collection blocks were carried out by the specified team.<\/p>\n<p>The modernization of collections and the organization of exhibitions can be considered as the most significant and time-consuming tasks during the establishment of the museum. In this context, we are talking about the curatorial modernization of a quarter of a million specimens. During this process, Prof. Dr. Erol Y\u0131ld\u0131r\u0131m, along with graduate students at the research center, transferred over 200,000 insect specimens to newly prepared boxes in the unit tray system. Additionally, Assoc. Prof. Dr. Neslihan G\u00fcltekin, with graduate students, organized approximately 20,000 herbarium specimens and 3,500 species in hierarchical, genus-level alphabetical folders compatible with the Flora of Turkey. Both major tasks represent the museum's initial curatorial practices, and both professors are the first curators of the museum. The first bird specimens of the museum were also prepared by graduate student Ersin Aykut.<\/p>\n<p>The establishment of the museum, which took a full five years to complete, involved all aspects of applications, collection arrangements, exhibition preparations, content creation, graphic applications, labels, construction processes, detailed studies, and was led by project executor Prof. Dr. Levent G\u00fcltekin. Throughout the specified tasks and stages, scientific expertise was prominent, with active involvement from professionals, notably Assoc. Prof. Dr. Neslihan G\u00fcltekin, Dr. Sci. Alexander S. Konstantinov, Dr. Sci. Boris A. Korotyaev, Dr. Sci. Mark G. Volkovich, Dr. Sci. Chris H. C. Lyal, Prof. Dr. Vladimir I. Dorofeev, and administrative staff Cumhur Akp\u0131nar.<\/p>\t\t\t\t\t\t<\/div>\n\t\t\t\t<\/div>\n\t\t\t\t\t<\/div>\n\t\t<\/div>\n\t\t\t\t\t<\/div>\n\t\t<\/section>\n\t\t\t\t<section class=\"elementor-section elementor-top-section elementor-element elementor-element-cafc0ce elementor-section-boxed elementor-section-height-default elementor-section-height-default sc_fly_static\" data-id=\"cafc0ce\" data-element_type=\"section\">\n\t\t\t\t\t\t<div class=\"elementor-container elementor-column-gap-extended\">\n\t\t\t\t\t<div class=\"elementor-column elementor-col-100 elementor-top-column elementor-element elementor-element-79e7fa9 sc_inner_width_none sc_content_align_inherit sc_layouts_column_icons_position_left sc_fly_static\" data-id=\"79e7fa9\" data-element_type=\"column\">\n\t\t\t<div class=\"elementor-widget-wrap elementor-element-populated\">\n\t\t\t\t\t\t<div class=\"elementor-element elementor-element-925ac12 gallery-spacing-custom sc_fly_static elementor-widget elementor-widget-image-gallery\" data-id=\"925ac12\" data-element_type=\"widget\" data-widget_type=\"image-gallery.default\">\n\t\t\t\t<div class=\"elementor-widget-container\">\n\t\t\t\t\t<div class=\"elementor-image-gallery\">\n\t\t\t<div id='gallery-1' class='gallery galleryid-20353 gallery-columns-3 gallery-size-full'><figure class='gallery-item'>\n\t\t\t<div class='gallery-icon portrait'>\n\t\t\t\t<a data-elementor-open-lightbox=\"yes\" data-elementor-lightbox-slideshow=\"925ac12\" data-elementor-lightbox-title=\"IMG_6004\" data-e-action-hash=\"#elementor-action%3Aaction%3Dlightbox%26settings%3DeyJpZCI6MjAzNTYsInVybCI6Imh0dHBzOlwvXC9hYmJtLmF0YXVuaS5lZHUudHJcL3dwLWNvbnRlbnRcL3VwbG9hZHNcLzIwMjNcLzEyXC9JTUdfNjAwNC5qcGciLCJzbGlkZXNob3ciOiI5MjVhYzEyIn0%3D\" href='https:\/\/abbm.atauni.edu.tr\/wp-content\/uploads\/2023\/12\/IMG_6004.jpg'><img fetchpriority=\"high\" decoding=\"async\" width=\"1125\" height=\"1500\" src=\"https:\/\/abbm.atauni.edu.tr\/wp-content\/uploads\/2023\/12\/IMG_6004.jpg\" class=\"attachment-full size-full\" alt=\"\" srcset=\"https:\/\/abbm.atauni.edu.tr\/wp-content\/uploads\/2023\/12\/IMG_6004.jpg 1125w, https:\/\/abbm.atauni.edu.tr\/wp-content\/uploads\/2023\/12\/IMG_6004-225x300.jpg 225w, https:\/\/abbm.atauni.edu.tr\/wp-content\/uploads\/2023\/12\/IMG_6004-768x1024.jpg 768w, https:\/\/abbm.atauni.edu.tr\/wp-content\/uploads\/2023\/12\/IMG_6004-9x12.jpg 9w, https:\/\/abbm.atauni.edu.tr\/wp-content\/uploads\/2023\/12\/IMG_6004-370x493.jpg 370w, https:\/\/abbm.atauni.edu.tr\/wp-content\/uploads\/2023\/12\/IMG_6004-840x1120.jpg 840w, https:\/\/abbm.atauni.edu.tr\/wp-content\/uploads\/2023\/12\/IMG_6004-410x547.jpg 410w, https:\/\/abbm.atauni.edu.tr\/wp-content\/uploads\/2023\/12\/IMG_6004-600x800.jpg 600w\" sizes=\"(max-width: 1125px) 100vw, 1125px\" \/><\/a>\n\t\t\t<\/div><\/figure><figure class='gallery-item'>\n\t\t\t<div class='gallery-icon portrait'>\n\t\t\t\t<a data-elementor-open-lightbox=\"yes\" data-elementor-lightbox-slideshow=\"925ac12\" data-elementor-lightbox-title=\"IMG_5771\" data-e-action-hash=\"#elementor-action%3Aaction%3Dlightbox%26settings%3DeyJpZCI6MjAzNTcsInVybCI6Imh0dHBzOlwvXC9hYmJtLmF0YXVuaS5lZHUudHJcL3dwLWNvbnRlbnRcL3VwbG9hZHNcLzIwMjNcLzEyXC9JTUdfNTc3MS5qcGciLCJzbGlkZXNob3ciOiI5MjVhYzEyIn0%3D\" href='https:\/\/abbm.atauni.edu.tr\/wp-content\/uploads\/2023\/12\/IMG_5771.jpg'><img decoding=\"async\" width=\"1125\" height=\"1500\" src=\"https:\/\/abbm.atauni.edu.tr\/wp-content\/uploads\/2023\/12\/IMG_5771.jpg\" class=\"attachment-full size-full\" alt=\"\" srcset=\"https:\/\/abbm.atauni.edu.tr\/wp-content\/uploads\/2023\/12\/IMG_5771.jpg 1125w, https:\/\/abbm.atauni.edu.tr\/wp-content\/uploads\/2023\/12\/IMG_5771-225x300.jpg 225w, https:\/\/abbm.atauni.edu.tr\/wp-content\/uploads\/2023\/12\/IMG_5771-768x1024.jpg 768w, https:\/\/abbm.atauni.edu.tr\/wp-content\/uploads\/2023\/12\/IMG_5771-9x12.jpg 9w, https:\/\/abbm.atauni.edu.tr\/wp-content\/uploads\/2023\/12\/IMG_5771-370x493.jpg 370w, https:\/\/abbm.atauni.edu.tr\/wp-content\/uploads\/2023\/12\/IMG_5771-840x1120.jpg 840w, https:\/\/abbm.atauni.edu.tr\/wp-content\/uploads\/2023\/12\/IMG_5771-410x547.jpg 410w, https:\/\/abbm.atauni.edu.tr\/wp-content\/uploads\/2023\/12\/IMG_5771-600x800.jpg 600w\" sizes=\"(max-width: 1125px) 100vw, 1125px\" \/><\/a>\n\t\t\t<\/div><\/figure><figure class='gallery-item'>\n\t\t\t<div class='gallery-icon portrait'>\n\t\t\t\t<a data-elementor-open-lightbox=\"yes\" data-elementor-lightbox-slideshow=\"925ac12\" data-elementor-lightbox-title=\"IMG-5952\" data-e-action-hash=\"#elementor-action%3Aaction%3Dlightbox%26settings%3DeyJpZCI6MjAzNjUsInVybCI6Imh0dHBzOlwvXC9hYmJtLmF0YXVuaS5lZHUudHJcL3dwLWNvbnRlbnRcL3VwbG9hZHNcLzIwMjNcLzEyXC9JTUctNTk1Mi5qcGciLCJzbGlkZXNob3ciOiI5MjVhYzEyIn0%3D\" href='https:\/\/abbm.atauni.edu.tr\/wp-content\/uploads\/2023\/12\/IMG-5952.jpg'><img decoding=\"async\" width=\"1125\" height=\"1500\" src=\"https:\/\/abbm.atauni.edu.tr\/wp-content\/uploads\/2023\/12\/IMG-5952.jpg\" class=\"attachment-full size-full\" alt=\"\" srcset=\"https:\/\/abbm.atauni.edu.tr\/wp-content\/uploads\/2023\/12\/IMG-5952.jpg 1125w, https:\/\/abbm.atauni.edu.tr\/wp-content\/uploads\/2023\/12\/IMG-5952-225x300.jpg 225w, https:\/\/abbm.atauni.edu.tr\/wp-content\/uploads\/2023\/12\/IMG-5952-768x1024.jpg 768w, https:\/\/abbm.atauni.edu.tr\/wp-content\/uploads\/2023\/12\/IMG-5952-9x12.jpg 9w, https:\/\/abbm.atauni.edu.tr\/wp-content\/uploads\/2023\/12\/IMG-5952-370x493.jpg 370w, https:\/\/abbm.atauni.edu.tr\/wp-content\/uploads\/2023\/12\/IMG-5952-840x1120.jpg 840w, https:\/\/abbm.atauni.edu.tr\/wp-content\/uploads\/2023\/12\/IMG-5952-410x547.jpg 410w, https:\/\/abbm.atauni.edu.tr\/wp-content\/uploads\/2023\/12\/IMG-5952-600x800.jpg 600w\" sizes=\"(max-width: 1125px) 100vw, 1125px\" \/><\/a>\n\t\t\t<\/div><\/figure><figure class='gallery-item'>\n\t\t\t<div class='gallery-icon landscape'>\n\t\t\t\t<a data-elementor-open-lightbox=\"yes\" data-elementor-lightbox-slideshow=\"925ac12\" data-elementor-lightbox-title=\"IMG_5388\" data-e-action-hash=\"#elementor-action%3Aaction%3Dlightbox%26settings%3DeyJpZCI6MjAzNTgsInVybCI6Imh0dHBzOlwvXC9hYmJtLmF0YXVuaS5lZHUudHJcL3dwLWNvbnRlbnRcL3VwbG9hZHNcLzIwMjNcLzEyXC9JTUdfNTM4OC5qcGciLCJzbGlkZXNob3ciOiI5MjVhYzEyIn0%3D\" href='https:\/\/abbm.atauni.edu.tr\/wp-content\/uploads\/2023\/12\/IMG_5388.jpg'><img loading=\"lazy\" decoding=\"async\" width=\"1500\" height=\"1125\" src=\"https:\/\/abbm.atauni.edu.tr\/wp-content\/uploads\/2023\/12\/IMG_5388.jpg\" class=\"attachment-full size-full\" alt=\"\" srcset=\"https:\/\/abbm.atauni.edu.tr\/wp-content\/uploads\/2023\/12\/IMG_5388.jpg 1500w, https:\/\/abbm.atauni.edu.tr\/wp-content\/uploads\/2023\/12\/IMG_5388-300x225.jpg 300w, https:\/\/abbm.atauni.edu.tr\/wp-content\/uploads\/2023\/12\/IMG_5388-1024x768.jpg 1024w, https:\/\/abbm.atauni.edu.tr\/wp-content\/uploads\/2023\/12\/IMG_5388-768x576.jpg 768w, https:\/\/abbm.atauni.edu.tr\/wp-content\/uploads\/2023\/12\/IMG_5388-16x12.jpg 16w, https:\/\/abbm.atauni.edu.tr\/wp-content\/uploads\/2023\/12\/IMG_5388-370x278.jpg 370w, https:\/\/abbm.atauni.edu.tr\/wp-content\/uploads\/2023\/12\/IMG_5388-840x630.jpg 840w, https:\/\/abbm.atauni.edu.tr\/wp-content\/uploads\/2023\/12\/IMG_5388-410x308.jpg 410w, https:\/\/abbm.atauni.edu.tr\/wp-content\/uploads\/2023\/12\/IMG_5388-600x450.jpg 600w\" sizes=\"(max-width: 1500px) 100vw, 1500px\" \/><\/a>\n\t\t\t<\/div><\/figure><figure class='gallery-item'>\n\t\t\t<div class='gallery-icon landscape'>\n\t\t\t\t<a data-elementor-open-lightbox=\"yes\" data-elementor-lightbox-slideshow=\"925ac12\" data-elementor-lightbox-title=\"IMG_4347\" data-e-action-hash=\"#elementor-action%3Aaction%3Dlightbox%26settings%3DeyJpZCI6MjAzNTksInVybCI6Imh0dHBzOlwvXC9hYmJtLmF0YXVuaS5lZHUudHJcL3dwLWNvbnRlbnRcL3VwbG9hZHNcLzIwMjNcLzEyXC9JTUdfNDM0Ny5qcGciLCJzbGlkZXNob3ciOiI5MjVhYzEyIn0%3D\" href='https:\/\/abbm.atauni.edu.tr\/wp-content\/uploads\/2023\/12\/IMG_4347.jpg'><img loading=\"lazy\" decoding=\"async\" width=\"1500\" height=\"1125\" src=\"https:\/\/abbm.atauni.edu.tr\/wp-content\/uploads\/2023\/12\/IMG_4347.jpg\" class=\"attachment-full size-full\" alt=\"\" srcset=\"https:\/\/abbm.atauni.edu.tr\/wp-content\/uploads\/2023\/12\/IMG_4347.jpg 1500w, https:\/\/abbm.atauni.edu.tr\/wp-content\/uploads\/2023\/12\/IMG_4347-300x225.jpg 300w, https:\/\/abbm.atauni.edu.tr\/wp-content\/uploads\/2023\/12\/IMG_4347-1024x768.jpg 1024w, https:\/\/abbm.atauni.edu.tr\/wp-content\/uploads\/2023\/12\/IMG_4347-768x576.jpg 768w, https:\/\/abbm.atauni.edu.tr\/wp-content\/uploads\/2023\/12\/IMG_4347-16x12.jpg 16w, https:\/\/abbm.atauni.edu.tr\/wp-content\/uploads\/2023\/12\/IMG_4347-370x278.jpg 370w, https:\/\/abbm.atauni.edu.tr\/wp-content\/uploads\/2023\/12\/IMG_4347-840x630.jpg 840w, https:\/\/abbm.atauni.edu.tr\/wp-content\/uploads\/2023\/12\/IMG_4347-410x308.jpg 410w, https:\/\/abbm.atauni.edu.tr\/wp-content\/uploads\/2023\/12\/IMG_4347-600x450.jpg 600w\" sizes=\"(max-width: 1500px) 100vw, 1500px\" \/><\/a>\n\t\t\t<\/div><\/figure><figure class='gallery-item'>\n\t\t\t<div class='gallery-icon landscape'>\n\t\t\t\t<a data-elementor-open-lightbox=\"yes\" data-elementor-lightbox-slideshow=\"925ac12\" data-elementor-lightbox-title=\"IMG_3360\" data-e-action-hash=\"#elementor-action%3Aaction%3Dlightbox%26settings%3DeyJpZCI6MjAzNjAsInVybCI6Imh0dHBzOlwvXC9hYmJtLmF0YXVuaS5lZHUudHJcL3dwLWNvbnRlbnRcL3VwbG9hZHNcLzIwMjNcLzEyXC9JTUdfMzM2MC5qcGciLCJzbGlkZXNob3ciOiI5MjVhYzEyIn0%3D\" href='https:\/\/abbm.atauni.edu.tr\/wp-content\/uploads\/2023\/12\/IMG_3360.jpg'><img loading=\"lazy\" decoding=\"async\" width=\"1500\" height=\"1125\" src=\"https:\/\/abbm.atauni.edu.tr\/wp-content\/uploads\/2023\/12\/IMG_3360.jpg\" class=\"attachment-full size-full\" alt=\"\" srcset=\"https:\/\/abbm.atauni.edu.tr\/wp-content\/uploads\/2023\/12\/IMG_3360.jpg 1500w, https:\/\/abbm.atauni.edu.tr\/wp-content\/uploads\/2023\/12\/IMG_3360-300x225.jpg 300w, https:\/\/abbm.atauni.edu.tr\/wp-content\/uploads\/2023\/12\/IMG_3360-1024x768.jpg 1024w, https:\/\/abbm.atauni.edu.tr\/wp-content\/uploads\/2023\/12\/IMG_3360-768x576.jpg 768w, https:\/\/abbm.atauni.edu.tr\/wp-content\/uploads\/2023\/12\/IMG_3360-16x12.jpg 16w, https:\/\/abbm.atauni.edu.tr\/wp-content\/uploads\/2023\/12\/IMG_3360-370x278.jpg 370w, https:\/\/abbm.atauni.edu.tr\/wp-content\/uploads\/2023\/12\/IMG_3360-840x630.jpg 840w, https:\/\/abbm.atauni.edu.tr\/wp-content\/uploads\/2023\/12\/IMG_3360-410x308.jpg 410w, https:\/\/abbm.atauni.edu.tr\/wp-content\/uploads\/2023\/12\/IMG_3360-600x450.jpg 600w\" sizes=\"(max-width: 1500px) 100vw, 1500px\" \/><\/a>\n\t\t\t<\/div><\/figure><figure class='gallery-item'>\n\t\t\t<div class='gallery-icon landscape'>\n\t\t\t\t<a data-elementor-open-lightbox=\"yes\" data-elementor-lightbox-slideshow=\"925ac12\" data-elementor-lightbox-title=\"IMG_3357\" data-e-action-hash=\"#elementor-action%3Aaction%3Dlightbox%26settings%3DeyJpZCI6MjAzNjEsInVybCI6Imh0dHBzOlwvXC9hYmJtLmF0YXVuaS5lZHUudHJcL3dwLWNvbnRlbnRcL3VwbG9hZHNcLzIwMjNcLzEyXC9JTUdfMzM1Ny5qcGciLCJzbGlkZXNob3ciOiI5MjVhYzEyIn0%3D\" href='https:\/\/abbm.atauni.edu.tr\/wp-content\/uploads\/2023\/12\/IMG_3357.jpg'><img loading=\"lazy\" decoding=\"async\" width=\"1500\" height=\"1125\" src=\"https:\/\/abbm.atauni.edu.tr\/wp-content\/uploads\/2023\/12\/IMG_3357.jpg\" class=\"attachment-full size-full\" alt=\"\" srcset=\"https:\/\/abbm.atauni.edu.tr\/wp-content\/uploads\/2023\/12\/IMG_3357.jpg 1500w, https:\/\/abbm.atauni.edu.tr\/wp-content\/uploads\/2023\/12\/IMG_3357-300x225.jpg 300w, https:\/\/abbm.atauni.edu.tr\/wp-content\/uploads\/2023\/12\/IMG_3357-1024x768.jpg 1024w, https:\/\/abbm.atauni.edu.tr\/wp-content\/uploads\/2023\/12\/IMG_3357-768x576.jpg 768w, https:\/\/abbm.atauni.edu.tr\/wp-content\/uploads\/2023\/12\/IMG_3357-16x12.jpg 16w, https:\/\/abbm.atauni.edu.tr\/wp-content\/uploads\/2023\/12\/IMG_3357-370x278.jpg 370w, https:\/\/abbm.atauni.edu.tr\/wp-content\/uploads\/2023\/12\/IMG_3357-840x630.jpg 840w, https:\/\/abbm.atauni.edu.tr\/wp-content\/uploads\/2023\/12\/IMG_3357-410x308.jpg 410w, https:\/\/abbm.atauni.edu.tr\/wp-content\/uploads\/2023\/12\/IMG_3357-600x450.jpg 600w\" sizes=\"(max-width: 1500px) 100vw, 1500px\" \/><\/a>\n\t\t\t<\/div><\/figure><figure class='gallery-item'>\n\t\t\t<div class='gallery-icon landscape'>\n\t\t\t\t<a data-elementor-open-lightbox=\"yes\" data-elementor-lightbox-slideshow=\"925ac12\" data-elementor-lightbox-title=\"IMG_3312\" data-e-action-hash=\"#elementor-action%3Aaction%3Dlightbox%26settings%3DeyJpZCI6MjAzNjIsInVybCI6Imh0dHBzOlwvXC9hYmJtLmF0YXVuaS5lZHUudHJcL3dwLWNvbnRlbnRcL3VwbG9hZHNcLzIwMjNcLzEyXC9JTUdfMzMxMi5qcGciLCJzbGlkZXNob3ciOiI5MjVhYzEyIn0%3D\" href='https:\/\/abbm.atauni.edu.tr\/wp-content\/uploads\/2023\/12\/IMG_3312.jpg'><img loading=\"lazy\" decoding=\"async\" width=\"1500\" height=\"1125\" src=\"https:\/\/abbm.atauni.edu.tr\/wp-content\/uploads\/2023\/12\/IMG_3312.jpg\" class=\"attachment-full size-full\" alt=\"\" srcset=\"https:\/\/abbm.atauni.edu.tr\/wp-content\/uploads\/2023\/12\/IMG_3312.jpg 1500w, https:\/\/abbm.atauni.edu.tr\/wp-content\/uploads\/2023\/12\/IMG_3312-300x225.jpg 300w, https:\/\/abbm.atauni.edu.tr\/wp-content\/uploads\/2023\/12\/IMG_3312-1024x768.jpg 1024w, https:\/\/abbm.atauni.edu.tr\/wp-content\/uploads\/2023\/12\/IMG_3312-768x576.jpg 768w, https:\/\/abbm.atauni.edu.tr\/wp-content\/uploads\/2023\/12\/IMG_3312-16x12.jpg 16w, https:\/\/abbm.atauni.edu.tr\/wp-content\/uploads\/2023\/12\/IMG_3312-370x278.jpg 370w, https:\/\/abbm.atauni.edu.tr\/wp-content\/uploads\/2023\/12\/IMG_3312-840x630.jpg 840w, https:\/\/abbm.atauni.edu.tr\/wp-content\/uploads\/2023\/12\/IMG_3312-410x308.jpg 410w, https:\/\/abbm.atauni.edu.tr\/wp-content\/uploads\/2023\/12\/IMG_3312-600x450.jpg 600w\" sizes=\"(max-width: 1500px) 100vw, 1500px\" \/><\/a>\n\t\t\t<\/div><\/figure><figure class='gallery-item'>\n\t\t\t<div class='gallery-icon landscape'>\n\t\t\t\t<a data-elementor-open-lightbox=\"yes\" data-elementor-lightbox-slideshow=\"925ac12\" data-elementor-lightbox-title=\"IMG_3303\" data-e-action-hash=\"#elementor-action%3Aaction%3Dlightbox%26settings%3DeyJpZCI6MjAzNjMsInVybCI6Imh0dHBzOlwvXC9hYmJtLmF0YXVuaS5lZHUudHJcL3dwLWNvbnRlbnRcL3VwbG9hZHNcLzIwMjNcLzEyXC9JTUdfMzMwMy5qcGciLCJzbGlkZXNob3ciOiI5MjVhYzEyIn0%3D\" href='https:\/\/abbm.atauni.edu.tr\/wp-content\/uploads\/2023\/12\/IMG_3303.jpg'><img loading=\"lazy\" decoding=\"async\" width=\"1500\" height=\"1125\" src=\"https:\/\/abbm.atauni.edu.tr\/wp-content\/uploads\/2023\/12\/IMG_3303.jpg\" class=\"attachment-full size-full\" alt=\"\" srcset=\"https:\/\/abbm.atauni.edu.tr\/wp-content\/uploads\/2023\/12\/IMG_3303.jpg 1500w, https:\/\/abbm.atauni.edu.tr\/wp-content\/uploads\/2023\/12\/IMG_3303-300x225.jpg 300w, https:\/\/abbm.atauni.edu.tr\/wp-content\/uploads\/2023\/12\/IMG_3303-1024x768.jpg 1024w, https:\/\/abbm.atauni.edu.tr\/wp-content\/uploads\/2023\/12\/IMG_3303-768x576.jpg 768w, https:\/\/abbm.atauni.edu.tr\/wp-content\/uploads\/2023\/12\/IMG_3303-16x12.jpg 16w, https:\/\/abbm.atauni.edu.tr\/wp-content\/uploads\/2023\/12\/IMG_3303-370x278.jpg 370w, https:\/\/abbm.atauni.edu.tr\/wp-content\/uploads\/2023\/12\/IMG_3303-840x630.jpg 840w, https:\/\/abbm.atauni.edu.tr\/wp-content\/uploads\/2023\/12\/IMG_3303-410x308.jpg 410w, https:\/\/abbm.atauni.edu.tr\/wp-content\/uploads\/2023\/12\/IMG_3303-600x450.jpg 600w\" sizes=\"(max-width: 1500px) 100vw, 1500px\" \/><\/a>\n\t\t\t<\/div><\/figure><figure class='gallery-item'>\n\t\t\t<div class='gallery-icon landscape'>\n\t\t\t\t<a data-elementor-open-lightbox=\"yes\" data-elementor-lightbox-slideshow=\"925ac12\" data-elementor-lightbox-title=\"IMG20220307164338\" data-e-action-hash=\"#elementor-action%3Aaction%3Dlightbox%26settings%3DeyJpZCI6MjAzNjQsInVybCI6Imh0dHBzOlwvXC9hYmJtLmF0YXVuaS5lZHUudHJcL3dwLWNvbnRlbnRcL3VwbG9hZHNcLzIwMjNcLzEyXC9JTUcyMDIyMDMwNzE2NDMzOC5qcGciLCJzbGlkZXNob3ciOiI5MjVhYzEyIn0%3D\" href='https:\/\/abbm.atauni.edu.tr\/wp-content\/uploads\/2023\/12\/IMG20220307164338.jpg'><img loading=\"lazy\" decoding=\"async\" width=\"1500\" height=\"1125\" src=\"https:\/\/abbm.atauni.edu.tr\/wp-content\/uploads\/2023\/12\/IMG20220307164338.jpg\" class=\"attachment-full size-full\" alt=\"\" srcset=\"https:\/\/abbm.atauni.edu.tr\/wp-content\/uploads\/2023\/12\/IMG20220307164338.jpg 1500w, https:\/\/abbm.atauni.edu.tr\/wp-content\/uploads\/2023\/12\/IMG20220307164338-300x225.jpg 300w, https:\/\/abbm.atauni.edu.tr\/wp-content\/uploads\/2023\/12\/IMG20220307164338-1024x768.jpg 1024w, https:\/\/abbm.atauni.edu.tr\/wp-content\/uploads\/2023\/12\/IMG20220307164338-768x576.jpg 768w, https:\/\/abbm.atauni.edu.tr\/wp-content\/uploads\/2023\/12\/IMG20220307164338-16x12.jpg 16w, https:\/\/abbm.atauni.edu.tr\/wp-content\/uploads\/2023\/12\/IMG20220307164338-370x278.jpg 370w, https:\/\/abbm.atauni.edu.tr\/wp-content\/uploads\/2023\/12\/IMG20220307164338-840x630.jpg 840w, https:\/\/abbm.atauni.edu.tr\/wp-content\/uploads\/2023\/12\/IMG20220307164338-410x308.jpg 410w, https:\/\/abbm.atauni.edu.tr\/wp-content\/uploads\/2023\/12\/IMG20220307164338-600x450.jpg 600w\" sizes=\"(max-width: 1500px) 100vw, 1500px\" \/><\/a>\n\t\t\t<\/div><\/figure><figure class='gallery-item'>\n\t\t\t<div class='gallery-icon portrait'>\n\t\t\t\t<a data-elementor-open-lightbox=\"yes\" data-elementor-lightbox-slideshow=\"925ac12\" data-elementor-lightbox-title=\"MJ-2\" data-e-action-hash=\"#elementor-action%3Aaction%3Dlightbox%26settings%3DeyJpZCI6MjA2MzQsInVybCI6Imh0dHBzOlwvXC9hYmJtLmF0YXVuaS5lZHUudHJcL3dwLWNvbnRlbnRcL3VwbG9hZHNcLzIwMjNcLzEyXC9NSi0yLmpwZyIsInNsaWRlc2hvdyI6IjkyNWFjMTIifQ%3D%3D\" href='https:\/\/abbm.atauni.edu.tr\/wp-content\/uploads\/2023\/12\/MJ-2.jpg'><img loading=\"lazy\" decoding=\"async\" width=\"1432\" height=\"1500\" src=\"https:\/\/abbm.atauni.edu.tr\/wp-content\/uploads\/2023\/12\/MJ-2.jpg\" class=\"attachment-full size-full\" alt=\"\" srcset=\"https:\/\/abbm.atauni.edu.tr\/wp-content\/uploads\/2023\/12\/MJ-2.jpg 1432w, https:\/\/abbm.atauni.edu.tr\/wp-content\/uploads\/2023\/12\/MJ-2-286x300.jpg 286w, https:\/\/abbm.atauni.edu.tr\/wp-content\/uploads\/2023\/12\/MJ-2-978x1024.jpg 978w, https:\/\/abbm.atauni.edu.tr\/wp-content\/uploads\/2023\/12\/MJ-2-768x804.jpg 768w, https:\/\/abbm.atauni.edu.tr\/wp-content\/uploads\/2023\/12\/MJ-2-11x12.jpg 11w, https:\/\/abbm.atauni.edu.tr\/wp-content\/uploads\/2023\/12\/MJ-2-370x388.jpg 370w, https:\/\/abbm.atauni.edu.tr\/wp-content\/uploads\/2023\/12\/MJ-2-840x880.jpg 840w, https:\/\/abbm.atauni.edu.tr\/wp-content\/uploads\/2023\/12\/MJ-2-410x429.jpg 410w, https:\/\/abbm.atauni.edu.tr\/wp-content\/uploads\/2023\/12\/MJ-2-600x628.jpg 600w\" sizes=\"(max-width: 1432px) 100vw, 1432px\" \/><\/a>\n\t\t\t<\/div><\/figure><figure class='gallery-item'>\n\t\t\t<div class='gallery-icon landscape'>\n\t\t\t\t<a data-elementor-open-lightbox=\"yes\" data-elementor-lightbox-slideshow=\"925ac12\" data-elementor-lightbox-title=\"MJ-1\" data-e-action-hash=\"#elementor-action%3Aaction%3Dlightbox%26settings%3DeyJpZCI6MjA2MzUsInVybCI6Imh0dHBzOlwvXC9hYmJtLmF0YXVuaS5lZHUudHJcL3dwLWNvbnRlbnRcL3VwbG9hZHNcLzIwMjNcLzEyXC9NSi0xLmpwZyIsInNsaWRlc2hvdyI6IjkyNWFjMTIifQ%3D%3D\" href='https:\/\/abbm.atauni.edu.tr\/wp-content\/uploads\/2023\/12\/MJ-1.jpg'><img loading=\"lazy\" decoding=\"async\" width=\"1500\" height=\"1285\" src=\"https:\/\/abbm.atauni.edu.tr\/wp-content\/uploads\/2023\/12\/MJ-1.jpg\" class=\"attachment-full size-full\" alt=\"\" srcset=\"https:\/\/abbm.atauni.edu.tr\/wp-content\/uploads\/2023\/12\/MJ-1.jpg 1500w, https:\/\/abbm.atauni.edu.tr\/wp-content\/uploads\/2023\/12\/MJ-1-300x257.jpg 300w, https:\/\/abbm.atauni.edu.tr\/wp-content\/uploads\/2023\/12\/MJ-1-1024x877.jpg 1024w, https:\/\/abbm.atauni.edu.tr\/wp-content\/uploads\/2023\/12\/MJ-1-768x658.jpg 768w, https:\/\/abbm.atauni.edu.tr\/wp-content\/uploads\/2023\/12\/MJ-1-14x12.jpg 14w, https:\/\/abbm.atauni.edu.tr\/wp-content\/uploads\/2023\/12\/MJ-1-370x317.jpg 370w, https:\/\/abbm.atauni.edu.tr\/wp-content\/uploads\/2023\/12\/MJ-1-840x720.jpg 840w, https:\/\/abbm.atauni.edu.tr\/wp-content\/uploads\/2023\/12\/MJ-1-410x351.jpg 410w, https:\/\/abbm.atauni.edu.tr\/wp-content\/uploads\/2023\/12\/MJ-1-600x514.jpg 600w\" sizes=\"(max-width: 1500px) 100vw, 1500px\" \/><\/a>\n\t\t\t<\/div><\/figure>\n\t\t<\/div>\n\t\t<\/div>\n\t\t\t\t<\/div>\n\t\t\t\t<\/div>\n\t\t\t\t\t<\/div>\n\t\t<\/div>\n\t\t\t\t\t<\/div>\n\t\t<\/section>\n\t\t\t\t<\/div>","protected":false},"excerpt":{"rendered":"<p>Proje fikri \u00fczerinde ilk m\u00fczeoloji \u00e7al\u0131\u015fmas\u0131 M\u00fcze Sergi \u0130\u015fleri y\u00f6neticisi ve k\u00fcrat\u00f6r\u00fc Deniz Ko\u00e7 \u00c7eliker ve ekibinin model m\u00fcze MUSE \u2013 Museo delle Scienze, Trento, \u0130talya\u2019da detayl\u0131 teknik incelemelerde bulunmas\u0131&hellip;<\/p>","protected":false},"author":1,"featured_media":0,"parent":0,"menu_order":0,"comment_status":"closed","ping_status":"closed","template":"","meta":{"rank_math_lock_modified_date":false,"footnotes":""},"class_list":["post-20353","page","type-page","status-publish","hentry"],"_links":{"self":[{"href":"https:\/\/abbm.atauni.edu.tr\/en\/wp-json\/wp\/v2\/pages\/20353","targetHints":{"allow":["GET"]}}],"collection":[{"href":"https:\/\/abbm.atauni.edu.tr\/en\/wp-json\/wp\/v2\/pages"}],"about":[{"href":"https:\/\/abbm.atauni.edu.tr\/en\/wp-json\/wp\/v2\/types\/page"}],"author":[{"embeddable":true,"href":"https:\/\/abbm.atauni.edu.tr\/en\/wp-json\/wp\/v2\/users\/1"}],"replies":[{"embeddable":true,"href":"https:\/\/abbm.atauni.edu.tr\/en\/wp-json\/wp\/v2\/comments?post=20353"}],"version-history":[{"count":13,"href":"https:\/\/abbm.atauni.edu.tr\/en\/wp-json\/wp\/v2\/pages\/20353\/revisions"}],"predecessor-version":[{"id":20831,"href":"https:\/\/abbm.atauni.edu.tr\/en\/wp-json\/wp\/v2\/pages\/20353\/revisions\/20831"}],"wp:attachment":[{"href":"https:\/\/abbm.atauni.edu.tr\/en\/wp-json\/wp\/v2\/media?parent=20353"}],"curies":[{"name":"wp","href":"https:\/\/api.w.org\/{rel}","templated":true}]}}