{"id":3738,"date":"2021-05-05T12:04:13","date_gmt":"2021-05-05T12:04:13","guid":{"rendered":"https:\/\/abbm.atauni.edu.tr\/?page_id=3738"},"modified":"2023-11-28T16:44:45","modified_gmt":"2023-11-28T13:44:45","slug":"misyon-ve-hedefler","status":"publish","type":"page","link":"https:\/\/abbm.atauni.edu.tr\/en\/misyon-ve-hedefler\/","title":{"rendered":"Mission and Goals"},"content":{"rendered":"<div data-elementor-type=\"wp-page\" data-elementor-id=\"3738\" class=\"elementor elementor-3738\">\n\t\t\t\t\t\t<section class=\"elementor-section elementor-top-section elementor-element elementor-element-49686de elementor-section-height-min-height elementor-section-content-top elementor-section-items-top elementor-section-boxed elementor-section-height-default sc_fly_static\" data-id=\"49686de\" data-element_type=\"section\">\n\t\t\t\t\t\t<div class=\"elementor-container elementor-column-gap-extended\">\n\t\t\t\t\t<div class=\"elementor-column elementor-col-100 elementor-top-column elementor-element elementor-element-f1dbf11 sc_layouts_column_align_center sc_layouts_column sc_inner_width_none sc_content_align_inherit sc_layouts_column_icons_position_left sc_fly_static\" data-id=\"f1dbf11\" data-element_type=\"column\">\n\t\t\t<div class=\"elementor-widget-wrap elementor-element-populated\">\n\t\t\t\t\t\t<div class=\"elementor-element elementor-element-b5f1be0 elementor-view-default sc_fly_static elementor-widget elementor-widget-icon\" data-id=\"b5f1be0\" data-element_type=\"widget\" data-widget_type=\"icon.default\">\n\t\t\t\t<div class=\"elementor-widget-container\">\n\t\t\t\t\t<div class=\"elementor-icon-wrapper\">\n\t\t\t<a class=\"elementor-icon\" href=\"#anchor\">\n\t\t\t<svg xmlns=\"http:\/\/www.w3.org\/2000\/svg\" width=\"14.626\" height=\"8.639\" viewbox=\"0 0 14.626 8.639\"><g id=\"down-arrow\" transform=\"translate(0 -70.698)\"><g id=\"Group_8820\" data-name=\"Group 8820\" transform=\"translate(0 100.698)\"><path id=\"Path_6507\" data-name=\"Path 6507\" d=\"M14.392,101.42l-.479-.482a.8.8,0,0,0-1.132,0L7.316,106.4l-5.472-5.472a.8.8,0,0,0-1.132,0l-.479.479a.8.8,0,0,0,0,1.131l6.515,6.538a.818.818,0,0,0,.567.257h0a.818.818,0,0,0,.566-.257l6.508-6.52a.808.808,0,0,0,.234-.571A.8.8,0,0,0,14.392,101.42Z\" transform=\"translate(0 -130.698)\"><\/path><\/g><\/g><\/svg>\t\t\t<\/a>\n\t\t<\/div>\n\t\t\t\t<\/div>\n\t\t\t\t<\/div>\n\t\t\t\t\t<\/div>\n\t\t<\/div>\n\t\t\t\t\t<\/div>\n\t\t<\/section>\n\t\t\t\t<section class=\"elementor-section elementor-top-section elementor-element elementor-element-e7a4fea elementor-section-boxed elementor-section-height-default elementor-section-height-default sc_fly_static\" data-id=\"e7a4fea\" data-element_type=\"section\">\n\t\t\t\t\t\t<div class=\"elementor-container elementor-column-gap-extended\">\n\t\t\t\t\t<div class=\"elementor-column elementor-col-100 elementor-top-column elementor-element elementor-element-7483bcb sc_inner_width_none sc_content_align_inherit sc_layouts_column_icons_position_left sc_fly_static\" data-id=\"7483bcb\" data-element_type=\"column\">\n\t\t\t<div class=\"elementor-widget-wrap elementor-element-populated\">\n\t\t\t\t\t\t<div class=\"elementor-element elementor-element-7acd39d sc_fly_static elementor-widget elementor-widget-mdp-timeliner-elementor\" data-id=\"7acd39d\" data-element_type=\"widget\" data-widget_type=\"mdp-timeliner-elementor.default\">\n\t\t\t\t<div class=\"elementor-widget-container\">\n\t\t\t\n        <!-- Start Timeliner WordPress Plugin -->\n\n        <div id=\"mdp-timeline-7acd39d\" class=\"timeline mdp-timeline-7acd39d\">\n            <div class=\"timeline__wrap\">\n                <div class=\"timeline__items\">\n                    \n       <div class=\"timeline__item\">\n            <div class=\"timeline__content\">\n                        <p class=\"mdp-timeliner-description\">\n            <span><\/span>\n            To provide scientific contribution in taxonomic terms at regional and national levels in order to realize the missions of urgent action to protect biodiversity, ecosystems and endangered species in line with the United Nations&#039; &quot;Sustainable Development Goals&quot;, National Biodiversity Goals and &quot;Green Deal&quot; targets,            <span><\/span>\n        <\/p>\n              <\/div>\n       <\/div>\n\n    \n       <div class=\"timeline__item\">\n            <div class=\"timeline__content\">\n                        <p class=\"mdp-timeliner-description\">\n            <span><\/span>\n            To conduct joint research with national and international scientists on the detection, taxonomic identification, protection, promotion and sustainability of species that are elements of T\u00fcrkiye's biodiversity,            <span><\/span>\n        <\/p>\n              <\/div>\n       <\/div>\n\n    \n       <div class=\"timeline__item\">\n            <div class=\"timeline__content\">\n                        <p class=\"mdp-timeliner-description\">\n            <span><\/span>\n            To contribute at the regional level to the development of scientific collections for the creation, classification, taxonomic identification, protection and transfer of T\u00fcrkiye's national biodiversity collection to future generations,            <span><\/span>\n        <\/p>\n              <\/div>\n       <\/div>\n\n    \n       <div class=\"timeline__item\">\n            <div class=\"timeline__content\">\n                        <p class=\"mdp-timeliner-description\">\n            <span><\/span>\n            To develop strategies to overcome the lack of taxonomic capacity in species identification, to train scientists qualified as taxonomists, to establish cooperation with taxonomists at national and international levels,            <span><\/span>\n        <\/p>\n              <\/div>\n       <\/div>\n\n    \n       <div class=\"timeline__item\">\n            <div class=\"timeline__content\">\n                        <p class=\"mdp-timeliner-description\">\n            <span><\/span>\n            To organize education and social formations for young researchers to know, love, discover and protect nature and living things by ensuring that science and society meet on biodiversity,            <span><\/span>\n        <\/p>\n              <\/div>\n       <\/div>\n\n                    <\/div>\n            <\/div>\n        <\/div>\n\n        <script>\n                        jQuery( window ).on( 'elementor\/frontend\/init', function() {\n            \n            window.MDPTimeliner_7acd39d = function () {\n                                jQuery('#mdp-timeline-7acd39d').timeline({\n                    verticalStartPosition: 'left',\n                    verticalTrigger: '100px'\n                } );\n                \n                            }\n\n            window.MDPTimeliner_7acd39d();\n\n                        } );\n                    <\/script>\n\n        <!-- End Timeliner WordPress Plugin -->\n\n\t    \t\t<\/div>\n\t\t\t\t<\/div>\n\t\t\t\t\t<\/div>\n\t\t<\/div>\n\t\t\t\t\t<\/div>\n\t\t<\/section>\n\t\t\t\t<\/div>","protected":false},"excerpt":{"rendered":"<p>Birle\u015fmi\u015f Milletler\u2019in \u201cS\u00fcrd\u00fcr\u00fclebilir Kalk\u0131nma Hedefleri\u201d, Ulusal Biyo\u00e7e\u015fitlilik Hedefleri ve \u201cYe\u015fil Mutabakat\u201d hedefleri do\u011frultusunda biyo\u00e7e\u015fitlili\u011fin, ekosistemlerin ve nesli tehlikede olan t\u00fcrlerin korunmas\u0131 i\u00e7in acil eyleme ge\u00e7ilmesi gereklili\u011fi misyonlar\u0131n\u0131 ger\u00e7ekle\u015ftirmek i\u00e7in b\u00f6lgesel&hellip;<\/p>","protected":false},"author":1,"featured_media":0,"parent":0,"menu_order":0,"comment_status":"closed","ping_status":"closed","template":"","meta":{"rank_math_lock_modified_date":false,"footnotes":""},"class_list":["post-3738","page","type-page","status-publish","hentry"],"_links":{"self":[{"href":"https:\/\/abbm.atauni.edu.tr\/en\/wp-json\/wp\/v2\/pages\/3738","targetHints":{"allow":["GET"]}}],"collection":[{"href":"https:\/\/abbm.atauni.edu.tr\/en\/wp-json\/wp\/v2\/pages"}],"about":[{"href":"https:\/\/abbm.atauni.edu.tr\/en\/wp-json\/wp\/v2\/types\/page"}],"author":[{"embeddable":true,"href":"https:\/\/abbm.atauni.edu.tr\/en\/wp-json\/wp\/v2\/users\/1"}],"replies":[{"embeddable":true,"href":"https:\/\/abbm.atauni.edu.tr\/en\/wp-json\/wp\/v2\/comments?post=3738"}],"version-history":[{"count":46,"href":"https:\/\/abbm.atauni.edu.tr\/en\/wp-json\/wp\/v2\/pages\/3738\/revisions"}],"predecessor-version":[{"id":19176,"href":"https:\/\/abbm.atauni.edu.tr\/en\/wp-json\/wp\/v2\/pages\/3738\/revisions\/19176"}],"wp:attachment":[{"href":"https:\/\/abbm.atauni.edu.tr\/en\/wp-json\/wp\/v2\/media?parent=3738"}],"curies":[{"name":"wp","href":"https:\/\/api.w.org\/{rel}","templated":true}]}}